{"id":3609,"date":"2020-03-10T09:33:56","date_gmt":"2020-03-10T07:33:56","guid":{"rendered":"https:\/\/lila-spirit.ro\/wp\/?page_id=3609"},"modified":"2020-03-10T09:34:43","modified_gmt":"2020-03-10T07:34:43","slug":"%ef%bb%bfnivelul-de-constiinta-in-vremea-coronavirusului","status":"publish","type":"page","link":"https:\/\/lila-spirit.ro\/wp\/?page_id=3609","title":{"rendered":"\ufeffNivelul de con\u0219tiin\u021b\u0103 \u00een vremea coronavirusului\u2026"},"content":{"rendered":"\n<p><strong>Nivelul de con\u0219tiin\u021b\u0103 \u00een\nvremea coronavirusului\u2026<\/strong><\/p>\n\n\n\n<ul><li>Putem vorbi, c\u00e2te ceva, despre epidemia din luna asta, oare cum am putea gestiona, altfel, lucrurile?!<\/li><\/ul>\n\n\n\n<p>&#8211; Vorbim, noi, mereu, despre niveluri de con\u0219tiin\u021b\u0103: par doar cuvinte, legate de ceva numit \u201cspiritual\u201d. Nu le prea b\u0103g\u0103m \u00een seam\u0103 \u2013 pentru c\u0103 nu le prea \u00een\u021belegem \u0219i nici nu ne prea intereseaz\u0103. De ce? Tocmai pentru c\u0103, fiind prin\u0219i \u00een respectivul nivel de con\u021biin\u021b\u0103, scufunda\u021bi, complet, \u00een el, nu putem vedea nimic situat \u201cmai sus\u201d dec\u00e2t acesta. \u201cMai sus\u201d \u2013 ca nivel de rafinament, desigur. Ne lipse\u0219te, cu des\u0103v\u00e2r\u0219ire, perspectiva: \u201cnu exist\u0103 dec\u00e2t ceea ce v\u0103d eu\u201d.<\/p>\n\n\n\n<p>&nbsp;&nbsp;&nbsp;&nbsp;&nbsp;&nbsp;&nbsp;&nbsp;&nbsp; A\u0219a c\u0103, iat\u0103, un exemplu mare, clar, vizibil,\nal vie\u021bii de zi cu zi. Pentru c\u0103 exemplele mititele sunt complet invizibile, \u00eenglobate,\nfiind, complet, \u00een acel nivel de con\u0219tiin\u021b\u0103: care, s\u0103 nu uit\u0103m, reprezint\u0103 o\nstare energetic\u0103 global\u0103, comportamental\u0103, mental-emo\u021bional-egotic\u0103, personal\u0103,\ndar \u0219i social\u0103-\u201ccultural\u0103\u201d. Un status interior complex, personal, sau colectiv.<\/p>\n\n\n\n<p>&nbsp;&nbsp;&nbsp;&nbsp;&nbsp;&nbsp;&nbsp;&nbsp;&nbsp; Avem nevoie de exemple mari, poate ne\ntrezim&#8230; Exemple mici avem la tot pasul: dar, ignor\u00e2ndu-le, perpetu\u0103m \u0219i\nconsolid\u0103m exact respectiva stare de con\u0219tiin\u021b\u0103, care va genera, mai departe,\nsitua\u021bii din ce \u00een ce mai pregnante: se cheam\u0103&#8230; karm\u0103, adic\u0103 \u00een\u0219iruiri se\ncauze-efecte.<\/p>\n\n\n\n<p>&nbsp;&nbsp;&nbsp;&nbsp;&nbsp;&nbsp;&nbsp;&nbsp;&nbsp; Un virus, e adev\u0103rat \u2013 ceva mai \u201cr\u0103sp\u00e2ndac\u201d\n\u0219i mai agresiv, traverseaz\u0103, \u00een valuri, planeta. Gener\u00e2nd panic\u0103, ora\u0219e pustii,\nmagazine devastate, oameni-zombi masca\u021bi, ferindu-se, unii de al\u021bii, pe la\ncol\u021buri. Apocalipsa isteriei globale.<\/p>\n\n\n\n<p>&nbsp;&nbsp;&nbsp;&nbsp;&nbsp;&nbsp;&nbsp;&nbsp;&nbsp; Nivelul de con\u0219tiin\u021b\u0103 este foarte\nvizibil: al fricii, al hiper-protec\u021biei, al separ\u0103rii. Iat\u0103, chakrele\ninferioare, \u00een plin\u0103 desf\u0103\u0219urare de for\u021be. Omul primitiv, lupt\u00e2ndu-se cu \u201cfor\u021be\ninvizibile\u201d, dar \u0219i cu ceilal\u021bi, care \u00eei pun \u00een pericol \u201cs\u0103n\u0103tatea lui\u201d, \u201cvia\u021ba\nlui\u201d. Un chinez, b\u0103tut cu agresivitate, doar pentru c\u0103 este chinez.\nNa\u021bionalism, ur\u0103 rasial\u0103, omul \u00ee\u0219i arat\u0103 straturile, bine mascate, de\ns\u0103lb\u0103ticie: care au nevoie doar de o mic\u0103 \u201cdecopertare\u201d pentru a se manifesta,\ncu toat\u0103 for\u021ba. Halate \u0219i m\u0103\u0219ti de protec\u021bie, \u201cizolete\u201d, sirene care vestesc\ntrecerea bolii: \u201cs\u0103 ne ferim din calea ei, s\u0103 fugim!\u201d.<\/p>\n\n\n\n<p>&nbsp;&nbsp;&nbsp;&nbsp;&nbsp;&nbsp;&nbsp;&nbsp;&nbsp; Acesta este nivelul de con\u0219tiin\u021b\u0103 al omenirii:\ngrosier, primitv, ne-v\u0103z\u0103tor.<\/p>\n\n\n\n<p>&nbsp;&nbsp;&nbsp;&nbsp;&nbsp;&nbsp;&nbsp;&nbsp;&nbsp; Care&#8230; el \u00eensu\u0219i a generat un aer de\nne-respirat, o hran\u0103 de ne-hr\u0103nit, o pustiire a planetei, dar \u0219i a corpurilor,\ndar \u0219i a min\u021bilor \u0219i a sufletelor: desigur c\u0103, un astfel de teren, creeaz\u0103, cu\nmare u\u0219urin\u021b\u0103, diverse boli&#8230; &nbsp;Se cheam\u0103\ncauz\u0103 \u0219i efect. <\/p>\n\n\n\n<p>&nbsp;&nbsp;&nbsp;&nbsp;&nbsp;&nbsp;&nbsp;&nbsp;&nbsp; \u0218i, mai departe, ne-vederea continu\u0103&#8230;,\ngener\u00e2nd, \u00een viitor, alte efecte, probabil din ce \u00een ce mai distrug\u0103toare. <\/p>\n\n\n\n<p>&nbsp;&nbsp;&nbsp;&nbsp;&nbsp;&nbsp;&nbsp;&nbsp;&nbsp; &#8211; Pentru c\u0103 lec\u021biile mici nu sunt\nsuficiente: au fost alte epidemii, \u00een al\u021bi ani, avem o lume bolnav\u0103 fizic \u0219i\npsihic&#8230;, industrii farmaceutice de miliarde, care prosper\u0103 din ce \u00een ce mai\nmult, pe seama omului-acestor-vremuri.<\/p>\n\n\n\n<p>&nbsp;&nbsp;&nbsp;&nbsp;&nbsp;&nbsp;&nbsp;&nbsp;&nbsp; &#8211; O alienare exterioar\u0103 \u0219i interioar\u0103&#8230;,\npe care nu o vedem, pentru c\u0103 ea a devenit \u201cnormalul\u201d zilelor. O pustiire\ninterioar\u0103, o lips\u0103 de repere, haos \u0219i dezl\u00e2nare, violen\u021b\u0103, promiscuitate, furie,\nacumulare obsesiv\u0103, care, iat\u0103, se r\u0103sfr\u00e2ng \u00een \u201cexterior\u201d: pentru c\u0103, ceea ce\ncon\u021binem, genereaz\u0103 via\u021ba noastr\u0103 (ne spunea Dhammapada, acum vreo 2 mii de ani).\nUn \u201cnormal\u201d care genereaz\u0103, prin el \u00eensu\u0219i, noi valuri distrug\u0103toare.<\/p>\n\n\n\n<p>&nbsp;&nbsp;&nbsp;&nbsp;&nbsp;&nbsp;&nbsp;&nbsp;&nbsp; Un \u201cnormal\u201d al ego-urilor, \u00een\nvariantele personale, apoi sociale. Nivelul de con\u0219tiin\u021b\u0103 al ego-ului.<\/p>\n\n\n\n<p>&nbsp;&nbsp;&nbsp;&nbsp;&nbsp;&nbsp;&nbsp;&nbsp;&nbsp; &#8211; Bun&#8230; \u0218i care ar fi lec\u021bia?!<\/p>\n\n\n\n<p>&nbsp;&nbsp;&nbsp;&nbsp;&nbsp;&nbsp;&nbsp;&nbsp;&nbsp; &#8211; O lec\u021bie a smereniei \u0219i a bunului\nsim\u021b, \u00een primul r\u00e2nd. Pentru acest \u201cEu\u201d, mega-omul, \u201cst\u0103p\u00e2nul naturii\u201d, cel\ncare am construit megalopolis-uri, mega-autostr\u0103zi, mega-avioane, mega-vapoare,\nmega-magazine&#8230;, mega-aglomer\u0103ri, mega-fabrici&#8230;, toate astea pentru mega-nevoile\nmele, de fiin\u021b\u0103 important\u0103, c\u0103reia i se cuvine totul&#8230; Iat\u0103 cum un minuscul\nvirus \u00eemi destructureaz\u0103 tot mega-e\u0219afodajul construc\u021biilor \u201cmele\u201d: ora\u0219ele\nsunt pustii, vapoarele stau \u00een carantin\u0103, autostr\u0103zile de golesc, avioanele nu\nmai zboar\u0103&#8230; Iar eu, mega-fiin\u021ba, stau sinistrat \u00een cas\u0103, cu mormane de\nprovizii&#8230;, tremur\u00e2nd de frica unui virus. &nbsp;Oare care s\u0103 fie evolu\u021bia, de la stadiul de om\nde grot\u0103, \u00eengrozit de ceva nev\u0103zut, \u00een pe\u0219tera lui, cu oarece h\u0103lci de carne,\ndrept provizii de hran\u0103?! <\/p>\n\n\n\n<p>&nbsp;&nbsp;&nbsp;&nbsp;&nbsp;&nbsp;&nbsp;&nbsp;&nbsp; &#8211; \u201cEi, eu sunt civilizat!\u201d <\/p>\n\n\n\n<p>&nbsp;&nbsp;&nbsp;&nbsp;&nbsp;&nbsp;&nbsp;&nbsp;&nbsp; &#8211; Mai departe&#8230; Iat\u0103 c\u0103 pot tr\u0103i \u0219i\ncu mai pu\u021bin, pot munci \u0219i de acas\u0103, fabricile acelea, \u00eenchise, polueaz\u0103 mai\npu\u021bin, se vede asta chiar \u0219i pe h\u0103r\u021bile de mediu&#8230; Ce-ar fi s\u0103 m\u0103 fac mic, s\u0103\nmai restr\u00e2ng din mega-preten\u021biile, care, iat\u0103, poate chiar ele, m\u0103 pun \u00een\npericol&#8230;<\/p>\n\n\n\n<p>&nbsp;&nbsp;&nbsp;&nbsp;&nbsp;&nbsp;&nbsp;&nbsp;&nbsp; \u00cemi v\u0103d frica paralizant\u0103?! \u00cemi v\u0103d\ninstinctele de supravie\u021buire, exacerbate la maxim?! M\u0103 v\u0103d cum sunt gata s\u0103 m\u0103\nlupt, cu ceilal\u021bi, pentru o saco\u0219\u0103 de m\u00e2ncare?! M\u0103 v\u0103d cum sunt capabil s\u0103-i sacrific,\npe ceilal\u021bi, pentru \u201cs\u0103n\u0103tatea mea\u201d?! Ei bine, acesta este nivelul de\ncon\u0219tiin\u021b\u0103-evolu\u021bie-maturitate al omenirii&#8230;<\/p>\n\n\n\n<p>&nbsp;&nbsp;&nbsp;&nbsp;&nbsp;&nbsp;&nbsp;&nbsp;&nbsp; Desigur, de la acest nivel \u2013 nici nu am\nalte posibilit\u0103\u021bi de reac\u021bie, dec\u00e2t cele \u0219tiute: izolarea, vaccinurile,\n\u00eenchiderea \u0219colilor, etc. At\u00e2ta \u0219tiu, at\u00e2ta \u00een\u021beleg-simt-v\u0103d, at\u00e2ta fac. Ceea\nce, la nivelul respectivului nivel de con\u0219tiin\u021b\u0103, este corect.<\/p>\n\n\n\n<p>&nbsp;&nbsp;&nbsp;&nbsp;&nbsp;&nbsp;&nbsp;&nbsp;&nbsp; &#8211; Iar dac\u0103 nu am fi avut acest nivel\nde con\u0219tiin\u021b\u0103 \u2013 lucrurile nu s-ar fi \u00eent\u00e2mplat \u00een acest mod&#8230;<\/p>\n\n\n\n<p>&nbsp;&nbsp;&nbsp;&nbsp;&nbsp;&nbsp;&nbsp;&nbsp;&nbsp; &#8211; Exact. \u00centr-o alt\u0103 civiliza\u021bie, nu\nar fi ap\u0103rut coronavirusul cotropitor&#8230; Dup\u0103 cum alte \u201cciviliza\u021bii\u201d au fost\ntraversate de holer\u0103, de cium\u0103, etc. Sunt doar fenomene de rezonan\u021b\u0103&#8230; Actuala\n\u201csitua\u021bie\u201d este exact r\u0103spunsul Universului, oglindirea, respectivului nivel de\ncon\u0219tiin\u021b\u0103. Cotropesc, obsesiv: acum sunt \u0219i eu invadat, cotropit, redus la\nt\u0103cere. <\/p>\n\n\n\n<p>&nbsp;&nbsp;&nbsp;&nbsp;&nbsp;&nbsp;&nbsp;&nbsp;&nbsp; Dar mai sunt \u0219i alte lec\u021bii de\n\u00eenv\u0103\u021bat&#8230; <\/p>\n\n\n\n<p>&nbsp;&nbsp;&nbsp;&nbsp;&nbsp;&nbsp;&nbsp;&nbsp;&nbsp; Interdependen\u021ba, de exemplu. At\u00e2t \u201cfizic\u0103\u201d,\nc\u00e2t \u0219i a evenimentelor personale, concrete, care sunt influen\u021bate de decizii\nale unor alte \u021b\u0103ri, aflate la distan\u021b\u0103. Iar\u0103\u0219i, am nevoie de evenimente majore,\ncare s\u0103 m\u0103 fac\u0103 s\u0103 v\u0103d interconexiunea infinit\u0103, pe at\u00e2t de multe planuri&#8230; &nbsp;&nbsp;&nbsp;&nbsp;&nbsp; Oare m\u0103 pot adapta, la toate astea?! Oare\ncum gestionez aceste schimb\u0103ri bru\u0219te?! C\u00e2t m\u0103 opun, c\u00e2t m\u0103 lupt, c\u00e2t critic,\nc\u00e2t \u00een\u021beleg?! C\u00e2t \u00eemi doresc ca \u201clucrurile s\u0103 revin\u0103 la normal, s\u0103 fie ca\n\u00eenainte\u201d?! Oare pot vedea c\u00e2t de pu\u021bin controlez?! \u0218i c\u00e2t de fluid, este\ntotul?! Doar eu \u00eemi doresc, cu ardoare, ne-mi\u0219carea&#8230;: prins fiind, \u00een aceea\u0219i\nfric\u0103 \u0219i obsesie de control, a ego-ului. <\/p>\n\n\n\n<p>&nbsp;&nbsp;&nbsp;&nbsp;&nbsp;&nbsp;&nbsp;&nbsp;&nbsp; Ce ar \u00eensemna, totu\u0219i, un alt nivel de\ncon\u0219tiin\u021b\u0103?! Iar\u0103\u0219i, vor fi pa\u0219i, trepte&#8230; Un nivel omenesc frumos, mai\n\u00eent\u00e2i&#8230; <\/p>\n\n\n\n<p>&nbsp;&nbsp;&nbsp;&nbsp;&nbsp;&nbsp;&nbsp;&nbsp;&nbsp; S\u0103 \u00een\u021beleg, m\u0103car acum, lec\u021bia karmei\n\u0219i a impermanen\u021bei&#8230;<\/p>\n\n\n\n<p>&nbsp;&nbsp;&nbsp;&nbsp;&nbsp;&nbsp;&nbsp;&nbsp;&nbsp; Apoi, poate c\u0103 \u00een\u021belegerea acestei interdependen\u021be\n&#8211; \u00een sensul ei miraculos&#8230; Ne explica, o doctori\u021b\u0103 homeopat\u0103, cum c\u0103\nvirusurile sunt de ajutor \u00een purific\u0103rile de prim\u0103var\u0103 ale corpurilor&#8230; <\/p>\n\n\n\n<p>&nbsp;&nbsp;&nbsp;&nbsp;&nbsp;&nbsp;&nbsp;&nbsp;&nbsp; &#8211; Iar eu le omor, pentru c\u0103 nu v\u0103d mai\ndeparte de nasul meu (la propriu, un nas care curge \u2013 deja devine motiv de mare\npanic\u0103). Nu pot integra nici m\u0103car c\u00e2teva \u201cbuc\u0103\u021bi\u201d din Manifestare&#8230;, ce s\u0103\nmai vorbim de un Ansamblu&#8230; Care \u00eencredere \u00een Existen\u021b\u0103?! <\/p>\n\n\n\n<p>&nbsp;&nbsp;&nbsp;&nbsp;&nbsp;&nbsp;&nbsp;&nbsp;&nbsp; Desigur, suntem \u00eenc\u0103 la nivel egotic,\ne vorba despre \u201ccorpul meu\u201d, \u201cpurificarea mea\u201d: dar, deja am \u00eenceput s\u0103 l\u0103rgesc\nperspectiva&#8230; <\/p>\n\n\n\n<p>&nbsp;&nbsp;&nbsp;&nbsp;&nbsp;&nbsp;&nbsp;&nbsp;&nbsp; &#8211; S\u0103 \u00een\u021beleg c\u0103 via\u021ba de om robot nu \u201c\u00eemi\neste bun\u0103\u201d nici chiar a\u0219a, la modul cel mai grosier, fizic&#8230; S\u0103 \u00een\u021beleg c\u0103\nve\u0219nica alerg\u0103tur\u0103 devine distructiv\u0103 \u2013 inclusiv ca stare de s\u0103n\u0103tate, pentru\nc\u0103 eu pe asta o pot vedea \u0219i asta m\u0103 doare, fizic&#8230; Nu m\u0103 pot opri din\nalergat: este nevoie de o boal\u0103 s\u0103 m\u0103 opreasc\u0103, de exemplu, \u201cdin a merge la\nserviciu, cum s\u0103 lipsesc?! Nu se poate a\u0219a ceva\u201d. Corpul, mai inteligent dec\u00e2t\nmine, care m\u0103 opre\u0219te: pentru c\u0103 eu nu v\u0103d, nu aud, sunt perfect robotizat.<\/p>\n\n\n\n<p>&nbsp;&nbsp;&nbsp;&nbsp;&nbsp;&nbsp;&nbsp;&nbsp;&nbsp; &#8211; Lec\u021bii mai finu\u021be nu pot vedea:\nm\u0103car s\u0103 o v\u0103d-simt pe asta, faptul c\u0103, distrug\u00e2nd planeta \u2013 m\u0103 distrug \u0219i pe\nmine&#8230; Poluez aerul de nu mai pot respira: acea poluare m\u0103 va \u00eemboln\u0103vi exact\npe mine, ea favorizeaz\u0103 virozele. Foarte concret! S\u0103-mi percep ignoran\u021ba, lipsa\nde responsabilizare, ne-vederea, acea perspectiv\u0103 extrem de limitat\u0103, \u201ceu cu\ns\u0103n\u0103tatea mea\u201d, f\u0103r\u0103 s\u0103 v\u0103d cauze \u0219i efecte, f\u0103r\u0103 s\u0103 v\u0103d interac\u021biune, f\u0103r\u0103 s\u0103\nv\u0103d nimic altceva, \u00een afara limit\u0103rii date de panic\u0103 \u0219i de ego. <\/p>\n\n\n\n<p>&nbsp;&nbsp;&nbsp;&nbsp;&nbsp;&nbsp;&nbsp;&nbsp;&nbsp; &#8211; S\u0103 m\u0103 v\u0103d cum gestionez ideea\nmor\u021bii&#8230;<\/p>\n\n\n\n<p>&nbsp;&nbsp;&nbsp;&nbsp;&nbsp;&nbsp;&nbsp;&nbsp;&nbsp; &#8211; Oare \u00eemi trece, chiar acum, prin\nminte, s\u0103 fiu recunosc\u0103tor, pentru toate aceste experien\u021be-lec\u021bii?!<\/p>\n\n\n\n<p>&nbsp;&nbsp;&nbsp;&nbsp;&nbsp;&nbsp;&nbsp;&nbsp;&nbsp; &#8211; Apoi vor fi alte niveluri de\nsubtilitate, deja ne \u00eendrept\u0103m c\u0103tre o zon\u0103 spiritual\u0103&#8230;<\/p>\n\n\n\n<p>&nbsp;&nbsp;&nbsp;&nbsp;&nbsp;&nbsp;&nbsp;&nbsp;&nbsp; \u201cEu sunt cheia a tot\u201d, avem, noi, un\nalgoritm spiritual. S\u0103 \u00een\u021beleg c\u0103 aceast\u0103 stare de lucruri este rezonant\u0103 cu\ninteriorul meu. Apoi s\u0103 lucrez cu acel interior&#8230; (\u0218i nu s\u0103 reac\u021bionez prin\ncele deja \u0219tiute: omul robot care lupt\u0103 sau fuge&#8230;). O alt\u0103 calitate\nenergetic\u0103 interioar\u0103 a omenirii \u2013 va genera un alt soi de evenimente\nexterioare. <em>\u201cSuntem ceea ce g\u00e2ndim, prin\ng\u00e2ndurile noastre cre\u0103m lumea\u201d&#8230;,<\/em> exact asta \u00eenseamn\u0103.<\/p>\n\n\n\n<p>&nbsp;&nbsp;&nbsp;&nbsp;&nbsp;&nbsp;&nbsp;&nbsp;&nbsp; Va fi, mai departe, acea stare de\ncon\u0219tiin\u021b\u0103 expansionat\u0103, acel \u201ceu con\u021bin totul&#8230;, un eu care nu mai exist\u0103\u201d&#8230;\n<\/p>\n\n\n\n<p>&nbsp;&nbsp;&nbsp;&nbsp;&nbsp;&nbsp;&nbsp;&nbsp;&nbsp; Acel <em>\u201cnu exist\u0103 sine, fiin\u021b\u0103, sau persoan\u0103\u201d,<\/em> al Sutrei de Diamant&#8230;\nCine se teme, cine se lupt\u0103, cu cine?! <\/p>\n\n\n\n<p>Acel <em>\u201cnu exist\u0103 dec\u00e2t El\u201d&#8230;<\/em>, \u00een \u00eentreaga Manifestare&#8230;,\ncare cuprinde \u0219i virusuri \u0219i bacterii \u0219i r\u00e2me \u0219i pietre&#8230; <em>\u201cAcest Brahman, datorit\u0103 c\u0103ruia orice\nlucru, de la \u00eenaltul soare p\u00e2n\u0103 la ulciorul cel mai umil, exist\u0103 \u00een\nmanifestare&#8230; Acela (care) se manifest\u0103 prin el \u00eensu\u0219i, iar adev\u0103rata Lui\nnatur\u0103 exist\u0103 dincolo de cuv\u00e2nt, \u00een toate formele sale&#8230;\u201d, <\/em>ne spunea <em>Yogatattva\nUpanishad.<\/em><\/p>\n\n\n\n<p>&nbsp;&nbsp;&nbsp;&nbsp;&nbsp;&nbsp;&nbsp;&nbsp;&nbsp; Dar v\u0103d asta, eu-cel-care-m\u0103-cred-un-mare-credincios-sau-practicant-spiritual?!<\/p>\n\n\n\n<p>&nbsp;&nbsp;&nbsp;&nbsp;&nbsp;&nbsp;&nbsp;&nbsp;&nbsp; P\u00e2n\u0103 acolo&#8230; cale lung\u0103. Suntem la\nnivelul de con\u0219tiin\u021b\u0103 al chakrelor inferioare: chiar dac\u0103 ele tr\u0103iesc, de acum,\n\u00een megalopolisuri \u0219i se plimb\u0103 pe mega-autost\u0103zi.<\/p>\n\n\n\n<p>&nbsp;&nbsp;&nbsp;&nbsp;&nbsp;&nbsp;&nbsp;&nbsp;&nbsp; \u00cenc\u0103 ceva: din p\u0103cate, chiar \u0219i aceste cuvinte \u2013 risc\u0103 s\u0103 fie auzite-prelucrate exact prin capacitatea de \u00een\u021belegere a respectivului nivel de con\u0219tiin\u021b\u0103: adic\u0103 ne-\u00een\u021belese, trunchiate, distorsionate, criticate; sau, \u00eentr-o variant\u0103 mai inofensiv\u0103, ignorate. <\/p>\n","protected":false},"excerpt":{"rendered":"<p>Nivelul de con\u0219tiin\u021b\u0103 \u00een vremea coronavirusului\u2026 Putem vorbi, c\u00e2te ceva, despre epidemia din luna asta, oare cum am putea gestiona, altfel, lucrurile?! &#8211; Vorbim, noi, mereu, despre niveluri de con\u0219tiin\u021b\u0103: par doar cuvinte, legate de ceva numit \u201cspiritual\u201d. Nu le prea b\u0103g\u0103m \u00een seam\u0103 \u2013 pentru c\u0103 nu le prea \u00een\u021belegem \u0219i nici nu ne [&hellip;]<\/p>\n","protected":false},"author":1,"featured_media":0,"parent":2617,"menu_order":0,"comment_status":"closed","ping_status":"closed","template":"","meta":[],"_links":{"self":[{"href":"https:\/\/lila-spirit.ro\/wp\/index.php?rest_route=\/wp\/v2\/pages\/3609"}],"collection":[{"href":"https:\/\/lila-spirit.ro\/wp\/index.php?rest_route=\/wp\/v2\/pages"}],"about":[{"href":"https:\/\/lila-spirit.ro\/wp\/index.php?rest_route=\/wp\/v2\/types\/page"}],"author":[{"embeddable":true,"href":"https:\/\/lila-spirit.ro\/wp\/index.php?rest_route=\/wp\/v2\/users\/1"}],"replies":[{"embeddable":true,"href":"https:\/\/lila-spirit.ro\/wp\/index.php?rest_route=%2Fwp%2Fv2%2Fcomments&post=3609"}],"version-history":[{"count":2,"href":"https:\/\/lila-spirit.ro\/wp\/index.php?rest_route=\/wp\/v2\/pages\/3609\/revisions"}],"predecessor-version":[{"id":3611,"href":"https:\/\/lila-spirit.ro\/wp\/index.php?rest_route=\/wp\/v2\/pages\/3609\/revisions\/3611"}],"up":[{"embeddable":true,"href":"https:\/\/lila-spirit.ro\/wp\/index.php?rest_route=\/wp\/v2\/pages\/2617"}],"wp:attachment":[{"href":"https:\/\/lila-spirit.ro\/wp\/index.php?rest_route=%2Fwp%2Fv2%2Fmedia&parent=3609"}],"curies":[{"name":"wp","href":"https:\/\/api.w.org\/{rel}","templated":true}]}}