{"id":3656,"date":"2020-04-20T15:01:21","date_gmt":"2020-04-20T12:01:21","guid":{"rendered":"https:\/\/lila-spirit.ro\/wp\/?page_id=3656"},"modified":"2020-05-05T11:24:11","modified_gmt":"2020-05-05T08:24:11","slug":"haiku-uri-lila","status":"publish","type":"page","link":"https:\/\/lila-spirit.ro\/wp\/?page_id=3656","title":{"rendered":"HAIKU-uri LiLA"},"content":{"rendered":"\n<p>Aceste mici instantanee nu au preten\u021bia de haiku-uri clasice. Ele nu au\nform\u0103 fix\u0103 \u0219i nici celelalte criterii canonice. <\/p>\n\n\n\n<p>Sunt doar fr\u00e2nturi de \u00cenv\u0103\u021b\u0103turi. <\/p>\n\n\n\n<p>Universul ne vorbe\u0219te mereu. L\u00e2ng\u0103 noi. \u00cen noi. <\/p>\n\n\n\n<p>Oare avem timp s\u0103-l auzim? Oare avem timp, s\u0103-i vedem, extraordinarele instantanee?\n<\/p>\n\n\n\n<p>Opre\u0219te-te.<\/p>\n\n\n\n<p>O pisic\u0103. O floare. Un stop cadru: Aici \u0219i Acum. O \u0219ans\u0103 de a p\u0103trunde, prin acel cadru, ca printr-o oglind\u0103\nmagic\u0103, Dincolo.<\/p>\n\n\n\n<p>Dincolo de \u201ccadrele\u201d, \u00eenl\u0103n\u021buite, ale filmului a\u0219a-zisei realit\u0103\u021bi.<\/p>\n\n\n\n<p>\u00cen fundal. \u00cen Esen\u021b\u0103.<\/p>\n\n\n\n<div style=\"height:49px\" aria-hidden=\"true\" class=\"wp-block-spacer\"><\/div>\n\n\n\n<p>Sau, prin cuvintele unui maestru al haiku-urilor, <em>Takahama Kyoshi:<\/em><\/p>\n\n\n\n<p style=\"text-align:center\"><em>V\u00e2nt de toamn\u0103.<br>tot ce v\u0103d<br>este haiku.<\/em><\/p>\n\n\n\n<div style=\"height:49px\" aria-hidden=\"true\" class=\"wp-block-spacer\"><\/div>\n\n\n\n<p style=\"text-align:right\">Indra<\/p>\n","protected":false},"excerpt":{"rendered":"<p>Aceste mici instantanee nu au preten\u021bia de haiku-uri clasice. Ele nu au form\u0103 fix\u0103 \u0219i nici celelalte criterii canonice. Sunt doar fr\u00e2nturi de \u00cenv\u0103\u021b\u0103turi. Universul ne vorbe\u0219te mereu. L\u00e2ng\u0103 noi. \u00cen noi. Oare avem timp s\u0103-l auzim? Oare avem timp, s\u0103-i vedem, extraordinarele instantanee? Opre\u0219te-te. O pisic\u0103. O floare. Un stop cadru: Aici \u0219i Acum. [&hellip;]<\/p>\n","protected":false},"author":1,"featured_media":3844,"parent":0,"menu_order":0,"comment_status":"closed","ping_status":"closed","template":"","meta":[],"_links":{"self":[{"href":"https:\/\/lila-spirit.ro\/wp\/index.php?rest_route=\/wp\/v2\/pages\/3656"}],"collection":[{"href":"https:\/\/lila-spirit.ro\/wp\/index.php?rest_route=\/wp\/v2\/pages"}],"about":[{"href":"https:\/\/lila-spirit.ro\/wp\/index.php?rest_route=\/wp\/v2\/types\/page"}],"author":[{"embeddable":true,"href":"https:\/\/lila-spirit.ro\/wp\/index.php?rest_route=\/wp\/v2\/users\/1"}],"replies":[{"embeddable":true,"href":"https:\/\/lila-spirit.ro\/wp\/index.php?rest_route=%2Fwp%2Fv2%2Fcomments&post=3656"}],"version-history":[{"count":7,"href":"https:\/\/lila-spirit.ro\/wp\/index.php?rest_route=\/wp\/v2\/pages\/3656\/revisions"}],"predecessor-version":[{"id":3755,"href":"https:\/\/lila-spirit.ro\/wp\/index.php?rest_route=\/wp\/v2\/pages\/3656\/revisions\/3755"}],"wp:featuredmedia":[{"embeddable":true,"href":"https:\/\/lila-spirit.ro\/wp\/index.php?rest_route=\/wp\/v2\/media\/3844"}],"wp:attachment":[{"href":"https:\/\/lila-spirit.ro\/wp\/index.php?rest_route=%2Fwp%2Fv2%2Fmedia&parent=3656"}],"curies":[{"name":"wp","href":"https:\/\/api.w.org\/{rel}","templated":true}]}}