{"id":3715,"date":"2020-04-20T19:03:46","date_gmt":"2020-04-20T16:03:46","guid":{"rendered":"https:\/\/lila-spirit.ro\/wp\/?page_id=3715"},"modified":"2021-03-30T11:21:35","modified_gmt":"2021-03-30T08:21:35","slug":"contact-2","status":"publish","type":"page","link":"https:\/\/lila-spirit.ro\/wp\/?page_id=3715","title":{"rendered":"CONTACT"},"content":{"rendered":"\n<div style=\"height:54px\" aria-hidden=\"true\" class=\"wp-block-spacer\"><\/div>\n\n\n\n<p style=\"background-color:#e6b2dd\" class=\"has-text-color has-background has-medium-font-size has-vivid-red-color\"><strong>SECRETARIAT, informa\u021bii, organizare practic\u0103:<\/strong><\/p>\n\n\n\n<p class=\"has-medium-font-size\"><strong>* dr. Antigona Ceacanica,<\/strong><\/p>\n\n\n\n<p>tel: 0722300171, email: <a href=\"mailto:aceacanica@yahoo.com\">aceacanica@yahoo.com<\/a><\/p>\n\n\n\n<div style=\"height:56px\" aria-hidden=\"true\" class=\"wp-block-spacer\"><\/div>\n\n\n\n<p style=\"background-color:#bedeec\" class=\"has-text-color has-background has-medium-font-size has-vivid-red-color\"><strong>ORGANIZ\u0102RI EVENIMENTE, V\u00c2NZ\u0102RI:<\/strong><\/p>\n\n\n\n<p class=\"has-medium-font-size\"><strong>&nbsp; *\nRadu Sb\u00eernea, <\/strong><\/p>\n\n\n\n<p>produc\u021bie mandale, organizare evenimente &#8211; t\u00e2rguri\u2026<\/p>\n\n\n\n<p>tel: 0737160611, email: radu.sbirnea@gmail.com<\/p>\n\n\n\n<p><\/p>\n\n\n\n<p class=\"has-medium-font-size\"><strong>* dr. Antigona Ceacanica,<\/strong><\/p>\n\n\n\n<p>distribu\u021bie mandale \u0219i c\u0103r\u021bi, organizare evenimente \u0219i tabere&#8230;<\/p>\n\n\n\n<p>tel: 0722300171, email: <a href=\"mailto:aceacanica@yahoo.com\">aceacanica@yahoo.com<\/a><\/p>\n\n\n\n<div style=\"height:56px\" aria-hidden=\"true\" class=\"wp-block-spacer\"><\/div>\n\n\n\n<p class=\"has-background has-medium-font-size has-pale-pink-background-color\"><strong>COMENZI CARTE: editura.lila@gmail.com<\/strong><\/p>\n\n\n\n<p class=\"has-background has-medium-font-size has-luminous-vivid-orange-background-color\"><strong>COMENZI MANDALE: mandale.lila@yahoo.com<\/strong><\/p>\n\n\n\n<p class=\"has-background has-medium-font-size has-vivid-green-cyan-background-color\"><strong>MAGAZIN ON LINE: c\u0103r\u021bi, \u00eenregistr\u0103ri audio-video&#8230;: https:\/\/eLiLA.ro<\/strong><\/p>\n\n\n\n<p><\/p>\n\n\n\n<p><em>* Ne puteti contacta, trimi\u021b\u00e2ndu-ne comentariile\ndvs. sau adresa email, pentru a primi texte, materiale informative despre\nactivit\u0103\u021bile noastre, etc.<\/em><em><\/em><\/p>\n","protected":false},"excerpt":{"rendered":"<p>SECRETARIAT, informa\u021bii, organizare practic\u0103: * dr. Antigona Ceacanica, tel: 0722300171, email: aceacanica@yahoo.com ORGANIZ\u0102RI EVENIMENTE, V\u00c2NZ\u0102RI: &nbsp; * Radu Sb\u00eernea, produc\u021bie mandale, organizare evenimente &#8211; t\u00e2rguri\u2026 tel: 0737160611, email: radu.sbirnea@gmail.com * dr. Antigona Ceacanica, distribu\u021bie mandale \u0219i c\u0103r\u021bi, organizare evenimente \u0219i tabere&#8230; tel: 0722300171, email: aceacanica@yahoo.com COMENZI CARTE: editura.lila@gmail.com COMENZI MANDALE: mandale.lila@yahoo.com MAGAZIN ON LINE: c\u0103r\u021bi, [&hellip;]<\/p>\n","protected":false},"author":1,"featured_media":0,"parent":0,"menu_order":0,"comment_status":"closed","ping_status":"closed","template":"","meta":[],"_links":{"self":[{"href":"https:\/\/lila-spirit.ro\/wp\/index.php?rest_route=\/wp\/v2\/pages\/3715"}],"collection":[{"href":"https:\/\/lila-spirit.ro\/wp\/index.php?rest_route=\/wp\/v2\/pages"}],"about":[{"href":"https:\/\/lila-spirit.ro\/wp\/index.php?rest_route=\/wp\/v2\/types\/page"}],"author":[{"embeddable":true,"href":"https:\/\/lila-spirit.ro\/wp\/index.php?rest_route=\/wp\/v2\/users\/1"}],"replies":[{"embeddable":true,"href":"https:\/\/lila-spirit.ro\/wp\/index.php?rest_route=%2Fwp%2Fv2%2Fcomments&post=3715"}],"version-history":[{"count":11,"href":"https:\/\/lila-spirit.ro\/wp\/index.php?rest_route=\/wp\/v2\/pages\/3715\/revisions"}],"predecessor-version":[{"id":3989,"href":"https:\/\/lila-spirit.ro\/wp\/index.php?rest_route=\/wp\/v2\/pages\/3715\/revisions\/3989"}],"wp:attachment":[{"href":"https:\/\/lila-spirit.ro\/wp\/index.php?rest_route=%2Fwp%2Fv2%2Fmedia&parent=3715"}],"curies":[{"name":"wp","href":"https:\/\/api.w.org\/{rel}","templated":true}]}}