{"id":3767,"date":"2020-04-21T19:41:07","date_gmt":"2020-04-21T16:41:07","guid":{"rendered":"https:\/\/lila-spirit.ro\/wp\/?page_id=3767"},"modified":"2020-04-21T19:56:51","modified_gmt":"2020-04-21T16:56:51","slug":"tipuri-de-mandale-lila","status":"publish","type":"page","link":"https:\/\/lila-spirit.ro\/wp\/?page_id=3767","title":{"rendered":"Tipuri de MANDALE LiLA"},"content":{"rendered":"\n<div style=\"height:49px\" aria-hidden=\"true\" class=\"wp-block-spacer\"><\/div>\n\n\n\n<h2 style=\"text-align:center\"><strong>Ce sunt mandalele?&nbsp;&nbsp; &nbsp;<\/strong><\/h2>\n\n\n\n<p><strong>&nbsp; <\/strong>Mandalele sunt imagini care con\u0163in informa\u0163ie, codificat\u0103\n\u00een desene \u015fi culori conform regulilor geometriei sacre. Astfel, mandalele au\nasociat <strong><em>un c\u00e2mp de informa\u0163ie;<\/em><\/strong><em>\nele ac\u0163ioneaz\u0103 prin acest c\u00e2mp la un nivel foarte subtil.<\/em><\/p>\n\n\n\n<div style=\"height:31px\" aria-hidden=\"true\" class=\"wp-block-spacer\"><\/div>\n\n\n\n<h2 style=\"text-align:center\"><strong>Ce rol au mandalele?&nbsp;&nbsp;\n<\/strong><\/h2>\n\n\n\n<p>&nbsp;&nbsp; Mandalele\nac\u021bioneaz\u0103 astfel prin interferen\u021b\u0103 de c\u00e2mpuri. Ele transmit \u00een jur <strong>informa\u0163ia<\/strong> <strong>pe care o con\u0163in<\/strong>, influen\u0163\u00e2nd structurile informa\u021bionale \u0219i energetice\nale individului (c\u00e2mp mental-emo\u0163ional, chakre, meridiane), ale mediului sau\nale spa\u021biului respectiv. &nbsp;&nbsp;<\/p>\n\n\n\n<p>&nbsp; Mandalele devin astfel un instrument de\nvindecare, de transformare, rafinare mental\u0103 \u015fi emo\u0163ional\u0103,&nbsp; armonizare energetic\u0103, evolu\u0163ie spiritual\u0103.<\/p>\n\n\n\n<div style=\"height:30px\" aria-hidden=\"true\" class=\"wp-block-spacer\"><\/div>\n\n\n\n<h2 style=\"text-align:center\"><strong>Cum se folosesc mandalele?<\/strong><\/h2>\n\n\n\n<p>&nbsp;&nbsp; Mandalele-suport (imprimate pe sticl\u0103,\nceramic\u0103, plut\u0103, material plastic) pot fi plasat\u0103 sub recipientele cu lichide (<em>de preferat recipiente din sticl\u0103 sau\nceramic\u0103<\/em>), sub medicamente, creme, m\u00e2ncare, etc. <\/p>\n\n\n\n<p>&nbsp; Mandalele-c\u0103ni\u2026 se folosesc ca orice can\u0103.<\/p>\n\n\n\n<p>&nbsp; Mandalele-tablouri (imprimate canvas sau pe\nh\u00e2rtie) se expun, desigur, \u00een spa\u021bii\u2026<\/p>\n\n\n\n<p>&nbsp; \u00cen cursul terapiilor energetice, dar \u015fi \u00een\nvia\u0163a de zi cu zi, mandalele de vinil se pot plasa \u015fi direct pe corp, pe\nchakre, pe zonele cele mai afectate, etc.<\/p>\n\n\n\n<p><em>&nbsp; Se poate face medita\u0163ie cu orice mandal\u0103,\nindiferent de suportul pe care ea este executat\u0103, informa\u0163ia acesteia fiind\nastfel interiorizat\u0103&#8230;<\/em><\/p>\n\n\n\n<p><em>&nbsp; Se poate comunica cu orice mandal\u0103&#8230;<\/em><\/p>\n\n\n\n<div style=\"height:31px\" aria-hidden=\"true\" class=\"wp-block-spacer\"><\/div>\n\n\n\n<h2 style=\"text-align:center\"><strong>CE FEL DE MANDALE PRODUCEM?<\/strong><\/h2>\n\n\n\n<div style=\"height:30px\" aria-hidden=\"true\" class=\"wp-block-spacer\"><\/div>\n\n\n\n<p class=\"has-background has-very-light-gray-background-color\"><strong>Mandalele LiLA pentru informarea apei:<\/strong><\/p>\n\n\n\n<p>&nbsp; Informa\u0163ia mandalei este transmis\u0103 apei. Apa\neste mediul ideal de \u00eenmagazinare, pe aceast\u0103 cale informa\u0163ia va ajunge \u00een\ncorp, influen\u0163\u00e2nd energetic \u015fi informa\u0163ional diferitele structuri \u015fi procese\ncelulare. Aceste mandale confer\u0103 apei\npropriet\u0103\u0163i de cur\u0103\u0163ate a energiilor patogene, de restructurare, reconfigurare\nenergetic\u0103 \u015fi cristalin\u0103,\nde energizare \u015fi aduc informa\u0163ii de vindecare fizic\u0103 \u015fi emo\u0163ional\u0103, armonie,\niubire, bucurie. <\/p>\n\n\n\n<p>&nbsp; Mandalele pentru ap\u0103 sunt imprimate pe c\u0103ni, pe\ndiferite suporturi (din sticl\u0103, faian\u0163\u0103, plut\u0103)pentru pahare sau pentru\nalte recipiente cu ap\u0103; ca atare, sau \u00een combina\u0163ie cu mandalele \u201dElemente\u201d,\n\u201dVindecare emo\u0163ional\u0103\u201d, \u201dIubire\u201d, etc.<\/p>\n\n\n\n<div class=\"wp-block-image\"><figure class=\"alignright\"><img loading=\"lazy\" width=\"150\" height=\"150\" src=\"https:\/\/lila-spirit.ro\/wp\/wp-content\/uploads\/2013\/09\/apa-371-150x150.jpg\" alt=\"\" class=\"wp-image-554\" srcset=\"https:\/\/lila-spirit.ro\/wp\/wp-content\/uploads\/2013\/09\/apa-371-150x150.jpg 150w, https:\/\/lila-spirit.ro\/wp\/wp-content\/uploads\/2013\/09\/apa-371-76x76.jpg 76w, https:\/\/lila-spirit.ro\/wp\/wp-content\/uploads\/2013\/09\/apa-371-184x184.jpg 184w, https:\/\/lila-spirit.ro\/wp\/wp-content\/uploads\/2013\/09\/apa-371.jpg 238w\" sizes=\"(max-width: 150px) 100vw, 150px\" \/><\/figure><\/div>\n\n\n\n<div class=\"wp-block-image\"><figure class=\"alignleft\"><img loading=\"lazy\" width=\"150\" height=\"150\" src=\"https:\/\/lila-spirit.ro\/wp\/wp-content\/uploads\/2013\/09\/apa-321-150x150.jpg\" alt=\"\" class=\"wp-image-549\" srcset=\"https:\/\/lila-spirit.ro\/wp\/wp-content\/uploads\/2013\/09\/apa-321-150x150.jpg 150w, https:\/\/lila-spirit.ro\/wp\/wp-content\/uploads\/2013\/09\/apa-321-76x76.jpg 76w, https:\/\/lila-spirit.ro\/wp\/wp-content\/uploads\/2013\/09\/apa-321-184x184.jpg 184w, https:\/\/lila-spirit.ro\/wp\/wp-content\/uploads\/2013\/09\/apa-321.jpg 238w\" sizes=\"(max-width: 150px) 100vw, 150px\" \/><\/figure><\/div>\n\n\n\n<div class=\"wp-block-image\"><figure class=\"aligncenter\"><img loading=\"lazy\" width=\"150\" height=\"150\" src=\"https:\/\/lila-spirit.ro\/wp\/wp-content\/uploads\/2013\/09\/apa-401-150x150.jpg\" alt=\"\" class=\"wp-image-557\" srcset=\"https:\/\/lila-spirit.ro\/wp\/wp-content\/uploads\/2013\/09\/apa-401-150x150.jpg 150w, https:\/\/lila-spirit.ro\/wp\/wp-content\/uploads\/2013\/09\/apa-401-76x76.jpg 76w, https:\/\/lila-spirit.ro\/wp\/wp-content\/uploads\/2013\/09\/apa-401-184x184.jpg 184w, https:\/\/lila-spirit.ro\/wp\/wp-content\/uploads\/2013\/09\/apa-401.jpg 238w\" sizes=\"(max-width: 150px) 100vw, 150px\" \/><\/figure><\/div>\n\n\n\n<div style=\"height:30px\" aria-hidden=\"true\" class=\"wp-block-spacer\"><\/div>\n\n\n\n<p class=\"has-background has-very-light-gray-background-color\"><strong>Mandalele LiLA pentru \u201cvindecare emo\u0163ional\u0103\u201d:<\/strong><\/p>\n\n\n\n<p>&nbsp; Ajut\u0103 la vindecarea traumelor emo\u0163ionale, la con\u015ftientizarea, eliminarea \u015fi vindecarea emo\u0163iilor negative, aduc echilibru interior, pace, armonie. \u00cen acest mod se poate ajunge la o\nvindecare emo\u0163ional\u0103\n\u201dcorect\u0103\u201d, ce va fi o temelie pentru stabilitatea \u00een timp a oric\u0103ror terapii\nulterioare.<\/p>\n\n\n\n<p>&nbsp; Pot fi folosite\ncu succes \u00een orice demers psihoterapeutic, al\u0103turi de mandalele \u201dCon\u015ftientizare\u201d, \u201dIubire-Armonie\u201d, \u201dMinte\u201d, \u201dDeschidere\u201d\n.<\/p>\n\n\n\n<div class=\"wp-block-image\"><figure class=\"alignright\"><img loading=\"lazy\" width=\"150\" height=\"150\" src=\"https:\/\/lila-spirit.ro\/wp\/wp-content\/uploads\/2013\/09\/apa-+-VE-11-150x150.jpg\" alt=\"\" class=\"wp-image-559\" srcset=\"https:\/\/lila-spirit.ro\/wp\/wp-content\/uploads\/2013\/09\/apa-+-VE-11-150x150.jpg 150w, https:\/\/lila-spirit.ro\/wp\/wp-content\/uploads\/2013\/09\/apa-+-VE-11-76x76.jpg 76w, https:\/\/lila-spirit.ro\/wp\/wp-content\/uploads\/2013\/09\/apa-+-VE-11-184x184.jpg 184w, https:\/\/lila-spirit.ro\/wp\/wp-content\/uploads\/2013\/09\/apa-+-VE-11.jpg 190w\" sizes=\"(max-width: 150px) 100vw, 150px\" \/><\/figure><\/div>\n\n\n\n<figure class=\"wp-block-image\"><img loading=\"lazy\" width=\"150\" height=\"150\" src=\"https:\/\/lila-spirit.ro\/wp\/wp-content\/uploads\/2013\/09\/apa-+-VE-2-150x150.jpg\" alt=\"\" class=\"wp-image-547\" srcset=\"https:\/\/lila-spirit.ro\/wp\/wp-content\/uploads\/2013\/09\/apa-+-VE-2-150x150.jpg 150w, https:\/\/lila-spirit.ro\/wp\/wp-content\/uploads\/2013\/09\/apa-+-VE-2-76x76.jpg 76w, https:\/\/lila-spirit.ro\/wp\/wp-content\/uploads\/2013\/09\/apa-+-VE-2-184x184.jpg 184w, https:\/\/lila-spirit.ro\/wp\/wp-content\/uploads\/2013\/09\/apa-+-VE-2.jpg 190w\" sizes=\"(max-width: 150px) 100vw, 150px\" \/><\/figure>\n\n\n\n<div style=\"height:30px\" aria-hidden=\"true\" class=\"wp-block-spacer\"><\/div>\n\n\n\n<p class=\"has-background has-very-light-gray-background-color\"><strong>Mandalele\nLiLA pentru <\/strong><strong>\u201c<\/strong><strong>con\u015ftientizare\u201d:<\/strong><\/p>\n\n\n\n<p>&nbsp; Ajut\u0103 la accesarea subcon\u015ftientului,\nla revelarea propriilor probleme, la propria reg\u0103sire de sine&#8230; Ajut\u0103 la \u00een\u0163elegerea\n\u015fi con\u015ftientizarea\ncauzelor profunde \u015fi mecanismelor de func\u0163ionare\nale fiec\u0103rei individualit\u0103\u0163i, la acceptarea\nacelor adev\u0103rurilor \u015fi la curajul de a face\nschimb\u0103rile. Sunt utile \u00een orice demers psihoterapeutic, \u00eempreun\u0103 cu\nmandalele de <strong>\u201c<\/strong>Vindecare emo\u0163ional\u0103\u201d.\n<\/p>\n\n\n\n<p>&nbsp; Con\u015ftientizarea\neste <em>un pas obligatoriu <\/em>\u00een evolu\u0163ia\nspiritual\u0103&#8230;<\/p>\n\n\n\n<div class=\"wp-block-image\"><figure class=\"alignright\"><img loading=\"lazy\" width=\"150\" height=\"150\" src=\"https:\/\/lila-spirit.ro\/wp\/wp-content\/uploads\/2013\/09\/constientizare-6-150x150.jpg\" alt=\"\" class=\"wp-image-318\" srcset=\"https:\/\/lila-spirit.ro\/wp\/wp-content\/uploads\/2013\/09\/constientizare-6-150x150.jpg 150w, https:\/\/lila-spirit.ro\/wp\/wp-content\/uploads\/2013\/09\/constientizare-6-76x76.jpg 76w, https:\/\/lila-spirit.ro\/wp\/wp-content\/uploads\/2013\/09\/constientizare-6-184x184.jpg 184w, https:\/\/lila-spirit.ro\/wp\/wp-content\/uploads\/2013\/09\/constientizare-6.jpg 252w\" sizes=\"(max-width: 150px) 100vw, 150px\" \/><\/figure><\/div>\n\n\n\n<figure class=\"wp-block-image\"><img loading=\"lazy\" width=\"150\" height=\"150\" src=\"https:\/\/lila-spirit.ro\/wp\/wp-content\/uploads\/2013\/09\/constientizare-2-150x150.jpg\" alt=\"\" class=\"wp-image-314\" srcset=\"https:\/\/lila-spirit.ro\/wp\/wp-content\/uploads\/2013\/09\/constientizare-2-150x150.jpg 150w, https:\/\/lila-spirit.ro\/wp\/wp-content\/uploads\/2013\/09\/constientizare-2-76x76.jpg 76w, https:\/\/lila-spirit.ro\/wp\/wp-content\/uploads\/2013\/09\/constientizare-2-184x184.jpg 184w, https:\/\/lila-spirit.ro\/wp\/wp-content\/uploads\/2013\/09\/constientizare-2.jpg 252w\" sizes=\"(max-width: 150px) 100vw, 150px\" \/><\/figure>\n\n\n\n<div style=\"height:30px\" aria-hidden=\"true\" class=\"wp-block-spacer\"><\/div>\n\n\n\n<p class=\"has-background has-very-light-gray-background-color\"><strong>Mandalele\nLiLA pentru <\/strong><strong>\u201c<\/strong><strong>elemente \u015fi meridiane\u201d:<\/strong><\/p>\n\n\n\n<p>&nbsp; Sunt utile pentru activarea, echilibrarea \u015fi armonizarea&nbsp;celor\ncinci tipuri de energii ale elementelor, c\u00e2t \u015fi pentru activarea \u015fi\nechilibrarea meridianelor energetice corespunz\u0103toare.<\/p>\n\n\n\n<div class=\"wp-block-image\"><figure class=\"alignright\"><img loading=\"lazy\" width=\"150\" height=\"150\" src=\"https:\/\/lila-spirit.ro\/wp\/wp-content\/uploads\/2013\/09\/elemente-8-150x150.jpg\" alt=\"\" class=\"wp-image-270\" srcset=\"https:\/\/lila-spirit.ro\/wp\/wp-content\/uploads\/2013\/09\/elemente-8-150x150.jpg 150w, https:\/\/lila-spirit.ro\/wp\/wp-content\/uploads\/2013\/09\/elemente-8-76x76.jpg 76w, https:\/\/lila-spirit.ro\/wp\/wp-content\/uploads\/2013\/09\/elemente-8-184x184.jpg 184w, https:\/\/lila-spirit.ro\/wp\/wp-content\/uploads\/2013\/09\/elemente-8.jpg 226w\" sizes=\"(max-width: 150px) 100vw, 150px\" \/><\/figure><\/div>\n\n\n\n<figure class=\"wp-block-image\"><img loading=\"lazy\" width=\"150\" height=\"150\" src=\"https:\/\/lila-spirit.ro\/wp\/wp-content\/uploads\/2013\/09\/elemente-7-150x150.jpg\" alt=\"\" class=\"wp-image-269\" srcset=\"https:\/\/lila-spirit.ro\/wp\/wp-content\/uploads\/2013\/09\/elemente-7-150x150.jpg 150w, https:\/\/lila-spirit.ro\/wp\/wp-content\/uploads\/2013\/09\/elemente-7-76x76.jpg 76w, https:\/\/lila-spirit.ro\/wp\/wp-content\/uploads\/2013\/09\/elemente-7-184x184.jpg 184w, https:\/\/lila-spirit.ro\/wp\/wp-content\/uploads\/2013\/09\/elemente-7.jpg 226w\" sizes=\"(max-width: 150px) 100vw, 150px\" \/><\/figure>\n\n\n\n<div style=\"height:30px\" aria-hidden=\"true\" class=\"wp-block-spacer\"><\/div>\n\n\n\n<p class=\"has-background has-very-light-gray-background-color\"><strong>Mandalele LiLA pentru <\/strong><strong>\u201c<\/strong><strong>activarea ADN-ului\u201d:<\/strong><\/p>\n\n\n\n<p>&nbsp; Transmit informa\u0163ii\npentru pentru \u00eenl\u0103turarea programelor negative inscrip\u0163ionate\n\u00een molecula de ADN, aduc informa\u0163ii de decriptare,\nreconfigurare,&nbsp; activare a spirelor\nADN-ului, energizare&#8230;<\/p>\n\n\n\n<p>&nbsp; Mandalele contribuie astfel la\nvindecarea fizic\u0103, emo\u0163ional\u0103, la revelarea de noi\nabilit\u0103\u0163i, etc.<\/p>\n\n\n\n<div class=\"wp-block-image\"><figure class=\"aligncenter\"><img loading=\"lazy\" width=\"150\" height=\"150\" src=\"https:\/\/lila-spirit.ro\/wp\/wp-content\/uploads\/2013\/09\/apa-+-ADN-1-150x150.jpg\" alt=\"\" class=\"wp-image-545\" srcset=\"https:\/\/lila-spirit.ro\/wp\/wp-content\/uploads\/2013\/09\/apa-+-ADN-1-150x150.jpg 150w, https:\/\/lila-spirit.ro\/wp\/wp-content\/uploads\/2013\/09\/apa-+-ADN-1-76x76.jpg 76w, https:\/\/lila-spirit.ro\/wp\/wp-content\/uploads\/2013\/09\/apa-+-ADN-1-184x184.jpg 184w, https:\/\/lila-spirit.ro\/wp\/wp-content\/uploads\/2013\/09\/apa-+-ADN-1.jpg 190w\" sizes=\"(max-width: 150px) 100vw, 150px\" \/><\/figure><\/div>\n\n\n\n<div style=\"height:30px\" aria-hidden=\"true\" class=\"wp-block-spacer\"><\/div>\n\n\n\n<p class=\"has-background has-very-light-gray-background-color\"><strong>Mandalele\nLiLA \u2013 \u00een tratamentul dependen\u0163elor:<\/strong><\/p>\n\n\n\n<p>&nbsp; Sunt utile \u00een terapia diferitelor dependen\u0163e (fumat, alcool, droguri, dar \u015fi dependen\u0163e emo\u0163ionale) \u015fi se adreseaz\u0103 componentelor energetice ale acestora, mecanismelor mentale \u015fi emo\u0163ionale de repeti\u0163ie \u015fi ata\u015fament<em>. Pentru vindecarea unei dependen\u0163e este \u00eens\u0103 obligatorie participarea con\u015ftient\u0103, dorin\u0163a de a elimina adic\u0163ia respectiv\u0103.<\/em><\/p>\n\n\n\n<div style=\"height:30px\" aria-hidden=\"true\" class=\"wp-block-spacer\"><\/div>\n\n\n\n<p class=\"has-background has-very-light-gray-background-color\"><strong>Mandalele\nLiLA pentru <\/strong><strong>\u201c<\/strong><strong>minte\u201d:<\/strong><\/p>\n\n\n\n<p>&nbsp; Transmit informa\u0163ii de cre\u015ftere a performan\u0163elor intelectuale (aten\u0163ie, capacitate de concentrare, memorie, etc.), dar \u00een acela\u015fi timp \u2013 de pace a min\u0163ii, lini\u015fte interioar\u0103, \u00een\u0163elegere, con\u015ftientizare&#8230;<\/p>\n\n\n\n<div style=\"height:30px\" aria-hidden=\"true\" class=\"wp-block-spacer\"><\/div>\n\n\n\n<p class=\"has-background has-very-light-gray-background-color\"><strong>Mandalele\nLiLA <\/strong><strong>\u201c<\/strong><strong>iubire-armonie\u201d:<\/strong><\/p>\n\n\n\n<p>&nbsp; Transmit\ntuturor celor care vin \u00een contact cu ele \u2013 informa\u0163ii de iubire, pace, iertare, compasiune, ajut\u0103\nla deschiderea spa\u0163iului sacru al\ninimii, la \u00een\u0163elegere,\nacceptare, armonizare&#8230;<\/p>\n\n\n\n<p>&nbsp; Se pot asocia cu oricare alte mandalele, de preferat cu cele de \u201cVindecare emo\u0163ional\u0103\u201d, \u201cCon\u015ftientizare\u201d, etc.<\/p>\n\n\n\n<div class=\"wp-block-image\"><figure class=\"aligncenter\"><img loading=\"lazy\" width=\"150\" height=\"150\" src=\"https:\/\/lila-spirit.ro\/wp\/wp-content\/uploads\/2013\/09\/ceas-3-150x150.jpg\" alt=\"\" class=\"wp-image-479\" srcset=\"https:\/\/lila-spirit.ro\/wp\/wp-content\/uploads\/2013\/09\/ceas-3-150x150.jpg 150w, https:\/\/lila-spirit.ro\/wp\/wp-content\/uploads\/2013\/09\/ceas-3-76x76.jpg 76w, https:\/\/lila-spirit.ro\/wp\/wp-content\/uploads\/2013\/09\/ceas-3-184x184.jpg 184w, https:\/\/lila-spirit.ro\/wp\/wp-content\/uploads\/2013\/09\/ceas-3.jpg 229w\" sizes=\"(max-width: 150px) 100vw, 150px\" \/><\/figure><\/div>\n\n\n\n<div style=\"height:30px\" aria-hidden=\"true\" class=\"wp-block-spacer\"><\/div>\n\n\n\n<p class=\"has-background has-very-light-gray-background-color\"><strong>Mandalele\nLiLA pentru <\/strong><strong>\u201c<\/strong><strong>armonizarea spa\u021biilor\u201d:<\/strong><\/p>\n\n\n\n<p>&nbsp; Tablouri sau canvasuri, se expun \u00een spa\u021bii; armonizeaz\u0103, echilibreaz\u0103 energetica spa\u021biului respectiv, \u00eenspre deschidere, comunicare, rela\u021bionare frumoas\u0103\u2026<\/p>\n\n\n\n<div style=\"height:30px\" aria-hidden=\"true\" class=\"wp-block-spacer\"><\/div>\n\n\n\n<p class=\"has-background has-very-light-gray-background-color\"><strong>Mandalele\nLiLA pentru <\/strong><strong>\u201cdeschidere\u201d:<\/strong><\/p>\n\n\n\n<p>&nbsp; Deschid\ninima \u0219i mintea, aduc bucurie, non-opozi\u021bie, fluiditate,\nintegrare \u00een fluxul Universului.<\/p>\n\n\n\n<p>&nbsp; Numai prin deschidere pot fi asimilate noi informa\u021bii, inclusiv spirituale; deschiderea permite schimbarea, evolu\u021bia\u2026<\/p>\n\n\n\n<div style=\"height:30px\" aria-hidden=\"true\" class=\"wp-block-spacer\"><\/div>\n\n\n\n<p class=\"has-background has-very-light-gray-background-color\"><strong>Mandalele\nLiLA pentru <\/strong><strong>\u201c<\/strong><strong>evolu\u021bie spiritual\u0103\u201d:<\/strong><\/p>\n\n\n\n<p>&nbsp; Con\u021bin c\u00e2mpuri extrem de rafinate, combina\u021bii de mantre, de afirma\u021bii (\u201cneti neti\u201d). Aduc ajutor \u00een con\u0219tientizarea Naturii tale Reale, \u00een dizolvarea ego-ului, \u00een accesarea unui alt nivel de \u00een\u021belegere, de con\u0219tiin\u021b\u0103.<\/p>\n\n\n\n<div class=\"wp-block-image\"><figure class=\"alignright\"><img loading=\"lazy\" width=\"150\" height=\"150\" src=\"https:\/\/lila-spirit.ro\/wp\/wp-content\/uploads\/2014\/09\/ego-6-400pix-150x150.jpg\" alt=\"\" class=\"wp-image-1977\" srcset=\"https:\/\/lila-spirit.ro\/wp\/wp-content\/uploads\/2014\/09\/ego-6-400pix-150x150.jpg 150w, https:\/\/lila-spirit.ro\/wp\/wp-content\/uploads\/2014\/09\/ego-6-400pix-300x300.jpg 300w, https:\/\/lila-spirit.ro\/wp\/wp-content\/uploads\/2014\/09\/ego-6-400pix-76x76.jpg 76w, https:\/\/lila-spirit.ro\/wp\/wp-content\/uploads\/2014\/09\/ego-6-400pix-184x184.jpg 184w, https:\/\/lila-spirit.ro\/wp\/wp-content\/uploads\/2014\/09\/ego-6-400pix.jpg 400w\" sizes=\"(max-width: 150px) 100vw, 150px\" \/><\/figure><\/div>\n\n\n\n<figure class=\"wp-block-image\"><img loading=\"lazy\" width=\"150\" height=\"150\" src=\"https:\/\/lila-spirit.ro\/wp\/wp-content\/uploads\/2014\/09\/djana-97-400pix-150x150.jpg\" alt=\"\" class=\"wp-image-1969\" srcset=\"https:\/\/lila-spirit.ro\/wp\/wp-content\/uploads\/2014\/09\/djana-97-400pix-150x150.jpg 150w, https:\/\/lila-spirit.ro\/wp\/wp-content\/uploads\/2014\/09\/djana-97-400pix-300x300.jpg 300w, https:\/\/lila-spirit.ro\/wp\/wp-content\/uploads\/2014\/09\/djana-97-400pix-76x76.jpg 76w, https:\/\/lila-spirit.ro\/wp\/wp-content\/uploads\/2014\/09\/djana-97-400pix-184x184.jpg 184w, https:\/\/lila-spirit.ro\/wp\/wp-content\/uploads\/2014\/09\/djana-97-400pix.jpg 400w\" sizes=\"(max-width: 150px) 100vw, 150px\" \/><\/figure>\n\n\n\n<div style=\"height:30px\" aria-hidden=\"true\" class=\"wp-block-spacer\"><\/div>\n\n\n\n<p class=\"has-background has-very-light-gray-background-color\"><strong>Mandalele\nLiLA pentru <\/strong><strong>\u201c<\/strong><strong>cur\u0103\u0163are\u201d:<\/strong><\/p>\n\n\n\n<p>Sunt concepute \u00een special pentru terapeu\u0163i, put\u00e2nd fi folosite cu succes \u00een\ntratamentele energetice \u201dde cur\u0103\u0163are\u201d: a aurei, chakrelor, meridianelor, de eliminare a energiilor patogene\ndin organe sau chiar de cur\u0103\u0163are a unor obiecte (plasate sub acestea), spa\u0163ii, etc.<\/p>\n\n\n\n<p>Se pot folosi \u00een chirurgia psihic\u0103, regresii, etc., \u00eempreun\u0103 cu mandalele de \u201cCon\u015ftientizare\u201d \u015fi \u201cVindecare emo\u0163ional\u0103\u201d.<\/p>\n\n\n\n<div style=\"height:30px\" aria-hidden=\"true\" class=\"wp-block-spacer\"><\/div>\n\n\n\n<p class=\"has-background has-very-light-gray-background-color\"><strong>Mandalele\nLiLA pentru <\/strong><strong>\u201c<\/strong><strong>vindecare\u201d:<\/strong><\/p>\n\n\n\n<p>&nbsp; Aduc informa\u021bii generale de vindecare fizic\u0103, mental\u0103, emo\u021bional\u0103, de armonizare \u0219i echilibrare. Anumite mandale includ mantra Buddha al medicinei.<\/p>\n\n\n\n<div style=\"height:30px\" aria-hidden=\"true\" class=\"wp-block-spacer\"><\/div>\n\n\n\n<p class=\"has-background has-very-light-gray-background-color\"><strong>Mandalele LiLA pentru diferite afec\u021biuni:<\/strong><\/p>\n\n\n\n<ul><li><strong>Terapia diabetului<\/strong><\/li><\/ul>\n\n\n\n<p>Se adreseaz\u0103\ncomponentelor energetice ale bolii, reechilibreaz\u0103 \u015fi energizeaz\u0103 chakra\nplexului solar (r\u0103spunz\u0103toare de buna func\u0163ionare a pancreasului), elimin\u0103\nenergiile patogene, activeaz\u0103 meridianele de energie, etc.<\/p>\n\n\n\n<div class=\"wp-block-image\"><figure class=\"aligncenter\"><img loading=\"lazy\" width=\"150\" height=\"150\" src=\"https:\/\/lila-spirit.ro\/wp\/wp-content\/uploads\/2013\/09\/diabet-2-150x150.jpg\" alt=\"\" class=\"wp-image-393\" srcset=\"https:\/\/lila-spirit.ro\/wp\/wp-content\/uploads\/2013\/09\/diabet-2-150x150.jpg 150w, https:\/\/lila-spirit.ro\/wp\/wp-content\/uploads\/2013\/09\/diabet-2-76x76.jpg 76w, https:\/\/lila-spirit.ro\/wp\/wp-content\/uploads\/2013\/09\/diabet-2-184x184.jpg 184w, https:\/\/lila-spirit.ro\/wp\/wp-content\/uploads\/2013\/09\/diabet-2.jpg 226w\" sizes=\"(max-width: 150px) 100vw, 150px\" \/><\/figure><\/div>\n\n\n\n<ul><li><strong>Terapia osteoporozei <\/strong><strong>\u015f<\/strong><strong>i a altor maladii osoase<\/strong><strong><\/strong><\/li><\/ul>\n\n\n\n<p>Se adreseaz\u0103\nprogramelor celulare, \u00een sensul restabilirii structurii, for\u0163ei, elasticit\u0103\u021bii, arhitecturii\n\u015fi func\u0163ionalit\u0103\u021bii sistemului osos \u015fi conjunctiv. Se pot asocia cu mandalele de \u201dADN\u201d,\n\u201dElemente\u201d, etc.<\/p>\n\n\n\n<ul><li><strong>Afec\u021biuni cutanate<\/strong><\/li><\/ul>\n\n\n\n<p>Se folosesc \u00een tratamentul bolilor de piele de orice fel (eczeme, psoriazis,\nalergii, etc.).&nbsp;Este util\u0103&nbsp;asocierea lor&nbsp;cu\nmandalele <strong>\u201c<\/strong>Vindecare\nemo\u0163ional\u0103\u201d \u015fi <strong>\u201c<\/strong>Con\u015ftientizare\u201d, av\u00e2nd \u00een vedere natura\neminamente&nbsp;psiho-somatic\u0103 a bolilor de piele.<\/p>\n\n\n\n<ul><li><strong>Terapia alergiilor \u015fi a bolilor autoimune<\/strong><\/li><\/ul>\n\n\n\n<p>Ajut\u0103 la reglarea imunit\u0103\u0163ii, a autoagresiunilor\nimunitare \u015fi a r\u0103spunsurilor dizarmonice la diferi\u0163ii stimuli din mediu. Pentru\no vindecare eficient\u0103 este necesar\u0103 \u00eens\u0103 con\u015ftientizarea, eliminarea \u015fi\nvindecarea emo\u0163iilor negative, deschiderea inimii (asociat\u0103 bunei func\u021bion\u0103ri a\ntimusului). <\/p>\n\n\n\n<ul><li><strong>Mandalele LiLA pentru durere<\/strong><\/li><\/ul>\n\n\n\n<p>&nbsp; Se aplic\u0103 pe locul dureros, restabilind echilibrul energetic al zonei afectate. Se asociaz\u0103 bine cu mandalele \u201cADN\u201d \u015fi \u201cElemente\u201d \u2013 pentru natura \u201dfizic\u0103\u201d a afec\u0163iunii, dar \u015fi cu mandalele \u201cVindecare emo\u0163ional\u0103\u201d \u015fi \u201cCon\u015ftientizare\u201d &#8211; pentru latura emo\u0163ional\u0103&#8230;<\/p>\n\n\n\n<div style=\"height:40px\" aria-hidden=\"true\" class=\"wp-block-spacer\"><\/div>\n\n\n\n<p style=\"background-color:#f6d0e1\" class=\"has-background\">Acestea sunt doar c\u00e2teva modele, imaginile noastre, precum \u0219i combina\u021biile de mandale &#8211; sunt extrem de numeroase<\/p>\n\n\n\n<p style=\"background-color:#efabbc\" class=\"has-background\">Mandalele se pot imprima pe diferite materiale, produsele devenind astfel tablouri, ceasuri, canvas-uri, c\u0103ni, suporturi pentru pahare, puzzle, medalioane, felicit\u0103ri, mouse pad, magne\u0163i, semne de carte\u2026; \u00een cur\u00e2nd \u0219i tricouri. Con\u0163in o mandal\u0103 sau o combina\u0163ie de mai multe mandale. Se adreseaz\u0103 oric\u0103ror persoane, put\u00e2nd fi folosite sau expuse \u00een orice locuin\u0163\u0103, dar \u015fi \u00een spa\u0163ii publice, birouri, cabinete, s\u0103li de clas\u0103, gr\u0103dini\u0163e, etc.<\/p>\n\n\n\n<p><em>Mandalele copiate nu au\nacela\u015fi con\u0163inut informa\u0163ional \u015fi nu func\u0163ioneaz\u0103\u2026 <\/em><em><\/em><\/p>\n\n\n\n<p><em>Mandalele sunt manufacturate\n\u015fi necesit\u0103 delicate\u0163e la manevrare \u015fi sp\u0103lare&#8230; <\/em><\/p>\n\n\n\n<p><em>LiLA este marc\u0103 \u00eenregistrat\u0103\u2026<\/em><\/p>\n","protected":false},"excerpt":{"rendered":"<p>Ce sunt mandalele?&nbsp;&nbsp; &nbsp; &nbsp; Mandalele sunt imagini care con\u0163in informa\u0163ie, codificat\u0103 \u00een desene \u015fi culori conform regulilor geometriei sacre. Astfel, mandalele au asociat un c\u00e2mp de informa\u0163ie; ele ac\u0163ioneaz\u0103 prin acest c\u00e2mp la un nivel foarte subtil. Ce rol au mandalele?&nbsp;&nbsp; &nbsp;&nbsp; Mandalele ac\u021bioneaz\u0103 astfel prin interferen\u021b\u0103 de c\u00e2mpuri. Ele transmit \u00een jur informa\u0163ia [&hellip;]<\/p>\n","protected":false},"author":1,"featured_media":0,"parent":187,"menu_order":0,"comment_status":"closed","ping_status":"closed","template":"","meta":[],"_links":{"self":[{"href":"https:\/\/lila-spirit.ro\/wp\/index.php?rest_route=\/wp\/v2\/pages\/3767"}],"collection":[{"href":"https:\/\/lila-spirit.ro\/wp\/index.php?rest_route=\/wp\/v2\/pages"}],"about":[{"href":"https:\/\/lila-spirit.ro\/wp\/index.php?rest_route=\/wp\/v2\/types\/page"}],"author":[{"embeddable":true,"href":"https:\/\/lila-spirit.ro\/wp\/index.php?rest_route=\/wp\/v2\/users\/1"}],"replies":[{"embeddable":true,"href":"https:\/\/lila-spirit.ro\/wp\/index.php?rest_route=%2Fwp%2Fv2%2Fcomments&post=3767"}],"version-history":[{"count":4,"href":"https:\/\/lila-spirit.ro\/wp\/index.php?rest_route=\/wp\/v2\/pages\/3767\/revisions"}],"predecessor-version":[{"id":3772,"href":"https:\/\/lila-spirit.ro\/wp\/index.php?rest_route=\/wp\/v2\/pages\/3767\/revisions\/3772"}],"up":[{"embeddable":true,"href":"https:\/\/lila-spirit.ro\/wp\/index.php?rest_route=\/wp\/v2\/pages\/187"}],"wp:attachment":[{"href":"https:\/\/lila-spirit.ro\/wp\/index.php?rest_route=%2Fwp%2Fv2%2Fmedia&parent=3767"}],"curies":[{"name":"wp","href":"https:\/\/api.w.org\/{rel}","templated":true}]}}