{"id":3799,"date":"2020-04-22T08:52:20","date_gmt":"2020-04-22T05:52:20","guid":{"rendered":"https:\/\/lila-spirit.ro\/wp\/?page_id=3799"},"modified":"2020-04-22T08:57:24","modified_gmt":"2020-04-22T05:57:24","slug":"ateliere-de-desenat-si-colorat-mandale","status":"publish","type":"page","link":"https:\/\/lila-spirit.ro\/wp\/?page_id=3799","title":{"rendered":"Ateliere de desenat \u0219i colorat mandale"},"content":{"rendered":"\n<div style=\"height:30px\" aria-hidden=\"true\" class=\"wp-block-spacer\"><\/div>\n\n\n\n<p><strong>Atelier de desenat \u0219i colorat mandale &#8211; pentru copii \u0219i adul\u021bi&#8230;, oganizate, sau &#8211; la fiecare acas\u0103!<\/strong><\/p>\n\n\n\n<p>Uni\u021bi punctele,&nbsp;&nbsp;colora\u021bi&#8230;. \u0219i ve\u021bi ob\u021bine o mandal\u0103!<\/p>\n\n\n\n<p>Pute\u021bi uni punctele, pute\u021bi colora, \u00een orice mod, c\u00e2t mai creativ! Nu exist\u0103 nici o regul\u0103.<\/p>\n\n\n\n<p>Dec\u00e2t una singur\u0103: cu c\u00e2t lucra\u021bi mai mult, cu at\u00e2t mai bine. Nu conteaz\u0103 dac\u0103 gre\u0219i\u021bi, lua\u021bi o alt\u0103 foaie \u0219i re\u00eencepe\u021bi&#8230; Arunca\u021bi e\u0219ecurile.<\/p>\n\n\n\n<p>Imaginile nu trebuie interpretate, ele pot ar\u0103ta oricum&#8230;<\/p>\n\n\n\n<p class=\"has-text-color has-vivid-red-color\"><strong><em>Conteaz\u0103 doar lucrul cu informa\u021bia subiacent\u0103. C\u00e2mpul mandalei, codificat \u00een desenul poten\u021bial sugerat, interac\u021bioneaz\u0103 cu c\u00e2mpul desenatorului, aduc\u00e2nd \u00een acesta informa\u021bii de armonie, iubire, echilibru&#8230;<\/em><\/strong><\/p>\n\n\n\n<p class=\"has-text-color has-vivid-red-color\"><strong><em>Clasicul \u201duni\u021bi punctele\u201d &#8211; poate deveni, astfel, terapie prin desen&#8230;, armonizare, vindecare&#8230;<\/em><\/strong><\/p>\n\n\n\n<div style=\"height:30px\" aria-hidden=\"true\" class=\"wp-block-spacer\"><\/div>\n\n\n\n<div class=\"wp-block-image\"><figure class=\"alignright\"><img loading=\"lazy\" width=\"225\" height=\"300\" src=\"https:\/\/lila-spirit.ro\/wp\/wp-content\/uploads\/2014\/04\/DSC07335-225x300.jpg\" alt=\"\" class=\"wp-image-1735\" srcset=\"https:\/\/lila-spirit.ro\/wp\/wp-content\/uploads\/2014\/04\/DSC07335-225x300.jpg 225w, https:\/\/lila-spirit.ro\/wp\/wp-content\/uploads\/2014\/04\/DSC07335-768x1024.jpg 768w, https:\/\/lila-spirit.ro\/wp\/wp-content\/uploads\/2014\/04\/DSC07335.jpg 1536w\" sizes=\"(max-width: 225px) 100vw, 225px\" \/><\/figure><\/div>\n\n\n\n<figure class=\"wp-block-image\"><img loading=\"lazy\" width=\"300\" height=\"225\" src=\"https:\/\/lila-spirit.ro\/wp\/wp-content\/uploads\/2014\/04\/DSC073491-300x225.jpg\" alt=\"\" class=\"wp-image-1739\" srcset=\"https:\/\/lila-spirit.ro\/wp\/wp-content\/uploads\/2014\/04\/DSC073491-300x225.jpg 300w, https:\/\/lila-spirit.ro\/wp\/wp-content\/uploads\/2014\/04\/DSC073491-1024x768.jpg 1024w, https:\/\/lila-spirit.ro\/wp\/wp-content\/uploads\/2014\/04\/DSC073491.jpg 2048w\" sizes=\"(max-width: 300px) 100vw, 300px\" \/><\/figure>\n\n\n\n<figure class=\"wp-block-image\"><img loading=\"lazy\" width=\"300\" height=\"225\" src=\"https:\/\/lila-spirit.ro\/wp\/wp-content\/uploads\/2014\/04\/DSC07341-300x225.jpg\" alt=\"\" class=\"wp-image-1737\" srcset=\"https:\/\/lila-spirit.ro\/wp\/wp-content\/uploads\/2014\/04\/DSC07341-300x225.jpg 300w, https:\/\/lila-spirit.ro\/wp\/wp-content\/uploads\/2014\/04\/DSC07341-1024x768.jpg 1024w, https:\/\/lila-spirit.ro\/wp\/wp-content\/uploads\/2014\/04\/DSC07341.jpg 2048w\" sizes=\"(max-width: 300px) 100vw, 300px\" \/><\/figure>\n\n\n\n<div class=\"wp-block-image\"><figure class=\"alignright is-resized\"><img loading=\"lazy\" src=\"https:\/\/lila-spirit.ro\/wp\/wp-content\/uploads\/2020\/04\/IMG-20190628-WA0002_1561735384836-300x300.jpg\" alt=\"\" class=\"wp-image-3800\" width=\"272\" height=\"272\" srcset=\"https:\/\/lila-spirit.ro\/wp\/wp-content\/uploads\/2020\/04\/IMG-20190628-WA0002_1561735384836-300x300.jpg 300w, https:\/\/lila-spirit.ro\/wp\/wp-content\/uploads\/2020\/04\/IMG-20190628-WA0002_1561735384836-150x150.jpg 150w, https:\/\/lila-spirit.ro\/wp\/wp-content\/uploads\/2020\/04\/IMG-20190628-WA0002_1561735384836-768x768.jpg 768w, https:\/\/lila-spirit.ro\/wp\/wp-content\/uploads\/2020\/04\/IMG-20190628-WA0002_1561735384836-1024x1024.jpg 1024w, https:\/\/lila-spirit.ro\/wp\/wp-content\/uploads\/2020\/04\/IMG-20190628-WA0002_1561735384836-76x76.jpg 76w, https:\/\/lila-spirit.ro\/wp\/wp-content\/uploads\/2020\/04\/IMG-20190628-WA0002_1561735384836-184x184.jpg 184w, https:\/\/lila-spirit.ro\/wp\/wp-content\/uploads\/2020\/04\/IMG-20190628-WA0002_1561735384836.jpg 1599w\" sizes=\"(max-width: 272px) 100vw, 272px\" \/><\/figure><\/div>\n\n\n\n<figure class=\"wp-block-image is-resized\"><img loading=\"lazy\" src=\"https:\/\/lila-spirit.ro\/wp\/wp-content\/uploads\/2020\/04\/IMG-20190628-WA0000_1561735385553-289x300.jpg\" alt=\"\" class=\"wp-image-3801\" width=\"263\" height=\"273\" srcset=\"https:\/\/lila-spirit.ro\/wp\/wp-content\/uploads\/2020\/04\/IMG-20190628-WA0000_1561735385553-289x300.jpg 289w, https:\/\/lila-spirit.ro\/wp\/wp-content\/uploads\/2020\/04\/IMG-20190628-WA0000_1561735385553-768x798.jpg 768w, https:\/\/lila-spirit.ro\/wp\/wp-content\/uploads\/2020\/04\/IMG-20190628-WA0000_1561735385553-985x1024.jpg 985w, https:\/\/lila-spirit.ro\/wp\/wp-content\/uploads\/2020\/04\/IMG-20190628-WA0000_1561735385553.jpg 1539w\" sizes=\"(max-width: 263px) 100vw, 263px\" \/><\/figure>\n\n\n\n<div class=\"wp-block-image\"><figure class=\"alignright is-resized\"><img loading=\"lazy\" src=\"https:\/\/lila-spirit.ro\/wp\/wp-content\/uploads\/2020\/04\/IMG-20190628-WA0001_1561735385259-300x296.jpg\" alt=\"\" class=\"wp-image-3802\" width=\"266\" height=\"262\" srcset=\"https:\/\/lila-spirit.ro\/wp\/wp-content\/uploads\/2020\/04\/IMG-20190628-WA0001_1561735385259-300x296.jpg 300w, https:\/\/lila-spirit.ro\/wp\/wp-content\/uploads\/2020\/04\/IMG-20190628-WA0001_1561735385259-768x758.jpg 768w, https:\/\/lila-spirit.ro\/wp\/wp-content\/uploads\/2020\/04\/IMG-20190628-WA0001_1561735385259-1024x1011.jpg 1024w, https:\/\/lila-spirit.ro\/wp\/wp-content\/uploads\/2020\/04\/IMG-20190628-WA0001_1561735385259-76x76.jpg 76w, https:\/\/lila-spirit.ro\/wp\/wp-content\/uploads\/2020\/04\/IMG-20190628-WA0001_1561735385259.jpg 1599w\" sizes=\"(max-width: 266px) 100vw, 266px\" \/><\/figure><\/div>\n\n\n\n<figure class=\"wp-block-image\"><img loading=\"lazy\" width=\"225\" height=\"300\" src=\"https:\/\/lila-spirit.ro\/wp\/wp-content\/uploads\/2020\/04\/la-colorat-mandale-225x300.jpg\" alt=\"\" class=\"wp-image-3804\" srcset=\"https:\/\/lila-spirit.ro\/wp\/wp-content\/uploads\/2020\/04\/la-colorat-mandale-225x300.jpg 225w, https:\/\/lila-spirit.ro\/wp\/wp-content\/uploads\/2020\/04\/la-colorat-mandale-768x1024.jpg 768w, https:\/\/lila-spirit.ro\/wp\/wp-content\/uploads\/2020\/04\/la-colorat-mandale.jpg 1200w\" sizes=\"(max-width: 225px) 100vw, 225px\" \/><\/figure>\n\n\n\n<div style=\"height:60px\" aria-hidden=\"true\" class=\"wp-block-spacer\"><\/div>\n\n\n\n<h4 style=\"text-align:center\">Iat\u0103 \u0219i Cartea de colorat mandale&#8230; a Editurii LiLA<\/h4>\n\n\n\n<figure class=\"wp-block-image\"><img loading=\"lazy\" width=\"1024\" height=\"941\" src=\"https:\/\/lila-spirit.ro\/wp\/wp-content\/uploads\/2018\/01\/pt-web-coperta-1-In-lumea-de-armonie-a-mandalelor-LiLA-23x21cm-cover-1024x941.jpg\" alt=\"\" class=\"wp-image-3421\" srcset=\"https:\/\/lila-spirit.ro\/wp\/wp-content\/uploads\/2018\/01\/pt-web-coperta-1-In-lumea-de-armonie-a-mandalelor-LiLA-23x21cm-cover-1024x941.jpg 1024w, https:\/\/lila-spirit.ro\/wp\/wp-content\/uploads\/2018\/01\/pt-web-coperta-1-In-lumea-de-armonie-a-mandalelor-LiLA-23x21cm-cover-300x276.jpg 300w, https:\/\/lila-spirit.ro\/wp\/wp-content\/uploads\/2018\/01\/pt-web-coperta-1-In-lumea-de-armonie-a-mandalelor-LiLA-23x21cm-cover-768x705.jpg 768w, https:\/\/lila-spirit.ro\/wp\/wp-content\/uploads\/2018\/01\/pt-web-coperta-1-In-lumea-de-armonie-a-mandalelor-LiLA-23x21cm-cover.jpg 1816w\" sizes=\"(max-width: 1024px) 100vw, 1024px\" \/><\/figure>\n","protected":false},"excerpt":{"rendered":"<p>Atelier de desenat \u0219i colorat mandale &#8211; pentru copii \u0219i adul\u021bi&#8230;, oganizate, sau &#8211; la fiecare acas\u0103! Uni\u021bi punctele,&nbsp;&nbsp;colora\u021bi&#8230;. \u0219i ve\u021bi ob\u021bine o mandal\u0103! Pute\u021bi uni punctele, pute\u021bi colora, \u00een orice mod, c\u00e2t mai creativ! Nu exist\u0103 nici o regul\u0103. Dec\u00e2t una singur\u0103: cu c\u00e2t lucra\u021bi mai mult, cu at\u00e2t mai bine. Nu conteaz\u0103 dac\u0103 [&hellip;]<\/p>\n","protected":false},"author":1,"featured_media":0,"parent":0,"menu_order":0,"comment_status":"closed","ping_status":"closed","template":"","meta":[],"_links":{"self":[{"href":"https:\/\/lila-spirit.ro\/wp\/index.php?rest_route=\/wp\/v2\/pages\/3799"}],"collection":[{"href":"https:\/\/lila-spirit.ro\/wp\/index.php?rest_route=\/wp\/v2\/pages"}],"about":[{"href":"https:\/\/lila-spirit.ro\/wp\/index.php?rest_route=\/wp\/v2\/types\/page"}],"author":[{"embeddable":true,"href":"https:\/\/lila-spirit.ro\/wp\/index.php?rest_route=\/wp\/v2\/users\/1"}],"replies":[{"embeddable":true,"href":"https:\/\/lila-spirit.ro\/wp\/index.php?rest_route=%2Fwp%2Fv2%2Fcomments&post=3799"}],"version-history":[{"count":4,"href":"https:\/\/lila-spirit.ro\/wp\/index.php?rest_route=\/wp\/v2\/pages\/3799\/revisions"}],"predecessor-version":[{"id":3808,"href":"https:\/\/lila-spirit.ro\/wp\/index.php?rest_route=\/wp\/v2\/pages\/3799\/revisions\/3808"}],"wp:attachment":[{"href":"https:\/\/lila-spirit.ro\/wp\/index.php?rest_route=%2Fwp%2Fv2%2Fmedia&parent=3799"}],"curies":[{"name":"wp","href":"https:\/\/api.w.org\/{rel}","templated":true}]}}