{"id":38,"date":"2013-09-12T16:20:55","date_gmt":"2013-09-12T16:20:55","guid":{"rendered":"http:\/\/lila-spirit.ro\/wp\/?page_id=38"},"modified":"2014-08-27T11:11:59","modified_gmt":"2014-08-27T11:11:59","slug":"se-pare-ca-mai-avem-nevoie-de-reguli","status":"publish","type":"page","link":"https:\/\/lila-spirit.ro\/wp\/?page_id=38","title":{"rendered":"&#8230;din pacate mai avem nevoie de reguli&#8230;."},"content":{"rendered":"<p><strong>REGULAMENTUL TAB<\/strong><strong>E<\/strong><strong>RELOR SPIRITUALE <\/strong><strong>\u201c<\/strong><strong>LiLA\u201d<\/strong><\/p>\n<p>Dragi participan\u021bi,<\/p>\n<p>taberele noastre spirituale, pe care \u00eencerc\u0103m s\u0103 le organizam cu mult entuziasm \u0219i iubire, reprezint\u0103 un prilej de a sta c\u00e2t mai mult al\u0103turi de Maestrul nostru, Indra, care ne d\u0103 ocazia de a \u00eenv\u0103\u021ba, de a experimenta \u0219i de a descoperi valen\u021be noi despre ceea ce suntem cu adev\u0103rat \u0219i despre aceast\u0103 lume \u00een care vie\u021buim&#8230; care se str\u0103duie\u0219te s\u0103 ne deschid\u0103 ochii, s\u0103 ne vorbeasc\u0103 \u0219i s\u0103 ne conduc\u0103 spre iluminare (chiar dac\u0103 sun\u0103 preten\u021bios, despre asta este vorba, \u00een final&#8230;)<\/p>\n<p>Unul dintre scopurile principale ale acestor tabere este de a sparge \u201ctiparele mentale \u0219i educationale\u201d c\u0103rora le suntem cu to\u021bii tributari \u0219i care de fapt ne conduc \u00een mod incon\u0219tient vie\u021bile \u0219i destinele, supu\u0219i la tot felul de reguli \u0219i cutume, de a deveni liberi \u0219i con\u0219tienti. Totu\u0219i, pentru bunul mers al lucrurilor pe calea pe care am pornit, sunt necesare c\u00e2teva reguli, care \u0163in doar de bun sim\u0163 \u015fi respect, cu scopul de a ne putea armoniza \u00eentre noi ca grup \u0219i pentru a putea \u00eenv\u0103\u021ba c\u00e2te ceva chiar \u0219i din micile noastre gesturi zilnice (care devin \u00eens\u0103 foarte evidente \u00een condi\u021biile unei \u201cretrageri\u201d).<\/p>\n<p>Iat\u0103 care ar fi acestea :<\/p>\n<p>1. Toti participantii care se vor \u00eenscrie la taberele spirituale, vor participa doar cu <strong>inten\u021bia sincer\u0103 de a persevera \u00een practica spiritual\u0103<\/strong>, cu inimile deschise \u0219i curate \u0219i cu dorinta de a practica cu seriozitate, fiecare dup\u0103 puterile lui, tehnicile \u0219i \u00eenv\u0103\u021b\u0103turile date de Maestrul nostru.<\/p>\n<p>Taberele nu sunt excursii la munte de divertisment! Sunt tabere de \u00eenv\u0103\u021b\u0103turi spirituale, yoga, exerci\u021bii, pranayama, medita\u021bie. Asta presupune o anumit\u0103 rigoare \u0219i seriozitate \u00een abordarea \u00eentregii tabere. Dac\u0103 vre\u021bi \u201cdoar s\u0103 v\u0103 afla\u021bi \u00een treab\u0103\u201d, mai bine renun\u021ba\u021bi!<\/p>\n<p>2. Pot participa \u00een tabere orice persoane, care au sau nu calitatea de membru al asocia\u0163iei LiLA, cu condi\u0163ia respect\u0103rii acestui minim regulament. Participarea \u00een tabere este bine-n\u021beles, optional\u0103, <strong>dar odat\u0103 exprimat\u0103 o astfel de optiune, v<\/strong><strong>\u0103 asuma\u021bi \u0219i a<\/strong><strong>cest set minim de reguli de bun sim\u021b, care s\u0103 conduc\u0103 \u00een final la cresterea efectului benefic al activit\u0103\u021bii noastre,<\/strong> dup\u0103 cum spuneam &#8211; prin efectul de armonizare al \u00eentregului grup \u0219i prin folosirea acestor tabere ca instrument de evolu\u021bie.<\/p>\n<p>Repet\u0103m, regulile acestea sunt de bun sim\u021b, ele ar trebui aplicate oriunde, nu numai \/ sau &#8211; cu at\u00e2t mai mult \u00eentr-o \u201ctab\u0103r\u0103 spiritual\u0103\u201d!<\/p>\n<p>3. Orgoliile, povestirile personale \u0219i \u201csfaturile \u00een\u021belepte\u201d nu au loc \u00een tab\u0103r\u0103, sunt l\u0103sate acas\u0103, sau, mai bine, eliminate complet: sunt recomandate compasiunea, \u00een\u021belegerea, practica medita\u021biei \u0219i a exercitiilor propuse de Maestrul nostru. De fapt, pentru asta v\u0103 afla\u021bi aici, nu pentru a v\u0103 ar\u0103ta \u201cvastele cuno\u0219tin\u021be ezoterice\u201d, nu pentru a v\u0103 l\u0103uda cu nu \u0219tiu se experien\u021be mistice (!), nu pentru a \u201cavea viziuni\u201d, a da sfaturi, sau pentru a fi, prin orice alt mijloc, \u00een centrul aten\u021biei\u2026<\/p>\n<p><strong>Unul dintre scopurile practicii spirituale este diminuarea ego-ului <\/strong>(vezi numeroasele texte LiLA ale \u0218colii de joi), a\u0219a c\u0103 v\u0103 invit\u0103m s\u0103 \u00een\u021belege\u021bi acest aspect \u0219i s\u0103 \u00eencerca\u021bi s\u0103 o face\u021bi \u0219i cu aceast\u0103 ocazie: tab\u0103ra este un foarte bun prilej de auto-observare \u0219i de lucru cu propriul ego! Un prim pas ar fi acela de a \u00eencerca s\u0103 nu v\u0103 tot sup\u0103ra\u021bi de fiecare dat\u0103 c\u00e2nd\u00a0ego-ul dvs.\u00a0se simte oarecum \u201catins\u201d \u00een importan\u021ba sa: sunt doar lec\u021bii, pe care le pute\u021bi folosi pentru auto-analiz\u0103, pentru con\u0219tientizare, pentru exersarea st\u0103rii de martor, \u0219i evident, pentru schimbare.<\/p>\n<p>4. \u00cen taberele \u00een care se pune accent pe <em>karma yoga<\/em> (munca \u00een folosul celorlal\u021bi), ar fi dr\u0103gu\u021b s\u0103 \u00een\u021belege\u021bi acest aspect \u0219i s\u0103 v\u0103 implica\u021bi \u00een respectivele activit\u0103\u021bi. <em>Karma yoga<\/em> dezvolt\u0103 compasiunea, deschide inima \u0219i ajut\u0103 la diminuarea importan\u021bei de sine&#8230;<\/p>\n<p>5. Organizatorii se str\u0103duiesc mereu s\u0103 conceap\u0103 un program divers, concentrat \u0219i eficient, de aceea v\u0103 rug\u0103m s\u0103 le respecta\u021bi efortul \u0219i s\u0103 participa\u021bi la acesta. Mai ales dac\u0103 sunte\u021bi \u00eencep\u0103tor, tendin\u021ba va fi de a comenta \u0219i critica: \u00eencerca\u021bi s\u0103 ave\u021bi \u00eencredere \u00een noi, s\u0103 fi\u021bi deschi\u0219i, de fapt de asta v\u0103 afla\u021bi aici, pentru a \u00eenv\u0103\u021ba ceva ce nu \u0219ti\u021bi!<\/p>\n<p>Comentariile \u0219i criticile apar\u021bin desigur, tot ego-ului, care-\u0219tie-el-mai-bine-despre-ce-este-vorba, evident! care-a-fost-el-\u00een-nu-\u0219tiu-ce-alt-retreat-unde-se-practica-asta-\u0219i-ailalt\u0103&#8230; care&#8230; care&#8230; care&#8230;<\/p>\n<p>6. Regimul alimentar \u00een tab\u0103r\u0103 este obligatoriu &#8211; lacto-vegetarian.<\/p>\n<p>\u00cen taberele pentru avansa\u021bi vom mai putea introduce anumite restric\u021bii alimentare, auto-gospod\u0103rire, condi\u021bii rustice, etc., toate acestea anun\u021bate \u00een prealabil.<\/p>\n<p>Participan\u021bii pot s\u0103-\u0219i aduc\u0103 hran\u0103, cafea, apa, ceaiuri, biscui\u021bi, fructe, alte alimente, care vor fi consumate \u00een pauzele stabilite. \u00cen plus, masa de pr\u00e2nz va consta de multe ori exact din aceste produse, luate la pache\u021bel.<\/p>\n<p>7. Este interzis consumul de alcool sau alte substante excitante ale sistemului nervos pe toat\u0103 durata taberei.<\/p>\n<p>8. Ar fi de preferat s\u0103 nu fuma\u021bi. Cei care nu se pot l\u0103sa de fumat chiar acum, se pot retrage discret din c\u00e2nd \u00een c\u00e2nd, ei cu dependen\u021ba lor, f\u0103r\u0103 a-i deranja \u00eens\u0103 pe ceilal\u021bi \u0219i f\u0103r\u0103 a perturba programul comun.<\/p>\n<p>9. De\u015fi \u201cprogramul\u201d este flexibil, totu\u015fi, pentru a nu ne deranja unii pe altii \u0219i pentru a ob\u021bine un maximum de beneficii se impune <strong>respectarea strict\u0103 a activit\u0103\u0163ilor programate<\/strong> (meditatii, practic\u0103, cursuri, plimb\u0103ri \u0219i drumetii), dar \u015fi a <strong>orelor convenite <\/strong>(de trezire, de mas\u0103, precum \u0219i a celorlalte activit\u0103\u021bi), iar participarea va fi general\u0103.<\/p>\n<p>Dac\u0103 din motive de s\u0103n\u0103tate cineva nu poate participa la unele activit\u0103\u021bi care presupun un efort fizic crescut, persoana respectiv\u0103 va anun\u021ba din timp organizatorii pentru g\u0103sirea unei alternative.<\/p>\n<p>10. \u00cen toate deplas\u0103rile \u00een grup: nu p\u0103r\u0103si\u021bi grupul, nu v\u0103 \u00eendep\u0103rta\u021bi de grup \u0219i v\u0103 rug\u0103m s\u0103 nu ave\u021bi tot felul de alte ini\u021biative personale (de obicei teribiliste, care, evident, \u021bin tot de importan\u021ba de sine!).<\/p>\n<p>\u00cen cazul unei probleme reale \u2013 anun\u021ba\u021bi organizatorii \u0219i vom g\u0103si o solu\u021bie pentru aceasta.<\/p>\n<p>Tab\u0103ra presupune o responsabilitate a organizatorilor, dar \u0219i o responsabilizare a fiec\u0103ruia! \u00cen plus, \u00eenv\u0103\u021b\u0103m s\u0103-i respect\u0103m \u0219i s\u0103-i ajut\u0103m pe ceilal\u021bi, haide\u021bi s\u0103 nu ne mai pese numai de noi \u00een\u0219ine!<\/p>\n<p>11. Majoritatea taberelor se desf\u0103\u0219oar\u0103 la munte. P\u00e2n\u0103 s\u0103 existe regulamentul LiLA, au existat (\u0219i exist\u0103!!!) regulile muntelui, referitoare la echipamentul montan (insist\u0103m \u00een fiecare tab\u0103r\u0103 atunci c\u00e2nd este cazul, asupra echip\u0103rii adecvate!), referitoare la un anumit tip de comportament (mersul \u00een grup, respectul celorlal\u021bi, \u00eentrajutorarea, etc.), dar \u0219i la respectul fa\u021b\u0103 de munte, fa\u021b\u0103 de toate fiin\u021bele ce vie\u021buiesc pe munte, plante, animale, bun sim\u021b \u0219i respect fa\u021b\u0103 de natur\u0103 \u00een general. Taberele \u00ee\u0219i propun s\u0103 ne \u00eenve\u021be \u0219i aceste lucuri.<\/p>\n<p>12. Este de dorit s\u0103 cre\u0103m \u0219i s\u0103 p\u0103str\u0103m o stare de liniste (<strong>practicarea T\u0103cerii \u0219i a lini\u0219tii interioare<\/strong>) at\u00e2t la mas\u0103 c\u00e2t \u0219i \u00een timpul exerci\u021biilor, <strong>pe \u00eentreaga durat\u0103 a taberei.<\/strong> Este recomandat ca fiecare participant s\u0103 urm\u0103reasc\u0103 s\u0103 creeze o stare de pace, at\u00e2t interioar\u0103 c\u00e2t \u0219i exterioar\u0103, de fapt acesta este unul din scopurile taberei!<\/p>\n<p><strong>Vorb\u0103ria extern\u0103 \u0219i intern\u0103 \u2013 este mereu despre sine!<\/strong> \u0219i este \u201cunealta cea perfid\u0103\u201d a ego-ului&#8230; \u00cencerca\u021bi s\u0103 v\u0103 auto-observa\u021bi, sau m\u0103car s\u0103 primi\u021bi sugestiile\/ rug\u0103min\u021bile din partea celorlal\u021bi, referitoare la T\u0102CERE&#8230;<\/p>\n<p>13. Orice incident, observatie sau obiec\u021bie se comunic\u0103 numai organizatorilor, care vor \u00eencerca sa remedieze situa\u021bia \u00een mod corect \u0219i obiectiv, f\u0103r\u0103 a strica armonia \u0219i lini\u0219tea celorlalti participan\u021bi.<\/p>\n<p>14. <strong>Organizatorii au dreptul \u0219i obliga\u021bia!<\/strong> <strong>de a lua m\u0103suri <\/strong>\u00een toate situa\u021biile \u00een care apar diferite st\u0103ri de tensiune, conflicte, etc.<\/p>\n<p>Ei particip\u0103 deja de mai mul\u021bi ani la practica LiLA, inclusiv tabere, au \u00een\u021beles conceptele LiLA, se str\u0103duiesc s\u0103 le practice \u00een via\u021ba de zi cu zi, au \u00een\u021beles rostul taberelor \u0219i al practicii, dinamica de grup, etc., sunt deci \u00een m\u0103sur\u0103 s\u0103 v\u0103 ajute, s\u0103 v\u0103 mai explice c\u00e2te ceva sau chiar s\u0103 ia m\u0103suri mai hot\u0103r\u00e2te&#8230;<\/p>\n<p>15. Ne rezerv\u0103m dreptul de a refuza \u00eenscrierea anumitor persoane, precum \u0219i dreptul de a solicita p\u0103r\u0103sirea taberei de c\u0103tre unii participan\u0163i \u00een cazul \u00een care ace\u015ftia nu \u00een\u021beleg necesitatea respect\u0103rii unor reguli de bun sim\u021b, ca cele men\u021bionate mai sus, aduc atingere armoniei grupului,&#8230; ca s\u0103 nu mai vorbim de discrepan\u021ba dintre nivelul acestor reguli (de multe ori vorbim, de fapt, despre cei \u201c7 ani de-acas\u0103\u201d!) \u0219i preten\u021biile \u201cspirituale\u201d ale majorit\u0103\u021bii participan\u021bilor.<\/p>\n<p>\u0218i iat\u0103, din nou, este o bun\u0103 oportunitate de <strong>cenzurare a ego-ului, inclusiv a celui spiritual!<\/strong><\/p>\n<p>16. Unul dintre scopurile taberei este acela de a v\u0103 (re)\u00eenv\u0103\u021ba asumarea propriilor decizii \u0219i comportamente. Prin \u00eenscrierea dvs. \u00een tab\u0103r\u0103 v\u0103 ve\u021bi asuma deci tot ceea ce \u021bine de participare, ca program, organizare, comportament, atitudine, concepte. V\u0103 sf\u0103tuim \u00een acest sens \u2013 <strong>s\u0103 citi\u021bi\/ reciti\u021bi \u201d\u00cencerc\u0103rile LiLA\u201d, \u0219i mai ales &#8211; s\u0103 le \u0219i practica\u021bi<\/strong>. M\u0103car pe parcursul taberei.<\/p>\n<p>\u0218i nu uita\u021bi: at\u00e2ta timp c\u00e2t \u00een noi este liniste \u0219i armonie, \u00een jurul nostru r\u0103sp\u00e2ndim aceast\u0103 armonie! (\u0219i invers, vom r\u0103sp\u00e2ndi \u0219i vom atrage exact ceea ce avem \u00een noi!)<\/p>\n<p>A\u0219adar, \u00een \u00eencercarea de a g\u0103si calea spre lini\u0219tea \u0219i armonia din noi \u00een\u0219ine &#8211; precum \u0219i cu ceilal\u021bi, \u00een \u00eencercarea de a \u00eenv\u0103\u021ba \u0219i de a practica c\u00e2t mai mult \u0219i c\u00e2t mai cu folos,<\/p>\n<p>v\u0103 a\u0219tept\u0103m cu drag,<\/p>\n<p>Comitetul de organizare<\/p>\n<p><em>Am luat la cuno\u0219tin\u021b\u0103 \u0219i sunt de acord cu regulamentul taberelor LiLA, <\/em><\/p>\n<p><em>\u00a0<\/em><\/p>\n<p><em>Semn\u0103tura, \u00a0\u00a0\u00a0\u00a0\u00a0\u00a0\u00a0\u00a0\u00a0\u00a0\u00a0\u00a0\u00a0\u00a0\u00a0\u00a0\u00a0\u00a0\u00a0\u00a0\u00a0\u00a0\u00a0\u00a0\u00a0\u00a0\u00a0\u00a0\u00a0\u00a0\u00a0\u00a0\u00a0\u00a0\u00a0\u00a0\u00a0\u00a0\u00a0\u00a0\u00a0\u00a0\u00a0\u00a0\u00a0\u00a0\u00a0\u00a0\u00a0\u00a0\u00a0\u00a0\u00a0\u00a0\u00a0\u00a0\u00a0\u00a0\u00a0\u00a0\u00a0\u00a0\u00a0\u00a0\u00a0\u00a0\u00a0\u00a0 Data,<\/em><\/p>\n<p><em>\u00a0<\/em><\/p>\n<p>&#8230;&#8230;&#8230;&#8230;&#8230;&#8230;&#8230;.<\/p>\n<p>&nbsp;<\/p>\n<p><strong>LiLA este o \u0218coal\u0103 Spiritual\u0103.<\/strong> Aceste tabere fac parte din practica unei \u0219coli spirituale, se bazeaz\u0103 pe o anumit\u0103 filozofie, \u00eencearc\u0103 s\u0103 integreze anumite concepte \u0219i s\u0103 le aplice. \u00cen acest sens, ele pot deveni un \u201cantrenament\u201d pentru via\u021ba de zi cu zi a fiec\u0103ruia.<\/p>\n<p>\u00cen\u021belegerea conceptelor necesit\u0103 \u00eens\u0103 timp, interes real, tenacitate \u0219i&#8230; \u00cen\u021belegere. <strong>Pute\u021bi relua textele LiLA \u00een acest sens, ele vor arunca o nou\u0103 lumin\u0103 asupra practicii din tab\u0103r\u0103.<\/strong> \u0218i asta se va \u00eent\u00e2mpla de fiecare dat\u0103 c\u00e2nd le ve\u021bi reciti (ideal ar fi s\u0103 le reciti\u021bi, din c\u00e2nd \u00een c\u00e2nd!): pentru c\u0103 ceva se schimb\u0103 \u00een dvs. \u0219i \u00een acea \u00cen\u021belegere, cu fiecare pas pe calea practicii. Cu fiecare recitire a unui text sau cu fiecare nou\u0103 tab\u0103r\u0103 \u2013 ve\u021bi mai descoperi c\u00e2te ceva, ve\u021bi mai \u00een\u021belege c\u00e2te ceva.<\/p>\n<p>\u0218i pentru c\u0103 fiecare moment este diferit, unic. La fel &#8211; \u0219i taberele. Totul este s\u0103 nu le aplica\u021bi \u0219abloanele dvs. preformate, care le vor s\u0103r\u0103ci de tot sensul lor. Iar dvs. ve\u021bi r\u0103m\u00e2ne tot captivi \u00een \u00eenchisoarea acelor \u0219abloane.<\/p>\n<p>\u0218i \u00eenc\u0103 ceva: ar fi fost ideal s\u0103 nu avem nevoie de un regulament. \u00cen speran\u021ba c\u0103 regulamentele de genul acestuia vor deveni inutile c\u00e2ndva, prin cre\u0219terea nivelului de con\u0219tiin\u021b\u0103 al oamenilor, v\u0103 a\u0219tept\u0103m cu drag.<\/p>\n<p>Nivelul de con\u0219tiin\u021b\u0103 poate c\u0103 va cre\u0219te \u0219i prin aceste tabere. Acesta este scopul lor.<\/p>\n<p>Indra<\/p>\n<p>&nbsp;<\/p>\n<p>&nbsp;<\/p>\n","protected":false},"excerpt":{"rendered":"<p>REGULAMENTUL TABERELOR SPIRITUALE \u201cLiLA\u201d Dragi participan\u021bi, taberele noastre spirituale, pe care \u00eencerc\u0103m s\u0103 le organizam cu mult entuziasm \u0219i iubire, reprezint\u0103 un prilej de a sta c\u00e2t mai mult al\u0103turi de Maestrul nostru, Indra, care ne d\u0103 ocazia de a \u00eenv\u0103\u021ba, de a experimenta \u0219i de a descoperi valen\u021be noi despre ceea ce suntem cu [&hellip;]<\/p>\n","protected":false},"author":1,"featured_media":0,"parent":36,"menu_order":0,"comment_status":"open","ping_status":"open","template":"","meta":[],"_links":{"self":[{"href":"https:\/\/lila-spirit.ro\/wp\/index.php?rest_route=\/wp\/v2\/pages\/38"}],"collection":[{"href":"https:\/\/lila-spirit.ro\/wp\/index.php?rest_route=\/wp\/v2\/pages"}],"about":[{"href":"https:\/\/lila-spirit.ro\/wp\/index.php?rest_route=\/wp\/v2\/types\/page"}],"author":[{"embeddable":true,"href":"https:\/\/lila-spirit.ro\/wp\/index.php?rest_route=\/wp\/v2\/users\/1"}],"replies":[{"embeddable":true,"href":"https:\/\/lila-spirit.ro\/wp\/index.php?rest_route=%2Fwp%2Fv2%2Fcomments&post=38"}],"version-history":[{"count":11,"href":"https:\/\/lila-spirit.ro\/wp\/index.php?rest_route=\/wp\/v2\/pages\/38\/revisions"}],"predecessor-version":[{"id":1920,"href":"https:\/\/lila-spirit.ro\/wp\/index.php?rest_route=\/wp\/v2\/pages\/38\/revisions\/1920"}],"up":[{"embeddable":true,"href":"https:\/\/lila-spirit.ro\/wp\/index.php?rest_route=\/wp\/v2\/pages\/36"}],"wp:attachment":[{"href":"https:\/\/lila-spirit.ro\/wp\/index.php?rest_route=%2Fwp%2Fv2%2Fmedia&parent=38"}],"curies":[{"name":"wp","href":"https:\/\/api.w.org\/{rel}","templated":true}]}}