{"id":3818,"date":"2020-04-27T17:48:29","date_gmt":"2020-04-27T14:48:29","guid":{"rendered":"https:\/\/lila-spirit.ro\/wp\/?page_id=3818"},"modified":"2020-04-27T17:48:30","modified_gmt":"2020-04-27T14:48:30","slug":"in-ce-mod-ne-putem-ajuta-de-o-situatie-de-criza","status":"publish","type":"page","link":"https:\/\/lila-spirit.ro\/wp\/?page_id=3818","title":{"rendered":"\u00cen ce mod ne putem ajuta de o situa\u021bie \u201dde criz\u0103\u201d?!"},"content":{"rendered":"\n<p style=\"text-align:center\"><strong>Straturi revelate \u00een vremuri <\/strong><strong>\u201c<\/strong><strong>de criz\u0103\u201d\u2026 <\/strong><\/p>\n\n\n\n<p>&nbsp;&nbsp;&nbsp;&nbsp;&nbsp;&nbsp;&nbsp;&nbsp;&nbsp;&nbsp; Exist\u0103\nanumite straturi pot fi revelate de c\u0103tre orice situa\u021bie \u201cde criz\u0103\u201d, mai\nmare sau mai mic\u0103.\nVom vorbi, c\u00e2te ceva, despre ele, subiectul fiind de mare actualitate.<\/p>\n\n\n\n<p><strong><em>&nbsp;&nbsp;&nbsp;&nbsp;&nbsp;&nbsp;&nbsp;&nbsp;&nbsp;&nbsp;&nbsp; At\u00e2ta\ndoar c\u0103 \u021bine de mine s\u0103 le descop\u0103r, iar, mai apoi, s\u0103 lucrez asupra lor. <\/em><\/strong><\/p>\n\n\n\n<p><strong><em>&nbsp;&nbsp;&nbsp;&nbsp;&nbsp;&nbsp;&nbsp;&nbsp;&nbsp;&nbsp;&nbsp; <\/em><\/strong>\u00cen acest sens exist\u0103 exerci\u021biile dedicate\nde cur\u0103\u021bare, du\u0219ul de energie \u0219i \u201c\u00eendep\u0103rtarea pieilor de \u0219arpe\u201d, textul de mai jos\nfind, de fapt, o list\u0103 ajut\u0103toare pentru aceste exerci\u021bii).<\/p>\n\n\n\n<p>&nbsp;&nbsp;&nbsp;&nbsp;&nbsp;&nbsp;&nbsp;&nbsp;&nbsp; Exerci\u021bii care ne propun s\u0103 d\u0103m jos\nbuc\u0103\u021bi mari de ego, straturi de ego. Straturi peste straturi\u2026Jupuim, dezbr\u0103c\u0103m, d\u0103m jos ca pe ni\u0219te\npiei, elemente componente ale acestui \u201ceu\u201d\u2026<\/p>\n\n\n\n<p>&nbsp;<strong>&nbsp;&nbsp;&nbsp;&nbsp;&nbsp;&nbsp;&nbsp;&nbsp;&nbsp;&nbsp;&nbsp; <\/strong>Important de\n\u00een\u021beles este faptul c\u0103<strong> unele dintre aceste\nstraturi, devenite predominante \u0219i foarte puternice, sunt cele care genereaz\u0103\nmodul meu de a fi: fricos, confuz, nev\u0103z\u0103tor, rigid, etc.<\/strong> <\/p>\n\n\n\n<p>&nbsp;&nbsp;&nbsp;&nbsp;&nbsp;&nbsp;&nbsp;&nbsp;&nbsp; Fiind straturi dominante, poate s\u0103 le\nv\u0103d \u0219i s\u0103 le prind mai u\u0219or pe acestea, adic\u0103 s\u0103 recunosc c\u00e2teva caracteristici\ndominante ale modului meu de func\u021bionare. (De exemplu: m-am dovedit a fi la\u0219 \u00een\nsitua\u021bia de criz\u0103; s\u0103 recunosc, acum, retrospectiv, acea la\u0219itate \u2013 \u00een \u00eentreaga\nmea via\u021b\u0103, precum un \u201cfir c\u0103l\u0103uzitor\u201d: am fost la\u0219 \u00een rela\u021bia cu\npartenerul, \u00een rela\u021bia cu colegii, ca s\u0103 nu mai vorbim despre \u0219efi&#8230;, am\nf\u0103cut, mereu doar \u201cce se cade, ce trebuie\u201d, ca s\u0103 dea bine imaginea mea. Acesta\neste un mod de func\u021bionare, eviden\u021biat, acum \u00een mod expres, de respectiva criz\u0103\n\u201cexterioar\u0103\u201d).<\/p>\n\n\n\n<p>&nbsp;&nbsp;&nbsp;&nbsp;&nbsp;&nbsp;&nbsp;&nbsp;&nbsp; <strong>Toat\u0103 lumea are toate aceste straturi, doar c\u0103 \u00een\npropor\u021bii diferite. Compunerea lor determin\u0103 <\/strong><strong>\u201cprofilul de personalitate\u201d al\nfiec\u0103ruia, precum \u0219i acel nivel de con\u0219tiin\u021b\u0103, <\/strong>pe\ncare \u00eel tot amintim.<strong><\/strong><\/p>\n\n\n\n<p>&nbsp;&nbsp;&nbsp;&nbsp;&nbsp;&nbsp;&nbsp;&nbsp;&nbsp;&nbsp; S\u0103 enumer\u0103m, deci, c\u00e2teva, \u00een scopul\nde a avea un material foarte concret \u0219i personal de lucru.<strong> <\/strong><\/p>\n\n\n\n<p><strong>&nbsp;&nbsp;&nbsp;&nbsp;&nbsp;&nbsp;&nbsp;&nbsp;&nbsp;&nbsp;&nbsp; <\/strong>\u00cenc\u0103 ceva: \u00een toate cele\nenumerate \u2013 va fi vorba de starea interioar\u0103 \u0219i nu de o eventual\u0103\nfrond\u0103, exhibi\u021bionism, anarhie. <\/p>\n\n\n\n<p>&nbsp;&nbsp;&nbsp;&nbsp;&nbsp;&nbsp;&nbsp;&nbsp;&nbsp; <strong>Manifestarea exterioar\u0103 ar trebui s\u0103 decurg\u0103 din acea\nCale de mijloc, a unei \u00een\u021belegeri mai ample \u0219i a transcenderii\u2026<\/strong> (dar asta este o alt\u0103 discu\u021bie, un alt pas \u0219i un\nalt\u2026 nivel de con\u0219tiin\u021b\u0103! Dar pentru a ajunge acolo, mai \u00eent\u00e2i vom avea de\ncur\u0103\u021bat, de \u201cdezbr\u0103cat, tot felul de piei\u201d de ur\u00e2\u021benii).<\/p>\n\n\n\n<p>&nbsp;<strong>&nbsp;&nbsp;&nbsp;&nbsp;&nbsp;&nbsp;&nbsp;&nbsp;&nbsp;&nbsp;&nbsp; Straturile decurg unul dintr-altul, se \u00eenl\u0103n\u021buie, se\ncompun, se structureaz\u0103, se \u00eent\u0103resc, se sus\u021bin. De la unele foarte primitive \u2013\nspre mari compozi\u021bii egotice.<\/strong><\/p>\n\n\n\n<p><strong>&nbsp;&nbsp;&nbsp;&nbsp;&nbsp;&nbsp;&nbsp;&nbsp;&nbsp;&nbsp;&nbsp;&nbsp; <\/strong>\u00cencepem, desigur, cu<strong> frica<\/strong>, marele strat atavic, primitiv,\nal supravie\u021buirii. (Pentru exersare, retr\u0103iesc un moment de fric\u0103, \u00eel simt \u0219i\nvoi da jos, mai apoi, \u00eentreg strat energetic de fric\u0103. Important este s\u0103 prind\nsenza\u021bia respectiv\u0103, apoi s\u0103 m\u0103 dezbrac de el c\u00e2t mai eficient; \u0219i nu \u00een\nultimul r\u00e2nd, s\u0103 \u00eel dau jos pe cel c\u0103ruia \u00eei este fric\u0103, ca s\u0103 prind, deja,\nceva din ego).<\/p>\n\n\n\n<p><strong>&nbsp;&nbsp;&nbsp;&nbsp;&nbsp;&nbsp;&nbsp;&nbsp;&nbsp;&nbsp;&nbsp; Frica\nde schimbare, frica de boal\u0103, frica subcon\u0219tient\u0103. <\/strong>\u00cen esen\u021b\u0103, este vorba de <strong>frica de moarte<\/strong>, chiar dac\u0103 nu am curajul, sau\nluciditatea, s\u0103 recunosc asta!<\/p>\n\n\n\n<p>&nbsp;&nbsp;&nbsp;&nbsp;&nbsp;&nbsp;&nbsp;&nbsp;&nbsp;&nbsp; Din ea decurge, imediat, <strong>la\u0219itatea: <\/strong>mi-e fric\u0103, fug, m\u0103 ascund,\nm\u0103 de-responsabilizez. <\/p>\n\n\n\n<p>&nbsp;&nbsp;&nbsp;&nbsp;&nbsp;&nbsp;&nbsp;&nbsp;&nbsp; \u0218i <strong>egoismul:<\/strong> s\u0103 m\u0103 ap\u0103r doar eu pe mine \u0219i pe familia mea, restul\nomenirii nu m\u0103 intereseaz\u0103. Nu-mi pas\u0103 de al\u021bii, func\u021bioneaz\u0103 doar auto-protec\u021bia.\n<strong>Nep\u0103sare, lips\u0103 complet\u0103 de empatie.<\/strong><\/p>\n\n\n\n<p>&nbsp;&nbsp;&nbsp;&nbsp;&nbsp;&nbsp;&nbsp;&nbsp;&nbsp; Toate acestea sunt <strong>primitivismele reac\u021biei lupt\u0103 sau fugi<\/strong>,\na primelor dou\u0103 chakre. <\/p>\n\n\n\n<p><strong>&nbsp;&nbsp;&nbsp;&nbsp;&nbsp;&nbsp;&nbsp;&nbsp;&nbsp;&nbsp;&nbsp; <\/strong>Sus\u021binute de<strong> violen\u021b\u0103, agresivitate<\/strong>: violen\u021ba \u00een a\nm\u0103 ap\u0103ra, violen\u021b\u0103 care te \u00eempinge la reac\u021bii extreme \u0219i la pierderea bunului\nsim\u021b cel mai elementar.<\/p>\n\n\n\n<p>&nbsp;&nbsp;&nbsp;&nbsp;&nbsp;&nbsp;&nbsp;&nbsp;&nbsp; Apoi sunt <strong>v<\/strong><strong>iolen\u021bele <\/strong>\u201c<strong>subtile\u201d, <\/strong>adic\u0103\no sumedenie de gesturi, de g\u00e2nduri, fapte, care sunt considerate \u201cceva\nbanal\u201d sau \u201cacceptabile\u201d \u00een mod curent, \u00een lumea\nomeneasc\u0103. Cu at\u00e2t mai mult \u00eentr-o situa\u021bie de criz\u0103, c\u00e2nd toat\u0103 lumea \u201cconsider\u0103\nnormal\u201d s\u0103 fac\u0103 \u00eentr-un anume fel. Iar dac\u0103 mai am \u0219i sprijinul mediatic \u0219i al\nautorit\u0103\u021bilor&#8230;, iat\u0103 turma, \u00een plin\u0103 for\u021b\u0103, statu\u00e2ndu-\u0219i noile reguli (de\nfapt, acelea\u0219i reguli primitive, coafate, \u00eens\u0103, acum, sub alte forme mult mai\nelaborate). &nbsp;&nbsp;&nbsp;&nbsp; Dublate de <strong>rigidit\u0103\u021bile,\n\u00eenchistarea, \u00eencr\u00e2ncenarea<\/strong> &#8211; \u00een dreptatea ta, \u00een \u0219tiutul t\u0103u, \u00een modul t\u0103u de a vedea lucrurile,\nsau de a le face. Sau ale societ\u0103\u021bii, guvernului, oamenilor de \u0219tiin\u021b\u0103.\nDublate, deci, de modul colectiv de a face toate astea. O turm\u0103 cu preten\u021bii de\n\u201cciviliza\u021bie\u201d.<\/p>\n\n\n\n<p>&nbsp;&nbsp;&nbsp;&nbsp;&nbsp;&nbsp;&nbsp;&nbsp;&nbsp; Alte violen\u021be mai greu de identificat:\nviolen\u021ba cu care te aperi, imediat, sau te justifici, atunci c\u00e2nd ego\u2011ul t\u0103u se\nsimte amenin\u021bat: \u201cnu fac eu asta\u201d&#8230;<\/p>\n\n\n\n<p>&nbsp;&nbsp;&nbsp;&nbsp;&nbsp;&nbsp;&nbsp;&nbsp;&nbsp; Violen\u021ba cu care \u00ee\u021bi umpli co\u0219ul de\ncump\u0103r\u0103turi: \u201cs\u0103 am!\u201d \u201cEu, pentru mine! Ceilal\u021bi, duc\u0103-se!\u201d. Instict sadea. M\u0103 lupt\nla pia\u021b\u0103, dau din coate, \u201cs\u0103 \u00eenha\u021b, eu\u201d. Oare este chiar a\u0219a o mare deosebire \u2013\nfa\u021b\u0103 de hienele care devoreaz\u0103 un cadavru?! <\/p>\n\n\n\n<p>&nbsp;&nbsp;&nbsp;&nbsp;&nbsp;&nbsp;&nbsp;&nbsp;&nbsp; Vai de mine: eu am un co\u0219 de cump\u0103r\u0103turi,\nmasc\u0103 la gur\u0103 \u0219i m\u0103nu\u0219i&#8230;\n\n&nbsp;&nbsp;&nbsp;&nbsp;&nbsp;&nbsp;&nbsp;&nbsp;&nbsp; Dar interiorul, panicat \u0219i h\u0103mesit?!<br><strong><\/strong>Sau, invers,<strong> &nbsp;nevoia de aplauze, s\u0103 m\u0103 situez \u00een centrul\nac\u021biunii, s\u0103 fiu erou! <\/strong>S\u0103 m\u0103 eviden\u021biez, sunt cel mai activ, m\u0103 arunc \u00een\nfl\u0103c\u0103ri, salvez\u2026: dar fac asta din nevroza complexului de erou \u0219i nu din vreo\ncompasiune autentic\u0103.&nbsp; <\/p>\n\n\n\n<p>&nbsp;&nbsp;&nbsp;&nbsp;&nbsp;&nbsp;&nbsp;&nbsp;&nbsp;&nbsp;&nbsp;&nbsp;Iar cine nu este un mare lupt\u0103tor, va\ndeveni \u2013 victim\u0103. <strong>Victimizarea<\/strong>: \u201cuite ce mi se \u00eent\u00e2mpl\u0103, c\u00e2te\nnenorociri \u00eendur\u201d, care m\u0103 stafide\u0219te, m\u0103 chirce\u0219te\u2026 \u201cCe vremuri\ntr\u0103im\u201d&#8230;\n\n<\/p>\n\n\n\n<p><strong>&nbsp;&nbsp;&nbsp;&nbsp;&nbsp;&nbsp;&nbsp;&nbsp;&nbsp;&nbsp;&nbsp; A\u0219tept\u0103rile<\/strong> (cineva s\u0103 fac\u0103 pentru mine),\neu stau, a\u0219tept \u0219i\u2026 comentez, eventual, ceea ce fac al\u021bii. Dar tu \u2013 ce faci?!<\/p>\n\n\n\n<p><strong>&nbsp;&nbsp;&nbsp;&nbsp;&nbsp;&nbsp;&nbsp;&nbsp;&nbsp;&nbsp;&nbsp; <\/strong>Desigur, tu nu ai nimic de-a face\ncu cauzele acestor vremuri! Al\u021bii sunt de vin\u0103, virusul, emigran\u021bii, guvernul.<strong>\nCritica, judecata, g\u0103sirea de vinova\u021bi<\/strong> \u2013 care vin din ne-asumare \u0219i de-responsabilizare.<\/p>\n\n\n\n<p><strong>&nbsp;&nbsp;&nbsp;&nbsp;&nbsp;&nbsp;&nbsp;&nbsp;&nbsp;&nbsp;&nbsp;&nbsp; <\/strong><strong>Ne-\u00een\u021belegerea,\nne-vederea, <\/strong>lips\u0103\ncomplet\u0103 de con\u0219tientizare \u0219i neputin\u021b\u0103 de a ie\u0219i din capcana\npanic\u0103-violen\u021b\u0103-egoism\u2013nevoia-de-supravie\u021buirea. Exist\u0103 stratul de ne-vedere\ngrosier\u0103 (nu m\u0103 v\u0103d c\u00e2t sunt de violent), dar sunt \u0219i straturi de ne-\u00een\u021belegere\nmai fin\u0103\u2026 <strong>P\u00e2n\u0103 la ne-\u00een\u021belegerea\nimpermanen\u021bei, <\/strong>pentru c\u0103 am vorbit despre asta. <\/p>\n\n\n\n<p>&nbsp;&nbsp;&nbsp;&nbsp;&nbsp;&nbsp;&nbsp;&nbsp;&nbsp; Nici nu-mi trece prin cap c\u0103 a\u0219 putea\ns\u0103 mor! \u0218i dac\u0103, totu\u0219i, \u00eemi vine, \u00een minte, a\u0219a ceva, ori se reactiveaz\u0103\nfrica, ori se reactiveaz\u0103 protec\u021bia; dar elimin g\u00e2ndul c\u0103 o s\u0103 mor \u0219i eu,\nvreodat\u0103.  O situa\u021bie de criz\u0103 este un bun\nprilej m\u0103car de a cocheta cu ideea propriei mor\u021bi! A\u0219 putea s\u0103 m\u0103 \u00eengrijorez &#8211;\nm\u0103car pentru faptul c\u0103 nu sunt preg\u0103tit, absolut deloc, pentru moarte!<\/p>\n\n\n\n<p>&nbsp;&nbsp;&nbsp;&nbsp;&nbsp;&nbsp;&nbsp;&nbsp;&nbsp;&nbsp; Frica de moarte, bine camuflat\u0103,\nfoarte profund, \u00een subcon\u0219tient, nu m\u0103 las\u0103 s\u0103 tr\u0103ies, mai spuneam noi. Nu m\u0103\nlas\u0103 s\u0103 experimentez nimic, nici m\u0103car acum. <strong>Ne-experimentarea <\/strong>senza\u021biei de fric\u0103, ne-experimentarea a nimic,\nratez chiar \u0219i propria senza\u021bie de fric\u0103\u2026 (asta p\u00e2n\u0103 la a ajunge la dezidentificare,\np\u00e2n\u0103 la \u201ceu nu sunt\nfrica\u201d\u2026). M\u0103 anesteziez, bag capul \u00een p\u0103m\u00e2nt, precum stru\u021bul: nu vreau s\u0103 aud,\nv\u0103 vorbesc, s\u0103 g\u00e2ndesc nimic despre asta! Moartea = tabu! <\/p>\n\n\n\n<p>&nbsp;&nbsp;&nbsp;&nbsp;&nbsp;&nbsp;&nbsp;&nbsp;&nbsp;&nbsp; Apoi ajung la straturi ceva mai \u201csubtile\u201d,\ncrea\u021bii egotice prin excelen\u021b\u0103.<\/p>\n\n\n\n<p><strong>&nbsp;&nbsp;&nbsp;&nbsp;&nbsp;&nbsp;&nbsp;&nbsp;&nbsp;&nbsp;&nbsp; Faptul\nc\u0103 vreau ca lucrurile s\u0103 fie cum vreau eu<\/strong>, ceea ce duce la violen\u021be concrete (oamenii\najung s\u0103 se certe pe strad\u0103 &#8211; pentru c\u0103 simt nevoia s\u0103 se r\u0103zbune pe cineva,\ndin frustrarea ne-controlului). Dar \u0219i agresivitatea sup\u0103r\u0103rii pe Univers\u2026, ca\nstare interioar\u0103, pentru c\u0103 nu se supune planurilor mele (de via\u021b\u0103, de vacan\u021b\u0103,\nde var\u0103). <\/p>\n\n\n\n<p><strong>&nbsp;&nbsp;&nbsp;&nbsp;&nbsp;&nbsp;&nbsp;&nbsp;&nbsp;&nbsp;&nbsp; Arogan\u021ba<\/strong> de a controla orice situa\u021bie, acum \u2013\nepidemia: pentru <strong>c\u0103 mi se cuvine<\/strong> s\u0103\nfiu s\u0103n\u0103tos, \u00een form\u0103, mi se cuvine s\u0103 mi se supun\u0103, toate, mereu.<\/p>\n\n\n\n<p>&nbsp;<strong>&nbsp;&nbsp;&nbsp;&nbsp;&nbsp;&nbsp;&nbsp;&nbsp;&nbsp;&nbsp;&nbsp; Rigiditatea<\/strong> de a nu putea accepta\nschimbarea \u00een via\u021b\u0103\u2026<strong>&nbsp;&nbsp;&nbsp;&nbsp;&nbsp;&nbsp;&nbsp;&nbsp;&nbsp;&nbsp;&nbsp; Straturile de trecut, dorin\u021ba de a\nreveni la acel trecut, la via\u021ba mea de dinainte de episodul actual. Ata\u0219amentul<\/strong>, de nezdruncinat,<strong> fa\u021b\u0103 de zona \u0219tiut\u0103, zona de confort.<\/strong>  Iar pentru c\u0103 nu pot accepta schimb\u0103rile\ndramatice, va urma <strong>reconstruirea<\/strong>\nunei zonei de confort \u00een interiorul acestei perioade \u201cde criz\u0103\u201d. Care va trece \u0219i \u201ctotul va fi\nbine\u201d. <\/p>\n\n\n\n<p><strong>&nbsp;<\/strong>&nbsp;&nbsp;&nbsp;&nbsp;&nbsp;&nbsp;&nbsp;&nbsp;&nbsp; Sau, iat\u0103 c\u0103, pentru moment, nu mai sunt indispensabil\nsociet\u0103\u021bii!Ce-ar fi s\u0103 observ,\niar\u0103\u0219i,<strong> nevoia de valorizare, de imagine\nde sine\u2026 Excesele, ata\u0219amentele<\/strong> de toate bunurile \u0219i diplomele pe care le\nsocoteam indispensabile. Straturi peste straturi de ata\u0219amente, de imagine \u0219i\nde ata\u0219are fa\u021b\u0103 de acea imagine!\n\n<\/p>\n\n\n\n<p>&nbsp;&nbsp;&nbsp;&nbsp;&nbsp;&nbsp;&nbsp;&nbsp;&nbsp;&nbsp; Apoi sunt straturi predominent mentale.<\/p>\n\n\n\n<p><strong>&nbsp;&nbsp;&nbsp;&nbsp;&nbsp;&nbsp;&nbsp;&nbsp; Nevoia de a \u00een\u021belege cu mintea, <\/strong>g\u0103sirea de mii de explica\u021bii\n\u00eemb\u00e2rligate, teorii ale conspira\u021biei, dat cu p\u0103rerea, fire despicate \u00een patru\nsute \u0219i \u00eentoarse pe toate fe\u021bele\u2026 Enzime, vaccinuri, \u201csubtilit\u0103\u021bi\u201d\nmedicale, deh, un \u00eentreg arsenal de hr\u0103nit nebunia min\u021bii!<\/p>\n\n\n\n<p><strong>&nbsp;&nbsp;&nbsp;&nbsp;&nbsp;&nbsp;&nbsp;&nbsp;&nbsp;&nbsp;&nbsp; Vorb\u0103ria\nmental\u0103, lipsa de focusare, b\u00e2rfa, critica, superficialitatea preocup\u0103rilor\nmentale\u2026 <\/strong>Ce\nmai fac al\u021bii, vedetele, ce mai spune lumea. <\/p>\n\n\n\n<p>Precum\n\u0219i u\u0219urin\u021ba de a aluneca \u00een aceste capcane, instabilitatea, nestatornicia\nmin\u021bii\u2026 Adic\u0103 exact a\u0219a cum este ea, \u00een via\u021ba de zi cu zi: nu s-a schimbat\nnimic, se pare\u2026<\/p>\n\n\n\n<p><strong>&nbsp;&nbsp;&nbsp;&nbsp;&nbsp;&nbsp;&nbsp;&nbsp;&nbsp;&nbsp;&nbsp; Limitarea la \u0219i de propriile\npercep\u021bii<\/strong>.\nRespingerea unui poten\u021bial ajutor &#8211; care are alt\u0103 form\u0103 dec\u00e2t cea cu care sunt\nobi\u0219nuit\u2026<\/p>\n\n\n\n<p><strong>&nbsp;&nbsp;&nbsp;&nbsp;&nbsp;&nbsp;&nbsp;&nbsp;&nbsp;&nbsp;&nbsp; Proiec\u021biile,<\/strong> \u201c\u0219tiu eu cum va fi\u201d. \u201cV\u0103 spun\neu!\u201d.<strong>&nbsp;&nbsp;&nbsp;&nbsp;&nbsp;&nbsp;&nbsp;&nbsp;&nbsp;&nbsp;&nbsp; Ne\u00eencrederea \u00een existen\u021ba unui strat\nenergetic dincolo de materia vizibil\u0103 <\/strong>(\u201cexist\u0103\ndoar ceea ce v\u0103d, emo\u021biile nu le v\u0103d \u0219i atunci nu m\u0103 pot dezbr\u0103ca de ele\u201d). <strong>Falsa cunoa\u0219tere, \u00een\u021belegerile mele,\n\u0219tiuturile\u2026 &nbsp;Autosuficien\u021ba\u2026<\/strong><strong>&nbsp;&nbsp;&nbsp;&nbsp;&nbsp;&nbsp;&nbsp;&nbsp;&nbsp;&nbsp;&nbsp;&nbsp; <\/strong>Oare pot<strong> renun\u021ba, <\/strong>la acest\u201ceu\u201d, a\u0219a cum\nsunt acum?!&nbsp;<strong>&nbsp;&nbsp;&nbsp;&nbsp;&nbsp;&nbsp;&nbsp;&nbsp;&nbsp;&nbsp;&nbsp; Lenea \u00een a practica, \u00een a munci cu\nmine \u00eensumi, tamasul, iner\u021bia, obi\u0219nuin\u021ba cu mine \u00eensumi\u2026<\/strong><\/p>\n\n\n\n<p>&nbsp;&nbsp;&nbsp;&nbsp;&nbsp;&nbsp;&nbsp;&nbsp;&nbsp; Sumariz\u00e2nd, <strong>prostia,\nignoran\u021ba\u2026<\/strong><\/p>\n\n\n\n<p><strong>&nbsp;&nbsp;&nbsp;&nbsp;&nbsp;&nbsp;&nbsp;&nbsp;&nbsp; Preten\u021biile fals-spirituale, <\/strong>faptul c\u0103 \u00eemi \u00eenchipui c\u0103 un \u201cneti neti\u201d,\nrepetat c\u00e2nd \u0219i c\u00e2nd, m\u0103 va ajuta s\u0103 \u201cdecopertez\u201d tot acest morman de straturi!\nDar sun\u0103 tare bine, am o practic\u0103 cu adev\u0103rat \u201cspiritual\u0103\u201d.<\/p>\n\n\n\n<p>&nbsp;&nbsp;&nbsp;&nbsp;&nbsp;&nbsp;&nbsp;&nbsp;&nbsp; Chiar a\u0219a?! Haide s\u0103 revin la\n\u00eenceputul listei, la fric\u0103 \u0219i la\u0219itate \u2013 \u0219i s\u0103 m\u0103 auto-evaluez!<\/p>\n\n\n\n<p>&nbsp;&nbsp;&nbsp;&nbsp;&nbsp;&nbsp;&nbsp;&nbsp;&nbsp; Preten\u021bia de a avea o leg\u0103tur\u0103 cu \u00cenv\u0103\u021b\u0103turile,\ncu o \u0218coal\u0103 spiritual\u0103, sau cu un maestru, auto-p\u0103c\u0103leala, ne-autenticitatea. S\u0103\nm\u0103 v\u0103d cum, la prima \u201ccriz\u0103\u201d, toate acestea se \u0219terg complet, \u00eenlocuite fiind\nde toate primitivismele enumerate mai devreme. Fac, din nou, doar ce \u0219tiu eu,\nm\u00e2nat de fric\u0103, r\u0103utate, interese personale, egoism. \u00cenv\u0103\u021b\u0103turile parc\u0103 nici nu\nau existat; la fel, s-a evaporat orice practic\u0103 personal\u0103, sau \u00eendrumare,\nprimite de la acel \u201cMaestru\u201d, c\u0103ruia, \u00een vremuri \u201cbune\u201d, \u00eei c\u00e2nt osanale!<\/p>\n\n\n\n<p><strong>&nbsp;&nbsp;&nbsp;&nbsp;&nbsp;&nbsp;&nbsp;&nbsp;&nbsp;&nbsp;&nbsp;&nbsp;&nbsp; <\/strong>Ajungem, acum, la lucruri mai\nabstracte\u2026<\/p>\n\n\n\n<p><strong>&nbsp;&nbsp;&nbsp;&nbsp;&nbsp;&nbsp;&nbsp;&nbsp;&nbsp;&nbsp;&nbsp; Identific\u0103rile cu corpul<\/strong> (\u201ceu nu sunt corpul\u201d), cu profesia\nmea (doctorul cel merituos, sau muncitorul la care tocmai s-a renun\u021bat), identificarea\ncu mintea, emo\u021biile\u2026<\/p>\n\n\n\n<p><strong>&nbsp;&nbsp;&nbsp;&nbsp;&nbsp;&nbsp;&nbsp;&nbsp;&nbsp;&nbsp;&nbsp; Separarea\u2026, completa ne-\u00een\u021belegere,\norbirea\u2026<\/strong><\/p>\n\n\n\n<p><strong>&nbsp;<\/strong>&nbsp;&nbsp;&nbsp;&nbsp;&nbsp;&nbsp;&nbsp;&nbsp;&nbsp; \u00cencerc s\u0103\u201cprind\u201d toate\nastea&#8230;<strong><\/strong><\/p>\n\n\n\n<p><strong>&nbsp;&nbsp;&nbsp;&nbsp;&nbsp;&nbsp;&nbsp;&nbsp;&nbsp;&nbsp;&nbsp; M\u0103 dau jos pe mine, cu tot ce cred\neu c\u0103 sunt, corp, minte, emo\u021bii\u2026<\/strong><\/p>\n\n\n\n<p><strong>&nbsp;&nbsp;&nbsp;&nbsp;&nbsp;&nbsp;&nbsp;&nbsp;&nbsp;&nbsp;&nbsp; P\u00e2n\u0103 devin liber\u2026, eliberat, u\u0219or, inconsistent\u2026<\/strong><\/p>\n\n\n\n<p>&nbsp;&nbsp;&nbsp;&nbsp;&nbsp;&nbsp;&nbsp;&nbsp;&nbsp;&nbsp; Repet\u0103m, a nu se crede c\u0103 avem un\nsingur strat energetic dizarmonic \u0219i nici c\u0103 ele ar putea fi \u00eendep\u0103rtate cu o singur\u0103\nmi\u0219care, sau f\u0103c\u00e2nd o singur\u0103 dat\u0103 exerci\u021biul! Nu \u0219i nu!!! \u00cens\u0103\u0219i aceast\u0103\nenumerate sugereaz\u0103 \u00eenl\u0103n\u021buirea de straturi compactate, aderente, ascunse,\nautolimitante!<\/p>\n\n\n\n<p>&nbsp;&nbsp;&nbsp;&nbsp;&nbsp;&nbsp;&nbsp;&nbsp;&nbsp;&nbsp; Desigur, exist\u0103 nenum\u0103rate variante\npersonale: v\u0103 suger\u0103m s\u0103 vi le descoperi\u021bi \u0219i s\u0103 lucra\u021bi \u00een acest sens!<\/p>\n\n\n\n<p>&nbsp;&nbsp;&nbsp;&nbsp;&nbsp;&nbsp;&nbsp;&nbsp;&nbsp;&nbsp; Hei, <strong>EVOLU\u021aIE = SCHIMBARE!<\/strong><\/p>\n\n\n\n<p>&nbsp;&nbsp;&nbsp;&nbsp;&nbsp;&nbsp;&nbsp;&nbsp;&nbsp; Iar dac\u0103 nu o faci tu, de bun\u0103 voie,\nte va constr\u00e2nge Universul\u2026: foarte evident \u2013 exact \u00een \u201cmomentele de\ncriz\u0103\u201d.<\/p>\n\n\n\n<p>\u00a0\u00a0\u00a0\u00a0\u00a0\u00a0\u00a0\u00a0 Pe care doar le numim \u201ccriz\u0103\u201d&#8230; \u00a0\u00a0\u00a0\u00a0\u00a0\u00a0\u00a0\u00a0\u00a0 Doar o etichet\u0103 a min\u021bilor \u0219i ego-urilor oarbe, ne-\u00een\u021beleg\u0103toare, primitive.<\/p>\n\n\n\n<p><br>Indra <br><\/p>\n","protected":false},"excerpt":{"rendered":"<p>Straturi revelate \u00een vremuri \u201cde criz\u0103\u201d\u2026 &nbsp;&nbsp;&nbsp;&nbsp;&nbsp;&nbsp;&nbsp;&nbsp;&nbsp;&nbsp; Exist\u0103 anumite straturi pot fi revelate de c\u0103tre orice situa\u021bie \u201cde criz\u0103\u201d, mai mare sau mai mic\u0103. Vom vorbi, c\u00e2te ceva, despre ele, subiectul fiind de mare actualitate. &nbsp;&nbsp;&nbsp;&nbsp;&nbsp;&nbsp;&nbsp;&nbsp;&nbsp;&nbsp;&nbsp; At\u00e2ta doar c\u0103 \u021bine de mine s\u0103 le descop\u0103r, iar, mai apoi, s\u0103 lucrez asupra lor. &nbsp;&nbsp;&nbsp;&nbsp;&nbsp;&nbsp;&nbsp;&nbsp;&nbsp;&nbsp;&nbsp; \u00cen acest [&hellip;]<\/p>\n","protected":false},"author":1,"featured_media":0,"parent":0,"menu_order":0,"comment_status":"closed","ping_status":"closed","template":"","meta":[],"_links":{"self":[{"href":"https:\/\/lila-spirit.ro\/wp\/index.php?rest_route=\/wp\/v2\/pages\/3818"}],"collection":[{"href":"https:\/\/lila-spirit.ro\/wp\/index.php?rest_route=\/wp\/v2\/pages"}],"about":[{"href":"https:\/\/lila-spirit.ro\/wp\/index.php?rest_route=\/wp\/v2\/types\/page"}],"author":[{"embeddable":true,"href":"https:\/\/lila-spirit.ro\/wp\/index.php?rest_route=\/wp\/v2\/users\/1"}],"replies":[{"embeddable":true,"href":"https:\/\/lila-spirit.ro\/wp\/index.php?rest_route=%2Fwp%2Fv2%2Fcomments&post=3818"}],"version-history":[{"count":1,"href":"https:\/\/lila-spirit.ro\/wp\/index.php?rest_route=\/wp\/v2\/pages\/3818\/revisions"}],"predecessor-version":[{"id":3819,"href":"https:\/\/lila-spirit.ro\/wp\/index.php?rest_route=\/wp\/v2\/pages\/3818\/revisions\/3819"}],"wp:attachment":[{"href":"https:\/\/lila-spirit.ro\/wp\/index.php?rest_route=%2Fwp%2Fv2%2Fmedia&parent=3818"}],"curies":[{"name":"wp","href":"https:\/\/api.w.org\/{rel}","templated":true}]}}