{"id":3831,"date":"2020-05-02T15:16:40","date_gmt":"2020-05-02T12:16:40","guid":{"rendered":"https:\/\/lila-spirit.ro\/wp\/?page_id=3831"},"modified":"2020-05-02T15:18:53","modified_gmt":"2020-05-02T12:18:53","slug":"de-ce-cadem-pe-spate","status":"publish","type":"page","link":"https:\/\/lila-spirit.ro\/wp\/?page_id=3831","title":{"rendered":"De ce \u201dc\u0103dem pe spate\u201d&#8230;"},"content":{"rendered":"\n<div style=\"height:50px\" aria-hidden=\"true\" class=\"wp-block-spacer\"><\/div>\n\n\n\n<p>Mihaela: Vorbeste maica Siluana, ascultat\u0103 recent, foarte frumos despre m\u00e2ng\u00e2iere, despre cuvinte care \u201dnu vin din inima\u201d, frica care ne ingusteaz\u0101, despre constientizare&#8230;, dar si despre \u201dUniversul care m\u0101 manifest\u0101\u201d &#8211; tradus in spiritul Scolii!<br> <br> M\u0103 uit la maica Siluana cu admiratie real\u0103. <br> In acelasi timp, s\u0103 nu uit nici o clipa faptul c\u0103, dac\u0103 pot intelege ce spune maica, este pentru ca am primit Inv\u0101t\u0101turile Scolii spirituale la care sunt! De-a lungul multor ani! Ne\u00eentrerupt! Cu compasiune si dragoste!<\/p>\n\n\n\n<p>DAR&#8230;. Noi&#8230; am mai auzit toate\nastea, de nenum\u0103rate ori&#8230;, le-am discutat, sunt scrise \u00een c\u0103r\u021bi, avem\nexerci\u021bii pentru aproape fiecare aspect&#8230;<\/p>\n\n\n\n<p><strong><em>De ce \u201dc\u0103dem pe spate\u201d c\u00e2nd auzim de la al\u021bii &#8211; \u0219i nu putem auzi de la propria \u0218coal\u0103, sau Maestru?!<\/em><\/strong><\/p>\n\n\n\n<div style=\"height:50px\" aria-hidden=\"true\" class=\"wp-block-spacer\"><\/div>\n\n\n\n<p>Indra: Foarte bine punctat! Am s\u0103 r\u0103spund imediat.<\/p>\n\n\n\n<p>Pentru c\u0103:<\/p>\n\n\n\n<p>1. Unii nici nu au citit ceva din\nc\u0103r\u021bile noastre&#8230; Sau li se par prea grele \u0219i nu au r\u0103bdare s\u0103 \u00een\u021beleag\u0103 nici\nm\u0103car chestiunile simple, precum cele explicate de m\u0103icu\u021b\u0103&#8230;<\/p>\n\n\n\n<p>2. Unii nu particip\u0103 la acele\ndiscu\u021bii, pentru c\u0103 au, mereu, altceva mai important de f\u0103cut. Deci &#8211; de fapt\nnu au auzit nimic! C\u00e2te zile de practic\u0103\/ discu\u021bii\/ tabere, nu a\u021bi ratat, cu\nto\u021bii?!<\/p>\n\n\n\n<p>3. Pentru c\u0103 <strong>lumea NU AUDE \u0219i NU\n\u00ceN\u021aELEGE <\/strong>(vezi exact exemplul recent din dialogul m\u0103icu\u021bei !!!). Unii nu\npot (nu au ajuns la acel grad de \u201dmaturitate\u201d a \u00een\u021belegerii), iar al\u021bii nu vor\ns\u0103 aud\u0103 (din motive de atentare la \u201dvalorile\u201d \u0219i \u0219tiuturile ego-ului).<\/p>\n\n\n\n<p>De exemplu&#8230; Cam c\u00e2t din acele\n\u201dpractici recomandate, personale\u201d, ale voastre &#8211; sunt auzite?!<\/p>\n\n\n\n<p>\u201dNu, c\u0103 eu nu pot face asta&#8230;\u201d: <strong>dar\naceea era exact practica ta personal\u0103 !!! <\/strong>De a renun\u021ba la c\u00e2te ceva, la\nvreun mic confort, sau la vreun ata\u0219ament (ne propusese Delia, zilele trecute &#8211;\n\u201drenun\u021barea\u201d)&#8230;<\/p>\n\n\n\n<p>4. Pentru c\u0103 \u201duniforma\u201d de preot,\nsau de m\u0103icu\u021b\u0103 &#8211; ofer\u0103 credibilitate. O religie aflat\u0103 \u00een spate &#8211; ofer\u0103 o\ngaran\u021bie; ha ha ha!!! A\u0219a cred min\u021bile&#8230; <\/p>\n\n\n\n<p><strong>Min\u021bi care NU au\najuns la un discern\u0103m\u00e2nt personal de a judeca=\u00een\u021belege&#8230;<\/strong><\/p>\n\n\n\n<p><strong>Sim\u021biri\natrofiate sau nedezvoltate, care nu pot percepe autenticitatea\/ profunzimea,\netc.<\/strong><\/p>\n\n\n\n<p>\u0218i atunci &#8211; alegem s\u0103 ne lu\u0103m dup\u0103\nreligia oficial\u0103, uniform\u0103, etc Adic\u0103 aceea\u0219i mentalitate de turm\u0103. <\/p>\n\n\n\n<p>5. <strong>Capcana exotismului:<\/strong> dac\u0103 auzi acelea\u0219i lucruri de la cineva cu barb\u0103 alb\u0103, \u00eembr\u0103cat \u00eentr-o mantie, sau cu o rob\u0103 de c\u0103lug\u0103r, etc., par mult mai valoroase dec\u00e2t auzite de la cineva \u00eembr\u0103cat \u00een blugi! Iar\u0103\u0219i, \u0219abloanele \u0219i programele min\u021bii, \u00een plus &#8211; nevoia de senza\u021bional !!! \u201dCe am auzit <em>eu<\/em>\u201d&#8230;<\/p>\n\n\n\n<p>&nbsp;6. La fel &#8211; c\u00e2nd vine vorba\ndespre vreun \u201dom de \u0219tiin\u021b\u0103\u201d &#8211; versus \u00cen\u021belept neomologat&#8230; <strong>Oamenii de\n\u0219tiin\u021b\u0103 apar\u021bin min\u021bii, \u00cen\u021belep\u021bii sunt ai non-min\u021bii&#8230; <\/strong>Deci alegerea e\nsimpl\u0103!<\/p>\n\n\n\n<p><strong>7. Pentru c\u0103 lipse\u0219te acea \u201d\u00cencredere senin\u0103\u201d <\/strong>despre care ne vorbea Sutra de diamant&#8230;, \u00een \u00cenv\u0103\u021b\u0103turi, \u00een Maestru, \u00een comunitatea practican\u021bilor&#8230; Pentru c\u0103 nu pot, nu \u0219tiu, nu reu\u0219esc s\u0103-mi iau refugiul \u00een Buddha, Dharma \u0219i Sangha. Pentru c\u0103&#8230; ego-ul nu vrea s\u0103 fac\u0103 asta! Ar pierde nepre\u021buitul s\u0103u \u201dcontrol\u201d (a se citi, desigur, \u201diluzia de control\u201d).<\/p>\n\n\n\n<p><\/p>\n","protected":false},"excerpt":{"rendered":"<p>Mihaela: Vorbeste maica Siluana, ascultat\u0103 recent, foarte frumos despre m\u00e2ng\u00e2iere, despre cuvinte care \u201dnu vin din inima\u201d, frica care ne ingusteaz\u0101, despre constientizare&#8230;, dar si despre \u201dUniversul care m\u0101 manifest\u0101\u201d &#8211; tradus in spiritul Scolii! M\u0103 uit la maica Siluana cu admiratie real\u0103. In acelasi timp, s\u0103 nu uit nici o clipa faptul c\u0103, dac\u0103 [&hellip;]<\/p>\n","protected":false},"author":1,"featured_media":0,"parent":2617,"menu_order":0,"comment_status":"closed","ping_status":"closed","template":"","meta":[],"_links":{"self":[{"href":"https:\/\/lila-spirit.ro\/wp\/index.php?rest_route=\/wp\/v2\/pages\/3831"}],"collection":[{"href":"https:\/\/lila-spirit.ro\/wp\/index.php?rest_route=\/wp\/v2\/pages"}],"about":[{"href":"https:\/\/lila-spirit.ro\/wp\/index.php?rest_route=\/wp\/v2\/types\/page"}],"author":[{"embeddable":true,"href":"https:\/\/lila-spirit.ro\/wp\/index.php?rest_route=\/wp\/v2\/users\/1"}],"replies":[{"embeddable":true,"href":"https:\/\/lila-spirit.ro\/wp\/index.php?rest_route=%2Fwp%2Fv2%2Fcomments&post=3831"}],"version-history":[{"count":3,"href":"https:\/\/lila-spirit.ro\/wp\/index.php?rest_route=\/wp\/v2\/pages\/3831\/revisions"}],"predecessor-version":[{"id":3834,"href":"https:\/\/lila-spirit.ro\/wp\/index.php?rest_route=\/wp\/v2\/pages\/3831\/revisions\/3834"}],"up":[{"embeddable":true,"href":"https:\/\/lila-spirit.ro\/wp\/index.php?rest_route=\/wp\/v2\/pages\/2617"}],"wp:attachment":[{"href":"https:\/\/lila-spirit.ro\/wp\/index.php?rest_route=%2Fwp%2Fv2%2Fmedia&parent=3831"}],"curies":[{"name":"wp","href":"https:\/\/api.w.org\/{rel}","templated":true}]}}