{"id":3891,"date":"2020-06-13T12:59:05","date_gmt":"2020-06-13T09:59:05","guid":{"rendered":"https:\/\/lila-spirit.ro\/wp\/?page_id=3891"},"modified":"2020-06-13T13:15:29","modified_gmt":"2020-06-13T10:15:29","slug":"marinela-poveste-lila-despre-constientizare-iunie-2020-salatrucu","status":"publish","type":"page","link":"https:\/\/lila-spirit.ro\/wp\/?page_id=3891","title":{"rendered":"Marinela: Poveste Lila despre con\u0219tientizare&#8230; (iunie 2020, S\u0103l\u0103trucu)"},"content":{"rendered":"\n<div style=\"height:50px\" aria-hidden=\"true\" class=\"wp-block-spacer\"><\/div>\n\n\n\n<p><em>Poveste Lila despre\ncon\u0219tientizare<\/em><\/p>\n\n\n\n<p>O tab\u0103r\u0103 LiLa despre con\u0219tientizare, \u00een iunie\n2020, dup\u0103 o pandemie ciudat\u0103, o tab\u0103r\u0103 spre \u201efolosul \u0219i \u00eenv\u0103\u021b\u0103tura \u201dtuturor,\nindiferent de &nbsp;forma de manifestare&nbsp; &#8211; ma\u0219ini, mun\u021bi, poieni, gunoaie, oameni,\npisici, g\u00e2ndaci cu burta mov \u2026<\/p>\n\n\n\n<p>O tab\u0103r\u0103 LiLa este o \u201e poveste cu final\nnea\u0219teptat\u201d , care se construie\u0219te clip\u0103 de clip\u0103, lu\u00e2nd alte forme \u0219i\n\u00een\u021belesuri, ale fiec\u0103ruia \u0219i ale tuturor\u2026 Dac\u0103 te la\u0219i, \u00eentr-o tab\u0103r\u0103 LiLa (\u0219i\nnu numai) ai acces, prin gra\u021bia Maestrului, la starea de miracol\u2026<\/p>\n\n\n\n<p>Practici un exerci\u021biu- aparent doar coregrafie\n&#8211; \u0219i, dincolo de corectitudinea fiec\u0103rei mi\u0219c\u0103ri \u00een parte, sim\u021bi cum \u201evalul\u201d se\ncompune ca un tot&nbsp; prin participarea\nfiec\u0103ruia\u2026<\/p>\n\n\n\n<p>Desenezi \u00een Univers unghiuri clare \u0219i \u00eenve\u021bi\ns\u0103 te gole\u0219ti de tine, construie\u0219ti \u201eoctaedri\u201d \u00een tine, fractali ai\nManifest\u0103rii, module ce devin parte dintr-o \u201ecoloan\u0103 a infinitului\u201d- \u0219i te\npleci \u00een fa\u021ba acestei necunoscute sim\u021biri\u2026<\/p>\n\n\n\n<p>Desfaci aripi de energie pe care le desf\u0103\u0219ori\n\u00een energia spa\u021biului \u00eenconjur\u0103tor \u0219i renun\u021bi, pentru o clipit\u0103, la tine-eu\u2026. <\/p>\n\n\n\n<p>Sim\u021bi fr\u00e2nturi de Ananda \u00een \u201ejocuri simple\u201d ,\nr\u00e2me \u2013care te dizolv\u0103 ajut\u00e2ndu-te s\u0103 con\u0219tientizezi dincolo de tine, \u00eentregul\u2026<\/p>\n\n\n\n<p>Sim\u021bi spa\u021biul \u0219i dintr-o dat\u0103 te faci mic ,\npentru c\u0103 a\u0219a sim\u021bi, c\u0103 trebuie s\u0103 te mi\u0219ti cu bl\u00e2nde\u021be prin Univers, s\u0103 nu-l\nr\u0103ne\u0219ti\u2026 \u0219i ceri iertare\u2026<\/p>\n\n\n\n<p>Dar nu v\u0103 l\u0103sa\u021bi am\u0103gi\u021bi, ca s\u0103 mergi mai\ndeparte trebuie s\u0103 ai curaj. Pentru c\u0103 ajungi s\u0103 te vezi \u0219i, atunci , ai\nnevoie, dup\u0103 cum spune Spiritul, de \u201ecurajul disper\u0103rii\u201d ca s\u0103 mergi mai\ndeparte\u2026<\/p>\n\n\n\n<p>Con\u0219tientizare \u00eenseamn\u0103 s\u0103 vezi \u0219i s\u0103 te vezi,\ns\u0103 te auzi ridic\u00e2nd tonul c\u00e2nd explici ceva, sf\u00e2\u0219iind o bucat\u0103 de h\u00e2rtie cu\nnep\u0103sare, sim\u021bindu-te atacat de o observa\u021bie\u2026 Cineva te r\u0103ne\u0219te cu o observa\u021bie\nm\u0103runt\u0103 \u0219i durerea dispropor\u021bionat\u0103 te face con\u0219tient de r\u0103nile pe care tu\nle-ai provocat, nesim\u021bind, nev\u0103z\u00e2nd\u2026\u0219i \u021bi se face ru\u0219ine\u2026 \u0219i spui iart\u0103-m\u0103 \u0219i\nmul\u021bumesc\u2026<\/p>\n\n\n\n<p>O tab\u0103r\u0103 LiLa nu este o poveste cu prin\u021bi \u0219i\nprin\u021bese, ea&nbsp; te face mai con\u0219tient de\n\u201egunoaiele\u201d din tine, de care tu e\u0219ti responsabil\u2026<\/p>\n\n\n\n<p>\u0218i da, pentru a accepta \u0219i tr\u0103i a\u0219a, mai\ncon\u0219tient \u0219i mai mic,&nbsp; \u00ee\u021bi trebuie curaj\u2026\n\u0219i s\u0103 te la\u0219i \u00eenv\u0103\u021bat\u2026<\/p>\n\n\n\n<p><em>Mul\u021bumesc\nfrumos Indrei pentru toate c\u00e2te ne \u00eenva\u021b\u0103, pentru toate miracolele la care ne\nface parte\u2026 <\/em><\/p>\n\n\n\n<p><em>Marinela<\/em><\/p>\n","protected":false},"excerpt":{"rendered":"<p>Poveste Lila despre con\u0219tientizare O tab\u0103r\u0103 LiLa despre con\u0219tientizare, \u00een iunie 2020, dup\u0103 o pandemie ciudat\u0103, o tab\u0103r\u0103 spre \u201efolosul \u0219i \u00eenv\u0103\u021b\u0103tura \u201dtuturor, indiferent de &nbsp;forma de manifestare&nbsp; &#8211; ma\u0219ini, mun\u021bi, poieni, gunoaie, oameni, pisici, g\u00e2ndaci cu burta mov \u2026 O tab\u0103r\u0103 LiLa este o \u201e poveste cu final nea\u0219teptat\u201d , care se construie\u0219te clip\u0103 [&hellip;]<\/p>\n","protected":false},"author":1,"featured_media":3897,"parent":36,"menu_order":0,"comment_status":"closed","ping_status":"closed","template":"","meta":[],"_links":{"self":[{"href":"https:\/\/lila-spirit.ro\/wp\/index.php?rest_route=\/wp\/v2\/pages\/3891"}],"collection":[{"href":"https:\/\/lila-spirit.ro\/wp\/index.php?rest_route=\/wp\/v2\/pages"}],"about":[{"href":"https:\/\/lila-spirit.ro\/wp\/index.php?rest_route=\/wp\/v2\/types\/page"}],"author":[{"embeddable":true,"href":"https:\/\/lila-spirit.ro\/wp\/index.php?rest_route=\/wp\/v2\/users\/1"}],"replies":[{"embeddable":true,"href":"https:\/\/lila-spirit.ro\/wp\/index.php?rest_route=%2Fwp%2Fv2%2Fcomments&post=3891"}],"version-history":[{"count":1,"href":"https:\/\/lila-spirit.ro\/wp\/index.php?rest_route=\/wp\/v2\/pages\/3891\/revisions"}],"predecessor-version":[{"id":3892,"href":"https:\/\/lila-spirit.ro\/wp\/index.php?rest_route=\/wp\/v2\/pages\/3891\/revisions\/3892"}],"up":[{"embeddable":true,"href":"https:\/\/lila-spirit.ro\/wp\/index.php?rest_route=\/wp\/v2\/pages\/36"}],"wp:featuredmedia":[{"embeddable":true,"href":"https:\/\/lila-spirit.ro\/wp\/index.php?rest_route=\/wp\/v2\/media\/3897"}],"wp:attachment":[{"href":"https:\/\/lila-spirit.ro\/wp\/index.php?rest_route=%2Fwp%2Fv2%2Fmedia&parent=3891"}],"curies":[{"name":"wp","href":"https:\/\/api.w.org\/{rel}","templated":true}]}}