{"id":3899,"date":"2020-07-28T14:47:29","date_gmt":"2020-07-28T11:47:29","guid":{"rendered":"https:\/\/lila-spirit.ro\/wp\/?page_id=3899"},"modified":"2020-07-28T14:47:30","modified_gmt":"2020-07-28T11:47:30","slug":"despre-scoala-spirituala-lila-completare","status":"publish","type":"page","link":"https:\/\/lila-spirit.ro\/wp\/?page_id=3899","title":{"rendered":"Despre \u0218coala Spiritual\u0103 LiLA, completare\u2026"},"content":{"rendered":"\n<p><strong>Despre \u0218coala\nSpiritual\u0103 LiLA, completare\u2026<\/strong><\/p>\n\n\n\n<p>\u00cencerc\u0103m, deja de ani mul\u021bi\u2026 s\u0103 explic\u0103m ceea ce \u00eenseamn\u0103\no \u0218coal\u0103 spiritual\u0103 autentic\u0103. \u0218i s\u0103 cultiv\u0103m acest concept, exemplific\u00e2ndu-l,\nfoarte concret, \u00een rela\u021bia cu \u00eenv\u0103\u021b\u0103ceii.<\/p>\n\n\n\n<p>Dar, din p\u0103cate, nu se \u00een\u021belege prea lesne\u2026 (Doritorii\npot studia, aici, eventual, textele nenum\u0103rate despre minte, \u0219abloane, \u0219tiuturi,\np\u0103reri, proiec\u021bii. Apoi despre oamenii rorbot. Apoi despre m\u0103re\u021bele ego-uri\nspirituale. Apoi despre pseudo-spiritualismele de pe pia\u021b\u0103).<\/p>\n\n\n\n<p>A\u0219a c\u0103, relu\u0103m:<\/p>\n\n\n\n<p class=\"has-background has-pale-pink-background-color\"><strong><em>O \u0218coal\u0103 spiritual\u0103 se <\/em><\/strong><strong><em>\u201c<\/em><\/strong><strong><em>ocup\u0103\u201d cu revelarea Naturii reale\u2026, sau\ncu revelarea Sinelui, sau cu decriptarea Esen\u021bei.<\/em><\/strong><\/p>\n\n\n\n<p>\u0218i NU cu rezolvarea problemelor psihologice,\nmatrimoniale, educa\u021bionale, sociale, ale \u00eenv\u0103\u021b\u0103ceilor! Pentru acestea exist\u0103\nnumeroase alte structuri care v\u0103 pot ajuta. De la notarii publici, centre de\nrezolvare ale dependen\u021belor, p\u00e2n\u0103 la spitale de psihiatrie \u0219i consiliere\npsihologic\u0103; apoi, desigur, cursule\u021bele de week-end despre gestionarea emo\u021biilor,\n\u201cconstela\u021bii familiale\u201d, \u201cg\u0103sirea\nsufletului pereche\u201d, o mul\u021bime de&#8230; chestii, foarte populare, de altfel.\nTrec\u00e2nd prin qigong, yoga \u0219i alte sporturi din familia \u201cs\u0103 ne \u00eentindem spatele\n&#8211; cu preten\u021bii spirituale\u201d. A\u0219a c\u0103 ave\u021bi de unde alege! (\u0219i v\u0103 \u0219i \u00eendemn\u0103m s\u0103 o\nface\u021bi, dac\u0103 ceea ce c\u0103uta\u021bi se \u00eenscrie \u00een cele enumerate mai sus: \u0218coala LiLA\nnu este pentru voi!).<\/p>\n\n\n\n<p><strong><em>O \u0218coal\u0103 spiritual\u0103 \u00ee\u0219i propune s\u0103 <\/em><\/strong><strong><em>\u201c\u00eel ridice\u201d pe practicant la\nun alt nivel de con\u0219tiin\u021b\u0103, de unde toate cele men\u021bionate mai \u00eenainte vor\nc\u0103p\u0103ta, la un moment dat, o alt\u0103 dimensiune, aceea a&#8230; iluziei (maya). <\/em><\/strong><\/p>\n\n\n\n<p class=\"has-background has-luminous-vivid-amber-background-color\"><strong>Iar asta presupune\nFOARTE MULT\u0102 PRACTIC\u0102<\/strong>!<\/p>\n\n\n\n<p><strong>Pentru \u00eenceput,\nvor fi C\u00c2\u021aIVA ANI (!) DE PRACTICI PRELIMINARE (<\/strong>adic\u0103 exerci\u021bii de\ncur\u0103\u021bare nenum\u0103rate, tehnici de respira\u021bie, posturi, exerci\u021bii de\ncon\u0219tientizare, tehnici comportamentale, algoritmi spirituali, mantre, deprinderea\ntehnicilor de medita\u021bie, etc. Adic\u0103 un \u00eentreg puzzle, cu care practican\u021bii\nno\u0219tri mai vechi sunt deja familiariza\u021bi).<\/p>\n\n\n\n<p><strong><em>\u0218i, da, \u00eentre timp, interiorul practicantului se schimb\u0103,\niar acele probleme psihologice, matrimoniale, sociale, etc., s-ar putea s\u0103 se\nrezolve; sau s\u0103 dispar\u0103; sau&#8230; altceva.<\/em><\/strong><\/p>\n\n\n\n<p class=\"has-background has-pale-pink-background-color\"><strong><em>DAR SCOPUL \u0218COLII NU ESTE ACESTA, ci\nTRANSCENDEREA \u00ceNTREGULUI NIVEL DE CON\u0218TIIN\u021a\u0102 <\/em><\/strong><strong><em>\u201cOMENESC\u201d MUNDAN, ACTUAL!<\/em><\/strong><strong><em> <\/em><\/strong><\/p>\n\n\n\n<p>\u0218i \u00eenc\u0103 ceva: acele practici preliminare dureaz\u0103, am\nmen\u021bionat deja, C\u00c2\u021aIVA ANI (3,4,6,10\u2026), iar asta va fi \u00een func\u021bie de str\u0103duin\u021ba\npracticantului, dar \u0219i de \u201ccalitatea\u201d\nsa energetic\u0103, dar \u0219i de nivelul s\u0103u de con\u0219tiin\u021b\u0103 cu care va \u00eencepe toat\u0103\naceast\u0103 munc\u0103!<\/p>\n\n\n\n<p>Exist\u0103\ntrepte \u0219i exers\u0103ri pentru fiecare, potrivite exact acestor niveluri: \u0218coala le\nofer\u0103 tuturor, pe m\u0103sura putin\u021belor lor. <\/p>\n\n\n\n<p>At\u00e2ta\ndoar c\u0103 \u0219i practicantul va trebui s\u0103 r\u0103spund\u0103 \u0219i el &#8211; cu <strong>EFORTUL S\u0102U CORECT:<\/strong> adic\u0103 practic\u0103 la sal\u0103 sus\u021binut\u0103, \u00een tabere,\ndar \u0219i t\u0103cere, r\u0103bdare, dar \u0219i respect, smerenie, apoi str\u0103duin\u021b\u0103 \u00een a \u00een\u021belege\n\u00cenv\u0103\u021b\u0103turile, studiu personal&#8230;, implicare \u00een ceea ce presupune \u0218coala (karma\nyoga, etc.). Vorbim despre un alt puzzle, acela al practicantului. \u0218i, mai\nales, complian\u021ba \u00een a fi \u00eendrumat, ghidat, f\u0103r\u0103 revoltele \u0219i preten\u021bile\negotice deja bine cunoscute.<\/p>\n\n\n\n<p>Vorbim\ndespre <strong>o \u00ceN\u021aELEGERE PROFUND\u0102, ORGANIC\u0102 \u2013\nA NECESIT\u0102\u021aII DIZOLV\u0102RII EGO-ului<\/strong> \u0219i nicidecum despre vreo alt\u0103 stimulare a\nsa! Iar pentru aceast\u0103 \u00een\u021belegere \u2013 este nevoie, din start, de un grad de\nmaturitate spiritual\u0103 (ob\u021binut\u0103 prin studiu \u0219i prin practici precedente, din\nvia\u021ba asta, sau din alte vie\u021bi). O \u0218coal\u0103 spiritual\u0103 \u2013 se pare c\u0103 nu este\npentru oricine, din p\u0103cate!<\/p>\n\n\n\n<p>Abia\nmai \u00eencolo vom ajunge s\u0103 vorbim despre pa\u0219ii mai sofistica\u021bi: deschiderea\nnecondi\u021bionat\u0103, abandonul, starea de miracol&#8230;, bucuria f\u0103r\u0103 obiect a practicii&#8230;<\/p>\n\n\n\n<p class=\"has-background has-luminous-vivid-amber-background-color\"><strong>Iar toate aceste jaloane sunt absolut\nnecesare \u0219i obligatorii \u2013 pentru evolu\u021bia individului.<\/strong><\/p>\n\n\n\n<p>De acum\nabia va \u00eencepe practica real\u0103 spirtual\u0103, medita\u021bia \u2013 ca sim\u021bire, aproprierea de\nacea Natur\u0103 real\u0103&#8230;<\/p>\n\n\n\n<p>Abia\ndup\u0103 tot acest parcurs \u2013 algoritmii spirituali vor fi \u00een\u021bele\u0219i la un cu totul\nalt nivel de profunzime: iar asta va \u00eensemna un alt nivel de con\u0219tiin\u021b\u0103. Mintea\nva putea fi privit\u0103 \u0219i transcens\u0103. Mantrele vor \u00eensemna impregnare&#8230; Apar\ntehnicile de guru yoga, \u00een\u021belegerea tantric\u0103&#8230;<\/p>\n\n\n\n<p>Practica\nva dob\u00e2ndi cu totul alte valen\u021be, la fel \u2013 munca energetic\u0103.<\/p>\n\n\n\n<p>O\n\u0218coal\u0103 spiritual\u0103 este o \u0219ans\u0103 absolut unic\u0103: p\u0103cat, \u00eens\u0103, c\u0103 nu o vedem \u0219i c\u0103 o\nirosim, cu mare dezinvoltur\u0103!<\/p>\n\n\n\n<p>V\u0103\nsupunem aten\u021biei toate acestea \u2013 pentru a v\u0103 ajuta s\u0103 v\u0103 stabili\u021bi pozi\u021bia\ncorect\u0103 fa\u021b\u0103 de \u0218coal\u0103 (\u0219i, poate, o ierarhizare a altor \u201cinterese\u201d din via\u021ba\ndvs.).<\/p>\n\n\n\n<p>De ce?\nDeoarece ne dorim practican\u021bi dedica\u021bi \u0219i care \u00ee\u0219i asum\u0103 tot ceea ce am\nmen\u021bionat mai sus. Pentru ace\u0219tia \u2013 \u0218coala va reprezenta o comoar\u0103 nepre\u021buit\u0103,\ncu ace\u0219tia vom merge mai departe.<\/p>\n\n\n\n<p>(Pentru\nceilal\u021bi \u2013 va fi doar o mare ne\u00een\u021belegere. Oricum, ei se vor auto-elimina:\npractica \u0219i \u00cenv\u0103\u021b\u0103turile se \u201cauto-protejeaz\u0103\u201d &nbsp;\u00eens\u0103\u0219i prin faptul\nc\u0103, necesit\u00e2nd un alt nivel rafinament, nu vor putea fi atinse de c\u0103tre\noricine). <\/p>\n\n\n\n<p>Indra<\/p>\n\n\n\n<p>(Pentru\ncine dore\u0219te mai multe l\u0103muriri, exist\u0103 un text referitor la \u201corbitele\u201d din\nstructura \u0218colii).<\/p>\n","protected":false},"excerpt":{"rendered":"<p>Despre \u0218coala Spiritual\u0103 LiLA, completare\u2026 \u00cencerc\u0103m, deja de ani mul\u021bi\u2026 s\u0103 explic\u0103m ceea ce \u00eenseamn\u0103 o \u0218coal\u0103 spiritual\u0103 autentic\u0103. \u0218i s\u0103 cultiv\u0103m acest concept, exemplific\u00e2ndu-l, foarte concret, \u00een rela\u021bia cu \u00eenv\u0103\u021b\u0103ceii. Dar, din p\u0103cate, nu se \u00een\u021belege prea lesne\u2026 (Doritorii pot studia, aici, eventual, textele nenum\u0103rate despre minte, \u0219abloane, \u0219tiuturi, p\u0103reri, proiec\u021bii. Apoi despre oamenii [&hellip;]<\/p>\n","protected":false},"author":1,"featured_media":0,"parent":16,"menu_order":0,"comment_status":"closed","ping_status":"closed","template":"","meta":[],"_links":{"self":[{"href":"https:\/\/lila-spirit.ro\/wp\/index.php?rest_route=\/wp\/v2\/pages\/3899"}],"collection":[{"href":"https:\/\/lila-spirit.ro\/wp\/index.php?rest_route=\/wp\/v2\/pages"}],"about":[{"href":"https:\/\/lila-spirit.ro\/wp\/index.php?rest_route=\/wp\/v2\/types\/page"}],"author":[{"embeddable":true,"href":"https:\/\/lila-spirit.ro\/wp\/index.php?rest_route=\/wp\/v2\/users\/1"}],"replies":[{"embeddable":true,"href":"https:\/\/lila-spirit.ro\/wp\/index.php?rest_route=%2Fwp%2Fv2%2Fcomments&post=3899"}],"version-history":[{"count":1,"href":"https:\/\/lila-spirit.ro\/wp\/index.php?rest_route=\/wp\/v2\/pages\/3899\/revisions"}],"predecessor-version":[{"id":3900,"href":"https:\/\/lila-spirit.ro\/wp\/index.php?rest_route=\/wp\/v2\/pages\/3899\/revisions\/3900"}],"up":[{"embeddable":true,"href":"https:\/\/lila-spirit.ro\/wp\/index.php?rest_route=\/wp\/v2\/pages\/16"}],"wp:attachment":[{"href":"https:\/\/lila-spirit.ro\/wp\/index.php?rest_route=%2Fwp%2Fv2%2Fmedia&parent=3899"}],"curies":[{"name":"wp","href":"https:\/\/api.w.org\/{rel}","templated":true}]}}