{"id":3903,"date":"2020-08-27T18:48:58","date_gmt":"2020-08-27T15:48:58","guid":{"rendered":"https:\/\/lila-spirit.ro\/wp\/?page_id=3903"},"modified":"2020-08-27T19:00:10","modified_gmt":"2020-08-27T16:00:10","slug":"abonamente-lila","status":"publish","type":"page","link":"https:\/\/lila-spirit.ro\/wp\/?page_id=3903","title":{"rendered":"ABONAMENTE LiLA&#8230;"},"content":{"rendered":"\n<div style=\"height:60px\" aria-hidden=\"true\" class=\"wp-block-spacer\"><\/div>\n\n\n\n<p><strong>Despre abonamentele LiLA\u2026<\/strong><\/p>\n\n\n\n<p>Iat\u0103 o nou\u0103 informare, pentru c\u0103 ne\nafl\u0103m \u00eentr-un proces de restructurare\/ \u00eembun\u0103t\u0103\u021bire calitativ\u0103\/ conturare mai\nclar\u0103 a \u0218colii, a pricipiilor, a temelor \u0219i a modului ei de organizare.<\/p>\n\n\n\n<p>Unii oameni vin la sal\u0103, muncesc\n\u00eempreun\u0103 cu noi, foarte concret\u2026; al\u021bii doar citesc, unii chiar cu interes, dar\nmai de la distan\u021b\u0103\u2026; al\u021bii ascult\u0103 \u00eenregistr\u0103rile\u2026 Al\u021bii \u2013 nu fac mai nimic din\ntoate acestea. Amestec\u0103tura este mare, \u00eencerc\u0103m s\u0103 facem oarece ordine. <strong>Din respect\npentru \u00cenv\u0103\u021b\u0103turi, din respect pentru \u0218colile din vechime, care aveau o cu\ntotul alt\u0103 abordare, preocupare \u0219i conduit\u0103 intern\u0103.<\/strong><\/p>\n\n\n\n<p>Deoarece stilul practicat \u00een ultimii\n10 ani, de \u201d\u00cenv\u0103\u021b\u0103turi mur\u0103-n gur\u0103 pentru toat\u0103 lumea\u201d \u2013 nu a adus prea mari\nrezultate, suntem nevoi\u021bi s\u0103 ne reg\u00e2ndim abordarea. <\/p>\n\n\n\n<p>Acest mod de de lucru, de\u0219i g\u00e2ndit \u00een\nsensul de \u00eemp\u0103rt\u0103\u0219ire \u0219i r\u0103sp\u00e2ndire a \u00cenv\u0103\u021b\u0103turilor, nu a f\u0103cut dec\u00e2t s\u0103 le\nbagatelizeze \u0219i s\u0103 le transforme \u00een emaluri redirec\u021bionate de colo colo, f\u0103r\u0103\nmare impact \u00een preocup\u0103rile mundane privind schimbarea proprie \u0219i\/sau a lumii. <\/p>\n\n\n\n<p>Cel mai dureros, \u00eens\u0103, este faptul c\u0103\nnu s-a \u00een\u021beles-sim\u021bit, nici p\u00e2n\u0103 acum, valoarea real\u0103, rafinamentul \u0219i profunzimea\nunor \u00cenv\u0103\u021b\u0103turi autentice, radical diferite de new-age-ul \u0219i restul pseudo-spiritualismelor\nde pe pia\u021b\u0103 (fiind \u0219i noi introdu\u0219i \u00een aceea\u0219i oal\u0103 \u2013 de c\u0103tre min\u021bile\nne-pricep\u0103toare). <\/p>\n\n\n\n<p>\u00cen ce m\u0103 prive\u0219te, eu m\u0103 plec\n\u00cenv\u0103\u021b\u0103turilor cu mare smerenie, cer\u00e2ndu-le iertare \u2013 pentru \u201dm\u0103rg\u0103ritarele\naruncate\u2026\u201d, cu mare dezinvoltur\u0103, \u00een st\u00e2nga \u0219i \u00een dreapta\u2026<\/p>\n\n\n\n<p>\u00cencerc\u0103m, cu eforturi disperate, s\u0103\np\u0103str\u0103m valoarea ideii de \u0218coal\u0103 spiritual\u0103 \u2013 \u00een accep\u021biunea clasic\u0103 a acestui\nconcept, de mult uitat\u0103 sau r\u0103st\u0103lm\u0103cit\u0103.<\/p>\n\n\n\n<p>Din p\u0103cate, ceea ce \u201ds-a ob\u021binut\u201d \u00een\nto\u021bi ace\u0219ti ani, a fost doar un \u201ddac\u0103 tot mi le trimite\u2026\u201d, sau, mai grav, \u201dmie\nmi se cuvine s\u0103 primesc toate acestea\u2026\u201d, extrem de egotice, ambele. F\u0103r\u0103 prea\nmari gesturi de revan\u0219are spontan\u0103 sau de recuno\u0219tin\u021b\u0103. \u0218i, iar\u0103\u0219i, foarte\ntrist, f\u0103r\u0103 s\u0103 fi fost \u00een\u021belese deloc subtilit\u0103\u021bile acelui \u201dgratis\u201d: de\nstimulare a interesului, de a ar\u0103ta alte fa\u021bete ale percep\u021biei, de a \u00eendemna\noamenii s\u0103 se schimbe, s\u0103-\u0219i l\u0103rgeasc\u0103 perspectiva &#8211; m\u0103car a\u0219a, de cultur\u0103\ngeneral\u0103, dac\u0103 nu \u0219i cu viz\u0103 \u00een comportamentul zilnic. Ca s\u0103 nu mai vorbim\ndespre conceptele at\u00e2t de rafinate \u0219i de pre\u021bioase, \u00eemp\u0103rt\u0103\u0219ite acum mii de ani\nde c\u0103tre ilu\u0219trii Mae\u0219tri \u0219i \u00cenv\u0103\u021b\u0103tori, reluate \u0219i explicate, dar complet\nne-b\u0103gate \u00een seam\u0103 \u0219i cu totul ne-practicate\u2026 Sau \u00eenghesuite, undeva, \u00een\nachizi\u021biile \u0219i auto-p\u0103c\u0103lelile ego-ului spiritual.<\/p>\n\n\n\n<p>Se pare c\u0103 oamenii valorizeaz\u0103 doar\nceea ce pl\u0103tesc: at\u00e2t de pervertit\u0103 este mintea \u0219i \u201deduca\u021bia\u201d vremurilor\u2026 A\u0219a\nc\u0103 ne aliniem \u0219i noi, for\u021bat, acestei penibile \u201drealiz\u0103ri socio-culturale\u201d de\nmase.<\/p>\n\n\n\n<p>\u00cen plus, sper\u0103m ca prin noua metod\u0103 <strong>s\u0103 select\u0103m oamenii cu ADEV\u0102RAT INTERESA\u021aI \u0219i\ns\u0103 nu ne mai batem joc de \u00cenv\u0103\u021b\u0103turi.<\/strong><\/p>\n\n\n\n<p><strong>A\u0219a c\u0103 introducem, de la 1 septembrie 2020, un nou mod de a le valoriza, sub forma unor abonamente &#8211; pentru cei care doresc s\u0103 primeasc\u0103,\nde acum \u00eencolo, \u00eenregistr\u0103rile \u0219i textele \u0218colii LiLA. <\/strong><\/p>\n\n\n\n<p>Vom face un grup email \u0219i vom\nrestructura grupurile whatsapp existente, prin care ve\u021bi primi, \u00eentr-un mod mai\nselectiv, toate aceste materiale (care sunt valoroase \u0219i pentru care se\nmunce\u0219te extrem de mult!).<\/p>\n\n\n\n<p>Cum\npl\u0103tim? Fie direct \u00een contul <strong>Asocia\u021biei\nspirituale LiLA <\/strong>(CUI: 30587331, Cont IBAN: RO30BRDE410SV75145114100, cu\nmen\u021biunea \u201dDona\u021bie\u201d),<\/p>\n\n\n\n<p>Fie cash \u2013 la sal\u0103, sau\ninstructoarelor, sau \u00een alte moduri stabilite de comun acord cu cea care se va\nocupa de treaba asta <strong><em>(Antigona, <\/em><\/strong><em>tel: 0722300171, email: aceacanica@yahoo.com).<\/em>\n<\/p>\n\n\n\n<p>De \u00eendat\u0103 ce ea va primi dovada\npl\u0103\u021bii abonamentului \u2013 ve\u021bi fi automat introdu\u0219i \u00een grup&nbsp; (dovada fiind o poz\u0103 a actului bancar, etc.,\nexact ca \u00een \u201dlumea\u201d prea bine \u0219tiut\u0103).<\/p>\n\n\n\n<p>De asemenea, \u00een cur\u00e2nd vom avea \u0219i un\nsite de \u201dv\u00e2nz\u0103ri electronice\u201d (c\u0103r\u021bi, \u00eenregistr\u0103ri, etc). Acesta se va adresa\npublicului larg, materialele vor fi, \u00een consecin\u021b\u0103, mai pu\u021bine, mai\nselec\u021bionate, dar \u0219i mai scumpe. <\/p>\n\n\n\n<p>Pe grupul de abonamente ve\u021bi primi\ninclusiv discu\u021biile scurte, \u201dmai intime\u201d, \u00eenregistrate la sal\u0103 \u00een zilele de\npractic\u0103, medita\u021bii curente, exerci\u021bii filmate, texte, ca \u0219i p\u00e2n\u0103 acum. Chiar\ndac\u0103 ele nu vor fi perfecte din punct de vedere tehnic, ele ar trebui s\u0103 fie \u201dde\nnepre\u021buit\u201d \u2013 pentru \u201dc\u0103ut\u0103torii \u00eenseta\u021bi de \u00cenv\u0103\u021b\u0103turi\u201d (vezi parabola acelui\ndiscipol \u021binut cu capul sub ap\u0103\u2026, din \u201dS\u0103 te c\u0103s\u0103tore\u0219ti cu v\u00e2ntul\u2026\u201d): pentru\nc\u0103 acesta este \u201dpublicul nostru \u021bint\u0103\u201d. <\/p>\n\n\n\n<p>\u00centruc\u00e2t con\u021binutul nu\nva putea fi egal \u00eemp\u0103r\u021bit pe s\u0103pt\u0103m\u00e2ni sau luni, dar \u0219i pentru a reduce timpul\npierdut inutil, un abonament va fi stabilit pentru 3, 6 sau 12 luni, cu pre\u021buri\nce vor fi de 400 lei \/3 luni, 750 lei \/pt 6 luni, sau 1450 lei \/an. <\/p>\n\n\n\n<p>Putem face reduceri\npentru persoanele cu venituri mici, cu condi\u021bia ca acestea s\u0103 fie cinstite,\napoi s\u0103 fie cu adev\u0103rat interesate, loiale \u0218colii, etc. Pentru aceasta v\u0103 ve\u021bi\nadresa, din nou, Antigonei.<\/p>\n\n\n\n<p>\u00cenc\u0103 o observa\u021bie: Cursan\u021bii foarte fideli,\ninstructoarele, oamenii no\u0219tri apropia\u021bi, beneficiaz\u0103 de un alt statut. La fel\n\u2013 cei care vor dori s\u0103 presteze karma yoga, etc. Vom discuta, personal, toate\naceste aspecte. <\/p>\n\n\n\n<p>V\u0103 mul\u021bumim \u0219i v\u0103 a\u0219tept\u0103m, \u00een noua\nformul\u0103\u2026 <strong>Sper\u0103m ca printre dvs. s\u0103 se\nafle (\u0219i) acele persoane cu adev\u0103rat preocupate\u2026<\/strong> (repeti\u021bia aceasta este\nvoit\u0103, ea nu apare dintr-o s\u0103r\u0103cie de exprimare!).<\/p>\n\n\n\n<p>Dac\u0103 dori\u021bi s\u0103 redirec\u021biona\u021bi acest\nmesaj unor prieteni sau cunoscu\u021bi \u2013 (poten\u021bial) interesa\u021bi, la r\u00e2ndul lor,\nde materialele \u0218colii, o pute\u021bi face; cu rug\u0103mintea ca ace\u0219tia s\u0103 discute,\nmai \u00eent\u00e2i, cu Antigona! P\u00e2n\u0103 atunci, d\u00e2n\u0219ii ar putea studia site-ul \u0219tiut, <a href=\"http:\/\/www.lila-spirit.ro\">www.lila-spirit.ro<\/a>\n<\/p>\n\n\n\n<p><strong><em>Din nou, nu este vorba\nde a atenta la portofelele dvs., ci de a avea \u00een vedere valoarea real\u0103 a\n\u00cenv\u0103\u021b\u0103turilor \u0219i de a le pre\u021bui, m\u0103car simbolic, \u00een acest fel (\u00cenv\u0103\u021b\u0103turile\nautentice nu vor putea fi niciodat\u0103 echivalate \u00een bani!).<\/em><\/strong><\/p>\n\n\n\n<p><strong><em>Ne afl\u0103m \u00een postura de a ne\/ v\u0103 asuma acele\n\u201dinstruc\u021biuni\u201d clasice, dar mereu actuale, de atitudine interioar\u0103 corect\u0103\n\u0219i de efort personal corect. <\/em><\/strong><\/p>\n\n\n\n<p><strong><em>Ceea ce presupune inclusiv a v\u0103 stabili, cu luciditate,\npriorit\u0103\u021bile \u0219i locul pe care \u00eel ocup\u0103 \u00cenv\u0103\u021b\u0103turile \u00een preocup\u0103rile \u0219i \u00een via\u021ba\ndvs. concret\u0103: un bun moment de a analiza asta \u0219i de a v\u0103 hot\u0103r\u00ee &#8211; \u00eencotro?!\nApoi de a \u0219i face ceva \u00een acest sens.<\/em><\/strong><\/p>\n\n\n\n<p>Indra<\/p>\n","protected":false},"excerpt":{"rendered":"<p>Despre abonamentele LiLA\u2026 Iat\u0103 o nou\u0103 informare, pentru c\u0103 ne afl\u0103m \u00eentr-un proces de restructurare\/ \u00eembun\u0103t\u0103\u021bire calitativ\u0103\/ conturare mai clar\u0103 a \u0218colii, a pricipiilor, a temelor \u0219i a modului ei de organizare. Unii oameni vin la sal\u0103, muncesc \u00eempreun\u0103 cu noi, foarte concret\u2026; al\u021bii doar citesc, unii chiar cu interes, dar mai de la distan\u021b\u0103\u2026; [&hellip;]<\/p>\n","protected":false},"author":1,"featured_media":3909,"parent":0,"menu_order":0,"comment_status":"closed","ping_status":"closed","template":"","meta":[],"_links":{"self":[{"href":"https:\/\/lila-spirit.ro\/wp\/index.php?rest_route=\/wp\/v2\/pages\/3903"}],"collection":[{"href":"https:\/\/lila-spirit.ro\/wp\/index.php?rest_route=\/wp\/v2\/pages"}],"about":[{"href":"https:\/\/lila-spirit.ro\/wp\/index.php?rest_route=\/wp\/v2\/types\/page"}],"author":[{"embeddable":true,"href":"https:\/\/lila-spirit.ro\/wp\/index.php?rest_route=\/wp\/v2\/users\/1"}],"replies":[{"embeddable":true,"href":"https:\/\/lila-spirit.ro\/wp\/index.php?rest_route=%2Fwp%2Fv2%2Fcomments&post=3903"}],"version-history":[{"count":1,"href":"https:\/\/lila-spirit.ro\/wp\/index.php?rest_route=\/wp\/v2\/pages\/3903\/revisions"}],"predecessor-version":[{"id":3904,"href":"https:\/\/lila-spirit.ro\/wp\/index.php?rest_route=\/wp\/v2\/pages\/3903\/revisions\/3904"}],"wp:featuredmedia":[{"embeddable":true,"href":"https:\/\/lila-spirit.ro\/wp\/index.php?rest_route=\/wp\/v2\/media\/3909"}],"wp:attachment":[{"href":"https:\/\/lila-spirit.ro\/wp\/index.php?rest_route=%2Fwp%2Fv2%2Fmedia&parent=3903"}],"curies":[{"name":"wp","href":"https:\/\/api.w.org\/{rel}","templated":true}]}}