{"id":3932,"date":"2020-09-26T14:30:48","date_gmt":"2020-09-26T11:30:48","guid":{"rendered":"https:\/\/lila-spirit.ro\/wp\/?page_id=3932"},"modified":"2020-09-26T14:34:46","modified_gmt":"2020-09-26T11:34:46","slug":"site-ul-elila-ro","status":"publish","type":"page","link":"https:\/\/lila-spirit.ro\/wp\/?page_id=3932","title":{"rendered":"Site-ul eLiLA.ro&#8230;"},"content":{"rendered":"\n<div style=\"height:60px\" aria-hidden=\"true\" class=\"wp-block-spacer\"><\/div>\n\n\n\n<p>V\u0103 invit\u0103m pe noul nostru site, <a href=\"https:\/\/elila.ro\">https:\/\/elila.ro<\/a><\/p>\n\n\n\n<p>V\u0103 invit\u0103m s\u0103 \u0219i cump\u0103ra\u021bi c\u00e2te ceva, g\u0103si\u021bi acolo\nmaterialele \u0218colii (c\u0103r\u021bi, \u00eenregistr\u0103ri audio \u0219i video), iar site-ul va fi \u00een\ncontinuare alimentat.<\/p>\n\n\n\n<p>Procedura de cump\u0103rare este asem\u0103n\u0103toare cu a altor\nsite-uri de v\u00e2nz\u0103ri: coresponden\u021b\u0103 cu cump\u0103r\u0103torul, factur\u0103 pro forma, plata cu\ncardul, etc.<\/p>\n\n\n\n<p><strong>Site-ul se\nadreseaz\u0103 publicului larg, a\u0219a c\u0103 ne-am bucura dac\u0103 l-a\u021bi face cunoscut \u0219i\naltora!<\/strong><\/p>\n\n\n\n<p>(Pentru studen\u021bii \u0218colii \u2013 exist\u0103 un grup mai dedicat. \u0218i\nmai exist\u0103 posibilitatea acelor abonamente\u2026)<\/p>\n\n\n\n<p>Pentru alte informa\u021bii \u2013 o pute\u021bi contacta pe Antigona (0722300171,\n<a href=\"mailto:aceacanica@yahoo.com\">aceacanica@yahoo.com<\/a>)<\/p>\n\n\n\n<p><em>Mul\u021bumim tuturor\ncelor care au contribuit la aceast\u0103 realizare (\u00een frunte, desigur, cu Cip!)<\/em><\/p>\n\n\n\n<p><em>\u0218i v\u0103 mul\u021bumim \u0219i dvs. pentru interes!<\/em><\/p>\n","protected":false},"excerpt":{"rendered":"<p>V\u0103 invit\u0103m pe noul nostru site, https:\/\/elila.ro V\u0103 invit\u0103m s\u0103 \u0219i cump\u0103ra\u021bi c\u00e2te ceva, g\u0103si\u021bi acolo materialele \u0218colii (c\u0103r\u021bi, \u00eenregistr\u0103ri audio \u0219i video), iar site-ul va fi \u00een continuare alimentat. Procedura de cump\u0103rare este asem\u0103n\u0103toare cu a altor site-uri de v\u00e2nz\u0103ri: coresponden\u021b\u0103 cu cump\u0103r\u0103torul, factur\u0103 pro forma, plata cu cardul, etc. Site-ul se adreseaz\u0103 publicului [&hellip;]<\/p>\n","protected":false},"author":1,"featured_media":3935,"parent":0,"menu_order":0,"comment_status":"closed","ping_status":"closed","template":"","meta":[],"_links":{"self":[{"href":"https:\/\/lila-spirit.ro\/wp\/index.php?rest_route=\/wp\/v2\/pages\/3932"}],"collection":[{"href":"https:\/\/lila-spirit.ro\/wp\/index.php?rest_route=\/wp\/v2\/pages"}],"about":[{"href":"https:\/\/lila-spirit.ro\/wp\/index.php?rest_route=\/wp\/v2\/types\/page"}],"author":[{"embeddable":true,"href":"https:\/\/lila-spirit.ro\/wp\/index.php?rest_route=\/wp\/v2\/users\/1"}],"replies":[{"embeddable":true,"href":"https:\/\/lila-spirit.ro\/wp\/index.php?rest_route=%2Fwp%2Fv2%2Fcomments&post=3932"}],"version-history":[{"count":1,"href":"https:\/\/lila-spirit.ro\/wp\/index.php?rest_route=\/wp\/v2\/pages\/3932\/revisions"}],"predecessor-version":[{"id":3933,"href":"https:\/\/lila-spirit.ro\/wp\/index.php?rest_route=\/wp\/v2\/pages\/3932\/revisions\/3933"}],"wp:featuredmedia":[{"embeddable":true,"href":"https:\/\/lila-spirit.ro\/wp\/index.php?rest_route=\/wp\/v2\/media\/3935"}],"wp:attachment":[{"href":"https:\/\/lila-spirit.ro\/wp\/index.php?rest_route=%2Fwp%2Fv2%2Fmedia&parent=3932"}],"curies":[{"name":"wp","href":"https:\/\/api.w.org\/{rel}","templated":true}]}}