{"id":439,"date":"2013-09-14T11:31:35","date_gmt":"2013-09-14T11:31:35","guid":{"rendered":"http:\/\/lila-spirit.ro\/wp\/?page_id=439"},"modified":"2016-09-16T13:54:58","modified_gmt":"2016-09-16T10:54:58","slug":"tablourile-mandale-lila","status":"publish","type":"page","link":"https:\/\/lila-spirit.ro\/wp\/?page_id=439","title":{"rendered":"TABLOURI \u0219i PUZZLE-uri cu mandale LiLA"},"content":{"rendered":"<p style=\"text-align: justify;\"><span style=\"color: #993366;\"><b>V\u0103 propunem c\u00e2teva TABLOURI imprimate cu o <span style=\"text-decoration: underline;\">combina\u021bie de Mandale<\/span>: <\/b><\/span><\/p>\n<p style=\"text-align: justify;\"><span style=\"color: #993366;\"><b>&#8211; mandalele <\/b><b>\u201c<\/b><b>Minte<\/b><b>\u201d <\/b><b>transmit informa\u021bii de cre\u0219tere a performan\u021belor intelectuale (aten\u021bie, capacitate de concentrare, memorie, etc.), dar \u00een acela\u0219i timp \u2013 de pace a min\u021bii, lini\u0219te interioar\u0103, \u00een\u021belegere, con\u0219tientizare&#8230;<\/b><\/span><\/p>\n<p style=\"text-align: justify;\"><span style=\"color: #993366;\"><b>&#8211; mandalele <\/b><b>\u201cIubire\u201d <\/b><b>aduc informa\u021bii de iubire, pace, iertare, compasiune, ajut\u0103 la deschiderea inimii, \u00een\u021belegere, acceptare, armonizare&#8230;<\/b><\/span><\/p>\n<p style=\"text-align: justify;\"><span style=\"color: #993366;\"><b>&#8211; mandalele pentru \u201cVindecare emo\u0163ional\u0103\u201d \u2013 ajut\u0103 la vindecarea emo\u0163iilor negative, aduc echilibru interior, pace, armonie. <\/b><\/span><\/p>\n<p style=\"text-align: justify;\"><span style=\"color: #993366;\"><b>&#8211; exist\u0103 o combina\u021bie de imagini care include mandalele pentru \u201dDependen\u021be\u201d, de orice natur\u0103&#8230;<\/b><\/span><\/p>\n<p style=\"text-align: justify;\"><span style=\"color: #993366;\"><b>\u00a0<\/b><b>Tablourile \u2013 mandale se adreseaz\u0103 oric\u0103ror persoane, put\u00e2nd fi expuse \u00een apartamente, dar \u0219i \u00een spa\u021biile publice, ajut\u00e2nd la armonizarea energetic\u0103 a locurilor respective. <\/b><\/span><\/p>\n<p style=\"text-align: justify;\"><span style=\"color: #008080;\"><strong>Acelea\u0219i combina\u021bii le ve\u021bi reg\u0103si imprimate pe puzzle-uri cu mandale; informa\u021bia din mandale se transfer\u0103 \u00een timp ce lucr\u0103m cu puzzle-ul&#8230; Acesta va func\u021biona mai apoi &#8211; ca un tablou.<\/strong><\/span><\/p>\n<p style=\"text-align: justify;\"><span style=\"color: #993366;\"><b>\u00a0<a href=\"https:\/\/lila-spirit.ro\/wp\/wp-content\/uploads\/2016\/09\/PM-3.jpg\"><img loading=\"lazy\" class=\"aligncenter size-large wp-image-3031\" src=\"https:\/\/lila-spirit.ro\/wp\/wp-content\/uploads\/2016\/09\/PM-3-1024x718.jpg\" alt=\"pm-3\" width=\"1024\" height=\"718\" \/><\/a><\/b><\/span><\/p>\n<address><span style=\"color: #000080;\"><i>Pentru \u00eentreb\u0103ri, detalii \u0219i comenzi v\u0103 pute\u0163i adresa la <\/i><strong><i><a href=\"mailto:mandale.lila@yahoo.com\" target=\"_blank\"><span style=\"color: #000080;\">mandale.lila@yahoo.com<\/span><\/a><\/i><\/strong><i><\/i><i>\u00a0sau direct din magazin:<\/i><strong><i> <span style=\"text-decoration: underline;\">http:\/\/mandalashop.lila-spirit.ro<\/span>,<\/i><\/strong><i> unde ve\u021bi g\u0103si mult mai multe imagini.<\/i><\/span><\/address>\n<address>\u00a0<\/address>\n<address><span style=\"color: #000080;\"><i>Distribuitori, preturi, alte detalii &#8211; le g\u0103si\u021bi pe prima pagin\u0103,\u00a0 <a href=\"http:\/\/lila-spirit.ro\/wp\/?page_id=187 \"><span style=\"color: #000080;\"><strong>Generalit\u0103\u021bi despre mandalele LiLA.<\/strong><\/span><\/a><\/i><\/span><\/address>\n<address>\u00a0<\/address>\n<address><a href=\"https:\/\/lila-spirit.ro\/wp\/wp-content\/uploads\/2016\/09\/Tablou-nou-1.jpg\"><img loading=\"lazy\" class=\"aligncenter wp-image-3046 size-full\" src=\"https:\/\/lila-spirit.ro\/wp\/wp-content\/uploads\/2016\/09\/Tablou-nou-1.jpg\" alt=\"tablou-nou-1\" width=\"1014\" height=\"712\" srcset=\"https:\/\/lila-spirit.ro\/wp\/wp-content\/uploads\/2016\/09\/Tablou-nou-1.jpg 1014w, https:\/\/lila-spirit.ro\/wp\/wp-content\/uploads\/2016\/09\/Tablou-nou-1-300x211.jpg 300w, https:\/\/lila-spirit.ro\/wp\/wp-content\/uploads\/2016\/09\/Tablou-nou-1-768x539.jpg 768w\" sizes=\"(max-width: 1014px) 100vw, 1014px\" \/><\/a> <a href=\"https:\/\/lila-spirit.ro\/wp\/wp-content\/uploads\/2016\/09\/Tablou-nou-2.jpg\"><img loading=\"lazy\" class=\"aligncenter size-full wp-image-3047\" src=\"https:\/\/lila-spirit.ro\/wp\/wp-content\/uploads\/2016\/09\/Tablou-nou-2.jpg\" alt=\"tablou-nou-2\" width=\"1014\" height=\"712\" srcset=\"https:\/\/lila-spirit.ro\/wp\/wp-content\/uploads\/2016\/09\/Tablou-nou-2.jpg 1014w, https:\/\/lila-spirit.ro\/wp\/wp-content\/uploads\/2016\/09\/Tablou-nou-2-300x211.jpg 300w, https:\/\/lila-spirit.ro\/wp\/wp-content\/uploads\/2016\/09\/Tablou-nou-2-768x539.jpg 768w\" sizes=\"(max-width: 1014px) 100vw, 1014px\" \/><\/a> <a href=\"https:\/\/lila-spirit.ro\/wp\/wp-content\/uploads\/2016\/09\/Tablou-nou-3.jpg\"><img loading=\"lazy\" class=\"aligncenter size-full wp-image-3048\" src=\"https:\/\/lila-spirit.ro\/wp\/wp-content\/uploads\/2016\/09\/Tablou-nou-3.jpg\" alt=\"tablou-nou-3\" width=\"1014\" height=\"713\" \/><\/a>\u00a0<\/address>\n<address>\u00a0<\/address>\n<address>\u00a0<\/address>\n<address><b><i>\u00a0<\/i><\/b><span style=\"color: #ff0000;\"><b><i>Aten\u021bie:<\/i><\/b><\/span><span style=\"color: #ff0000;\"><b><i>* mandalele copiate nu au acela\u015fi con\u0163inut informa\u0163ional \u015fi nu func\u0163ioneaz\u0103\u2026\u00a0<\/i><\/b><b> <\/b><b><i><\/i><\/b><\/span><span style=\"color: #ff0000;\"><b><i>** mandalele sunt manufacturate \u015f<\/i><\/b><b><i>i necesit\u0103 delicate\u0163e \u00een manevrare&#8230; <\/i><\/b><b> <\/b><\/span><\/p>\n<p><span style=\"color: #ff0000;\"><em><strong>*** mandalele NU \u00eenlocuiesc tratamentele medicale prescrise!<\/strong><\/em><\/span><\/p>\n<p><b><i><span style=\"color: #ff0000;\">**** LiLA este marc\u0103 \u00eenregistrat\u0103\u2026<\/span> <\/i><\/b><\/p>\n<\/address>\n","protected":false},"excerpt":{"rendered":"<p>V\u0103 propunem c\u00e2teva TABLOURI imprimate cu o combina\u021bie de Mandale: &#8211; mandalele \u201cMinte\u201d transmit informa\u021bii de cre\u0219tere a performan\u021belor intelectuale (aten\u021bie, capacitate de concentrare, memorie, etc.), dar \u00een acela\u0219i timp \u2013 de pace a min\u021bii, lini\u0219te interioar\u0103, \u00een\u021belegere, con\u0219tientizare&#8230; &#8211; mandalele \u201cIubire\u201d aduc informa\u021bii de iubire, pace, iertare, compasiune, ajut\u0103 la deschiderea inimii, \u00een\u021belegere, acceptare, [&hellip;]<\/p>\n","protected":false},"author":1,"featured_media":3046,"parent":187,"menu_order":0,"comment_status":"closed","ping_status":"closed","template":"","meta":[],"_links":{"self":[{"href":"https:\/\/lila-spirit.ro\/wp\/index.php?rest_route=\/wp\/v2\/pages\/439"}],"collection":[{"href":"https:\/\/lila-spirit.ro\/wp\/index.php?rest_route=\/wp\/v2\/pages"}],"about":[{"href":"https:\/\/lila-spirit.ro\/wp\/index.php?rest_route=\/wp\/v2\/types\/page"}],"author":[{"embeddable":true,"href":"https:\/\/lila-spirit.ro\/wp\/index.php?rest_route=\/wp\/v2\/users\/1"}],"replies":[{"embeddable":true,"href":"https:\/\/lila-spirit.ro\/wp\/index.php?rest_route=%2Fwp%2Fv2%2Fcomments&post=439"}],"version-history":[{"count":14,"href":"https:\/\/lila-spirit.ro\/wp\/index.php?rest_route=\/wp\/v2\/pages\/439\/revisions"}],"predecessor-version":[{"id":3052,"href":"https:\/\/lila-spirit.ro\/wp\/index.php?rest_route=\/wp\/v2\/pages\/439\/revisions\/3052"}],"up":[{"embeddable":true,"href":"https:\/\/lila-spirit.ro\/wp\/index.php?rest_route=\/wp\/v2\/pages\/187"}],"wp:featuredmedia":[{"embeddable":true,"href":"https:\/\/lila-spirit.ro\/wp\/index.php?rest_route=\/wp\/v2\/media\/3046"}],"wp:attachment":[{"href":"https:\/\/lila-spirit.ro\/wp\/index.php?rest_route=%2Fwp%2Fv2%2Fmedia&parent=439"}],"curies":[{"name":"wp","href":"https:\/\/api.w.org\/{rel}","templated":true}]}}