{"id":471,"date":"2013-09-14T11:39:11","date_gmt":"2013-09-14T11:39:11","guid":{"rendered":"http:\/\/lila-spirit.ro\/wp\/?page_id=471"},"modified":"2016-09-16T11:37:17","modified_gmt":"2016-09-16T08:37:17","slug":"ceasurile-mandale-lila","status":"publish","type":"page","link":"https:\/\/lila-spirit.ro\/wp\/?page_id=471","title":{"rendered":"CEASURILE &#8211; Mandale LiLA"},"content":{"rendered":"<p style=\"text-align: justify;\"><span style=\"color: #993366;\"><b>V\u0103 propunem c\u00e2teva Mandale &#8211;\u00a0CEASURI imprimate pe pl\u0103ci de faian\u021b\u0103 (de 20\/20 cm) cu : <\/b><\/span><\/p>\n<ul>\n<li style=\"text-align: justify;\"><span style=\"color: #993366;\"><b>mandalele <\/b><b>\u201cIubire\u201d, care <\/b><b>aduc informa\u021bii de iubire, pace, iertare, compasiune, ajut\u0103 la deschiderea inimii, \u00een\u021belegere, acceptare, armonizare&#8230;<\/b><\/span><\/li>\n<li style=\"text-align: justify;\"><span style=\"color: #993366;\"><b>mandalele \u201dCon\u0219tientizare\u201d, care ajut\u0103 la accesarea subcon\u0219tientului, la revelarea propriilor adev\u0103ruri \u0219i probleme, la propria <i>reg\u0103sire de sine<\/i>&#8230; Ajut\u0103 la \u00een\u021belegerea \u0219i con\u0219tientizarea cauzelor profunde \u0219i mecanismelor de func\u021bionare ale fiec\u0103rei individualit\u0103\u021bi, la acceptare, la curajul de a face schimb\u0103rile \u0219i de a merge \u00eenainte&#8230;<\/b><\/span><\/li>\n<\/ul>\n<ul>\n<li style=\"text-align: justify;\"><span style=\"color: #993366;\"><strong>mandalele \u201dArmonie- evolu\u021bie\u201d, sau \u201dMinte\u201d&#8230;<\/strong><\/span><\/li>\n<\/ul>\n<p style=\"text-align: justify;\"><span style=\"color: #993366;\"><b>Ceasurile \u2013 mandale se adreseaz\u0103 oric\u0103ror persoane, put\u00e2nd fi expuse \u00een apartamente, dar \u0219i \u00een spa\u021biile publice, ajut\u00e2nd la armonizarea energetic\u0103 a locurilor \u0219i persoanelor respective. <\/b><\/span><\/p>\n<p style=\"text-align: justify;\"><span style=\"color: #993366;\"><b>\u00a0<\/b><b>La cerere, pot fi ad\u0103ugate \u00een compozi\u021biile respective, mandale pentru \u201dCur\u0103\u021bare\u201d, \u201dProtec\u021bie\u201d,<\/b><b> \u201dDependen\u021be\u201d, \u201dVindecare emo\u021bional\u0103\u201d, \u201dMinte\u201d, etc<\/b><b>.<\/b><\/span><\/p>\n<address><span style=\"color: #000080;\">\u00a0<i>Pentru \u00eentreb\u0103ri, detalii \u0219i comenzi v\u0103 pute\u0163i adresa la <\/i><strong><i><a href=\"mailto:mandale.lila@yahoo.com\" target=\"_blank\"><span style=\"color: #000080;\">mandale.lila@yahoo.com<\/span><\/a><\/i><\/strong><i>,\u00a0 sau pute\u021bi comanda direct &#8211; din magazinul nostru <a href=\"http:\/\/mandalashop.lila-spirit.ro\"><strong>http:\/\/mandalashop.lila-spirit.ro<\/strong><\/a><br \/>\n<\/i><\/span><\/address>\n<address><span style=\"color: #000080;\"><i>Pre\u021burile \u0219i alte detalii &#8211; le g\u0103si\u021bi pe prima pagin\u0103,\u00a0 <a href=\"http:\/\/lila-spirit.ro\/wp\/?page_id=187 \"><span style=\"color: #000080;\"><strong>Generalit\u0103\u021bi despre mandalele LiLA.<\/strong><\/span><\/a><\/i><\/span><\/address>\n<address>\u00a0<\/address>\n<address><a href=\"https:\/\/lila-spirit.ro\/wp\/wp-content\/uploads\/2015\/03\/C-1.jpg\"><img loading=\"lazy\" class=\"aligncenter wp-image-3012 size-full\" src=\"https:\/\/lila-spirit.ro\/wp\/wp-content\/uploads\/2015\/03\/C-1.jpg\" alt=\"c-1\" width=\"643\" height=\"483\" srcset=\"https:\/\/lila-spirit.ro\/wp\/wp-content\/uploads\/2015\/03\/C-1.jpg 643w, https:\/\/lila-spirit.ro\/wp\/wp-content\/uploads\/2015\/03\/C-1-300x225.jpg 300w\" sizes=\"(max-width: 643px) 100vw, 643px\" \/><\/a> <a href=\"https:\/\/lila-spirit.ro\/wp\/wp-content\/uploads\/2015\/03\/C-5.jpg\"><img loading=\"lazy\" class=\"aligncenter size-full wp-image-3011\" src=\"https:\/\/lila-spirit.ro\/wp\/wp-content\/uploads\/2015\/03\/C-5.jpg\" alt=\"c-5\" width=\"640\" height=\"481\" srcset=\"https:\/\/lila-spirit.ro\/wp\/wp-content\/uploads\/2015\/03\/C-5.jpg 640w, https:\/\/lila-spirit.ro\/wp\/wp-content\/uploads\/2015\/03\/C-5-300x225.jpg 300w\" sizes=\"(max-width: 640px) 100vw, 640px\" \/><\/a> <a href=\"https:\/\/lila-spirit.ro\/wp\/wp-content\/uploads\/2015\/03\/C-9.jpg\"><img loading=\"lazy\" class=\"aligncenter size-full wp-image-3010\" src=\"https:\/\/lila-spirit.ro\/wp\/wp-content\/uploads\/2015\/03\/C-9.jpg\" alt=\"c-9\" width=\"642\" height=\"482\" srcset=\"https:\/\/lila-spirit.ro\/wp\/wp-content\/uploads\/2015\/03\/C-9.jpg 642w, https:\/\/lila-spirit.ro\/wp\/wp-content\/uploads\/2015\/03\/C-9-300x225.jpg 300w\" sizes=\"(max-width: 642px) 100vw, 642px\" \/><\/a> <a href=\"https:\/\/lila-spirit.ro\/wp\/wp-content\/uploads\/2015\/03\/C-3.jpg\"><img loading=\"lazy\" class=\"aligncenter size-full wp-image-3009\" src=\"https:\/\/lila-spirit.ro\/wp\/wp-content\/uploads\/2015\/03\/C-3.jpg\" alt=\"c-3\" width=\"642\" height=\"482\" srcset=\"https:\/\/lila-spirit.ro\/wp\/wp-content\/uploads\/2015\/03\/C-3.jpg 642w, https:\/\/lila-spirit.ro\/wp\/wp-content\/uploads\/2015\/03\/C-3-300x225.jpg 300w\" sizes=\"(max-width: 642px) 100vw, 642px\" \/><\/a><\/address>\n<p><i>\u00a0<\/i><\/p>\n<p>&nbsp;<\/p>\n<div id=\"kpm_content_wrapper\" class=\"notranslate\"><\/div>\n","protected":false},"excerpt":{"rendered":"<p>V\u0103 propunem c\u00e2teva Mandale &#8211;\u00a0CEASURI imprimate pe pl\u0103ci de faian\u021b\u0103 (de 20\/20 cm) cu : mandalele \u201cIubire\u201d, care aduc informa\u021bii de iubire, pace, iertare, compasiune, ajut\u0103 la deschiderea inimii, \u00een\u021belegere, acceptare, armonizare&#8230; mandalele \u201dCon\u0219tientizare\u201d, care ajut\u0103 la accesarea subcon\u0219tientului, la revelarea propriilor adev\u0103ruri \u0219i probleme, la propria reg\u0103sire de sine&#8230; Ajut\u0103 la \u00een\u021belegerea \u0219i con\u0219tientizarea [&hellip;]<\/p>\n","protected":false},"author":1,"featured_media":0,"parent":187,"menu_order":0,"comment_status":"closed","ping_status":"closed","template":"","meta":[],"_links":{"self":[{"href":"https:\/\/lila-spirit.ro\/wp\/index.php?rest_route=\/wp\/v2\/pages\/471"}],"collection":[{"href":"https:\/\/lila-spirit.ro\/wp\/index.php?rest_route=\/wp\/v2\/pages"}],"about":[{"href":"https:\/\/lila-spirit.ro\/wp\/index.php?rest_route=\/wp\/v2\/types\/page"}],"author":[{"embeddable":true,"href":"https:\/\/lila-spirit.ro\/wp\/index.php?rest_route=\/wp\/v2\/users\/1"}],"replies":[{"embeddable":true,"href":"https:\/\/lila-spirit.ro\/wp\/index.php?rest_route=%2Fwp%2Fv2%2Fcomments&post=471"}],"version-history":[{"count":10,"href":"https:\/\/lila-spirit.ro\/wp\/index.php?rest_route=\/wp\/v2\/pages\/471\/revisions"}],"predecessor-version":[{"id":3040,"href":"https:\/\/lila-spirit.ro\/wp\/index.php?rest_route=\/wp\/v2\/pages\/471\/revisions\/3040"}],"up":[{"embeddable":true,"href":"https:\/\/lila-spirit.ro\/wp\/index.php?rest_route=\/wp\/v2\/pages\/187"}],"wp:attachment":[{"href":"https:\/\/lila-spirit.ro\/wp\/index.php?rest_route=%2Fwp%2Fv2%2Fmedia&parent=471"}],"curies":[{"name":"wp","href":"https:\/\/api.w.org\/{rel}","templated":true}]}}