{"id":822,"date":"2013-09-16T06:50:36","date_gmt":"2013-09-16T06:50:36","guid":{"rendered":"http:\/\/lila-spirit.ro\/wp\/?page_id=822"},"modified":"2013-09-16T06:50:36","modified_gmt":"2013-09-16T06:50:36","slug":"taberele-sunt-diferite","status":"publish","type":"page","link":"https:\/\/lila-spirit.ro\/wp\/?page_id=822","title":{"rendered":"&#8230;taberele sunt diferite"},"content":{"rendered":"<p style=\"text-align: justify;\">M\u0103 simt datoare cu ceva explica\u021bii&#8230; asta pentru c\u0103 p\u00e2n\u0103 acum&#8230; se pare c\u0103 nu s-a \u00een\u021beles!<\/p>\n<p style=\"text-align: justify;\">Nu s-a \u00een\u021beles de fapt nici m\u0103car scopul taberelor, dar\u0103mite ceea ce se \u00eent\u00e2mpl\u0103 acolo&#8230;<\/p>\n<p style=\"text-align: justify;\">\u0218i de ce oare? Pentru c\u0103 lumea proiecteaz\u0103, are a\u0219tept\u0103ri, \u0219i fiecare dore\u0219te ca \u00een tab\u0103ra respectiv\u0103 s\u0103 se \u00eent\u00e2mple <b><i>ceea ce vrea el<\/i><\/b>, spre \u00eendeplinirea <b><i>dorin\u021belor sale<\/i><\/b> \u0219i, bine-n\u021beles, la modul cel mai subtil, <i>pentru valorizarea ego-ului s\u0103u<\/i>..<\/p>\n<p style=\"text-align: justify;\">Ori scopul taberelor nu este deloc acesta, ci dimpotriv\u0103, taberele \u0219i-ar propune ca \u0219i obiectiv &#8211; tocmai \u00een\u021belegerea unor lucruri legate de acest ego, tocmai dezidentificarea de el, tocmai dez-ata\u0219area de cele cunoscute (materiale, mentale, emo\u021bionale, adic\u0103 = mereu, egotice!)<\/p>\n<p style=\"text-align: justify;\">Ori asta este dificil, presupune \u00een\u021belegere, r\u0103bdare, \u00eencredere, tenacitate&#8230;<\/p>\n<p style=\"text-align: justify;\">\u0218i ajungem din nou la \u00eentrebarea: oare chiar \u00ee\u021bi dore\u0219ti o cale spiritual\u0103??<\/p>\n<p style=\"text-align: justify;\">Pentru c\u0103 asta este condi\u021bia sine qua non pentru a urma o cale spiritual\u0103! F\u0103r\u0103 asta nu exist\u0103 o cale spiritual\u0103! Exist\u0103 wellness, vegetarianism, mi\u0219care, condi\u021bie fizic\u0103, tehnici psihoterapeutice, desigur, diverse vindec\u0103ri, fizice, mentale, emo\u021bionale, ale trecutului, ale rela\u021biilor, etc., desigur, foarte bune \u0219i ele, minunate&#8230; dar asta nu e cale spiritual\u0103!<\/p>\n<p style=\"text-align: justify;\">\u0218i tocmai de aceea sunt multe tabere: <i>pentru c\u0103 e nevoie de repeti\u021bie, de munc\u0103, de tenacitate! <\/i>E o munc\u0103 de o via\u021b\u0103, nu ajunge o tab\u0103r\u0103 de c\u00e2teva zile, \u0219i gata, s-au rezolvat toate problemele&#8230;<\/p>\n<p style=\"text-align: justify;\"><b><i>Taberele sunt diferite ca \u0219i form\u0103<\/i><\/b>, \u0219i aici din nou intr\u0103 proiec\u021bia mental\u0103 a fiec\u0103ruia, \u00een joc: \u201ddata trecut\u0103 am f\u0103cut&#8230; nu \u0219tiu ce\u201d, \u201dde ce nu mai repet\u0103m&#8230; cutare\u201d&#8230;<\/p>\n<p style=\"text-align: justify;\">Taberele sunt diferite ca \u0219i form\u0103 &#8211; tocmai pentru a v\u0103 atrage aten\u021bia asupra acestui adev\u0103r simplu: VIA\u021aA e DIFERIT\u0102, de la un moment la altul \u0219i e DIFERIT\u0102 fa\u021b\u0103 de A\u0218TEPT\u0102RILE VOASTRE&#8230;. dar dac\u0103 reu\u0219e\u0219ti s\u0103 te abandonezi, s\u0103 ai \u00eencredere, atunci vei vedea minun\u0103\u021bia acestei diversit\u0103\u021bi, precum \u0219i faptul c\u0103 totul este folositor, <b>DIN ORICE se POATE \u00ceNV\u0102\u021aA c\u00e2te CEVA, TOTUL \u00ee\u021bi SPUNE MEREU C\u00c2TE CEVA<\/b>&#8230; <strong>doar s\u0103 ascul\u021bi, doar s\u0103 fii atent \u00een jur&#8230; <\/strong><i>dar pentru asta trebuie s\u0103 fii deschis, receptiv, \u00eencrez\u0103tor&#8230; ne-egotic!<\/i><\/p>\n<p style=\"text-align: justify;\">Taberele sunt diferite ca \u0219i form\u0103 &#8211; \u0219i pentru c\u0103 participan\u021bii sunt diferi\u021bi, au structuri mentale, emo\u021bionale diferite \u0219i au nevoi diferite&#8230; Taberele se (auto-) structureaz\u0103 \u0219i \u00een func\u021bie de participan\u021bi&#8230; Care e \u00eenv\u0103\u021b\u0103tura? Cu c\u00e2t sunte\u021bi mai armonio\u0219i, cu at\u00e2t vor fi \u0219i taberele mai armonioase (\u0219i invers, desigur!). <b>Tab\u0103ra este pentru fiecare \u2013 OGLINDA LUI!<\/b><\/p>\n<p style=\"text-align: justify;\">Taberele sunt diferite ca \u0219i form\u0103 &#8211; <b>TOCMAI PENTRU a v\u0103 ATRAGE ATEN\u021aIA ASUPRA MULTITUDINILOR de TEHNICI pe CARE le PUTEM \u00ceNV\u0102\u021aA \u0219i UTILIZA<\/b>&#8230;<\/p>\n<p style=\"text-align: justify;\">Adaptate, folosite a\u0219a cum trebuie, ele pot fi combinate&#8230; \u0219i toate duc spre acela\u0219i loc&#8230;<\/p>\n<p style=\"text-align: justify;\">Exist\u0103 medita\u021bie \u201dstatic\u0103\u201d, exist\u0103 medita\u021bie \u00een mi\u0219care, \u00een dans, exist\u0103 medita\u021bie \u00een lucrul cu Elementele&#8230;<\/p>\n<p style=\"text-align: justify;\">Dar din nou, pentru asta trebuie <b><i>s\u0103 vrei<\/i><\/b> s\u0103 \u00een\u021belegi, <i>s\u0103 vrei<\/i> s\u0103 experimentezi, <i>s\u0103 vrei<\/i> s\u0103 sim\u021bi, s\u0103 fii deschis&#8230;<\/p>\n<p style=\"text-align: justify;\">Chiar dac\u0103 nu \u00een\u021belegi tot ce se \u00eent\u00e2mpl\u0103 acolo, ai r\u0103bdare, f\u0103 c\u00e2te ceva din toate, dup\u0103 puterile tale&#8230; \u0219i \u00eencearc\u0103 s\u0103 ai \u00eencredere&#8230; \u0218i \u00eencet-\u00eencet, lucrurile se vor lega, vor c\u0103p\u0103ta o form\u0103, un sens, vei \u00eencepe s\u0103 \u00een\u021belegi, vei \u00eencepe s\u0103 sim\u021bi&#8230; vei \u00eencepe s\u0103 te transformi&#8230;<\/p>\n<p style=\"text-align: justify;\">Po\u021bi \u00eencepe cu acele <b><i>\u00cencerc\u0103ri LiLA<\/i><\/b>: m\u0103car \u201d \u00cencearc\u0103 s\u0103 nu judeci&#8230;\u201d<\/p>\n<p style=\"text-align: justify;\">\u00a0Indra<\/p>\n<p style=\"text-align: justify;\">\u00a0<i>P.S.: \u0218i\u00a0ar mai fi\u00a0ceva (ar mai fi multe<\/i><i>): de fiecare dat\u0103 anun\u021b\u0103m tipul taberei: \u201dmai multe drume\u021bii&#8230;\u201d, \u201dcondi\u021bie fizic\u0103 necesar\u0103&#8230;\u201d, \u201dechipamentul obligatoriu&#8230;\u201d, \u201dstrictul necesar&#8230;\u201d, \u201dpractic\u0103 intensiv\u0103 de&#8230;\u201d, etc&#8230;. <\/i><i><\/i><\/p>\n<p style=\"text-align: justify;\"><i>Totul este <\/i><b><i><span style=\"text-decoration: underline;\">s\u0103 citi\u021bi\u00a0<\/span><\/i><\/b><b><i>\u00a0<\/i><\/b><i>anun\u021bul&#8230;. (\u0219i s\u0103 nu-l reinterpreta\u021bi prin prisma dorin\u021belor \u0219i a\u0219tept\u0103rilor voastre&#8230; <\/i><i> <\/i><i>)<\/i><i><\/i><\/p>\n<p style=\"text-align: justify;\">\n<p style=\"text-align: justify;\">\n","protected":false},"excerpt":{"rendered":"<p>M\u0103 simt datoare cu ceva explica\u021bii&#8230; asta pentru c\u0103 p\u00e2n\u0103 acum&#8230; se pare c\u0103 nu s-a \u00een\u021beles! Nu s-a \u00een\u021beles de fapt nici m\u0103car scopul taberelor, dar\u0103mite ceea ce se \u00eent\u00e2mpl\u0103 acolo&#8230; \u0218i de ce oare? Pentru c\u0103 lumea proiecteaz\u0103, are a\u0219tept\u0103ri, \u0219i fiecare dore\u0219te ca \u00een tab\u0103ra respectiv\u0103 s\u0103 se \u00eent\u00e2mple ceea ce vrea [&hellip;]<\/p>\n","protected":false},"author":1,"featured_media":0,"parent":36,"menu_order":0,"comment_status":"closed","ping_status":"open","template":"","meta":[],"_links":{"self":[{"href":"https:\/\/lila-spirit.ro\/wp\/index.php?rest_route=\/wp\/v2\/pages\/822"}],"collection":[{"href":"https:\/\/lila-spirit.ro\/wp\/index.php?rest_route=\/wp\/v2\/pages"}],"about":[{"href":"https:\/\/lila-spirit.ro\/wp\/index.php?rest_route=\/wp\/v2\/types\/page"}],"author":[{"embeddable":true,"href":"https:\/\/lila-spirit.ro\/wp\/index.php?rest_route=\/wp\/v2\/users\/1"}],"replies":[{"embeddable":true,"href":"https:\/\/lila-spirit.ro\/wp\/index.php?rest_route=%2Fwp%2Fv2%2Fcomments&post=822"}],"version-history":[{"count":1,"href":"https:\/\/lila-spirit.ro\/wp\/index.php?rest_route=\/wp\/v2\/pages\/822\/revisions"}],"predecessor-version":[{"id":823,"href":"https:\/\/lila-spirit.ro\/wp\/index.php?rest_route=\/wp\/v2\/pages\/822\/revisions\/823"}],"up":[{"embeddable":true,"href":"https:\/\/lila-spirit.ro\/wp\/index.php?rest_route=\/wp\/v2\/pages\/36"}],"wp:attachment":[{"href":"https:\/\/lila-spirit.ro\/wp\/index.php?rest_route=%2Fwp%2Fv2%2Fmedia&parent=822"}],"curies":[{"name":"wp","href":"https:\/\/api.w.org\/{rel}","templated":true}]}}