{"id":916,"date":"2013-09-16T11:28:10","date_gmt":"2013-09-16T11:28:10","guid":{"rendered":"http:\/\/lila-spirit.ro\/wp\/?page_id=916"},"modified":"2016-09-15T15:17:12","modified_gmt":"2016-09-15T12:17:12","slug":"neti-neti","status":"publish","type":"page","link":"https:\/\/lila-spirit.ro\/wp\/?page_id=916","title":{"rendered":"Neti, neti&#8230;"},"content":{"rendered":"<!--[if lt IE 9]><script>document.createElement('audio');<\/script><![endif]-->\n<audio class=\"wp-audio-shortcode\" id=\"audio-916-1\" preload=\"none\" style=\"width: 100%;\" controls=\"controls\"><source type=\"audio\/mpeg\" src=\"http:\/\/lila-spirit.ro\/wp\/wp-content\/uploads\/2013\/09\/Neti-neti-192kbps.mp3?_=1\" \/><a href=\"http:\/\/lila-spirit.ro\/wp\/wp-content\/uploads\/2013\/09\/Neti-neti-192kbps.mp3\">http:\/\/lila-spirit.ro\/wp\/wp-content\/uploads\/2013\/09\/Neti-neti-192kbps.mp3<\/a><\/audio>\n<blockquote><p><strong>\u00a0Neti neti:<\/strong><\/p>\n<p>Este celebra fraz\u0103 a Upani\u015fadelor, a Advahutei Gita, a \u015fcolilor de Jnana yoga \u015fi Vedantine: \u201cnici acesta, nici acela\u2026\u201d<\/p>\n<p>Folosit\u0103 ca tehnic\u0103 de medita\u0163ie \u015fi dezidentificare, ea semnific\u0103 de fapt:\u201cnu sunt corpul acesta, nu sunt mintea, nu sunt emo\u0163iile, nu sunt ego-ul acesta\u2026\u201d<\/p>\n<p>De ce o nega\u0163ie?<\/p>\n<p>Pentru c\u0103 <strong><em>&#8220;\u00een cele din urm\u0103, starea de Bhairava (Realitatea Ultim\u0103, Realitatea Suprem\u0103) nu poate fi m\u0103surat\u0103 \u00een termeni de timp, spa\u021biu sau direc\u021bie, nu poate fi indicat\u0103 de c\u0103tre un atribut sau o denumire, nici descris\u0103 \u00een cuvinte&#8221;(14), <\/em><\/strong>ni se explic\u0103 \u00een<strong><em> Vijnana Bhairava Tantra. <\/em><\/strong><\/p>\n<p>\u015ei mai departe, <strong>\u201cpentru a se apropia de ea, practicantului nu-i r\u0103m\u00e2ne dec\u00e2t nega\u021bia: nici acesta, nici acela&#8230; Neti, neti&#8230; Astfel el va ajunge s\u0103 treac\u0103 dincolo de minte, dincolo de timp&#8230;\u201d<\/strong><\/p>\n<p>Apropierea de Natura ta real\u0103, de Esen\u0163a ta, de Starea de Brahman, de Absolut, nu se poate face dec\u00e2t elimin\u00e2ndu-te \u201cpe tine\u201d\u2026<\/p>\n<p>Care sunt pasii? Mai \u00eent\u00e2i \u2013 aflarea acestui adev\u0103r: dintr-o \u015fcoal\u0103, de la un maestru\u2026 mai apoi repetarea frazei, \u201cobi\u015fnuin\u0163a\u201d cu acest nou adev\u0103r\u2026 Apoi urmeaz\u0103 con\u015ftientizarea, viziunea din ce \u00een ce mai clar\u0103, apropierea\u2026 \u015ei \u00een cele din urm\u0103, experimentarea&#8230; c\u0103ci doar experimentarea are valoare, \u00een rest sunt doar cuvinte, doar etichete \u0219i noi construc\u021bii\u00a0mental-egotice&#8230;<\/p>\n<p><strong><em>\u201dCineva\u00a0 poate avea aceast\u0103 experien\u021b\u0103 interioar\u0103 (con\u0219tiin\u021ba st\u0103rii de Bhairava) doar atunci c\u00e2nd mintea este liber\u0103 de orice fluctua\u021bii sau construc\u021bii mentale. El poate experimenta aceast\u0103 stare de beatitudine \u00een Sinele s\u0103u Suprem, Atman\u201d&#8230;(15)<\/em><\/strong><\/p>\n<p>Experimentarea se poate produce \u00eens\u0103 doar \u00eentr-o stare\u00a0non-mental\u0103&#8230; de unde tehnicile de oprire a dialogului interior, de \u201cdizolvare a min\u021bii\u201d&#8230; De unde medita\u0163ia cu mandala neti neti&#8230;<\/p>\n<p>&nbsp;<\/p>\n<p>Indra<\/p>\n<p>&nbsp;<\/p>\n<p style=\"text-align: center;\"><a href=\"http:\/\/lila-spirit.ro\/wp\/wp-content\/uploads\/2013\/09\/neti-5-centrat-450-pix.jpg\"><img loading=\"lazy\" class=\"alignnone size-full wp-image-2481\" src=\"http:\/\/lila-spirit.ro\/wp\/wp-content\/uploads\/2013\/09\/neti-5-centrat-450-pix.jpg\" alt=\"neti 5 centrat 450 pix\" width=\"450\" height=\"450\" srcset=\"https:\/\/lila-spirit.ro\/wp\/wp-content\/uploads\/2013\/09\/neti-5-centrat-450-pix.jpg 450w, https:\/\/lila-spirit.ro\/wp\/wp-content\/uploads\/2013\/09\/neti-5-centrat-450-pix-150x150.jpg 150w, https:\/\/lila-spirit.ro\/wp\/wp-content\/uploads\/2013\/09\/neti-5-centrat-450-pix-300x300.jpg 300w, https:\/\/lila-spirit.ro\/wp\/wp-content\/uploads\/2013\/09\/neti-5-centrat-450-pix-76x76.jpg 76w, https:\/\/lila-spirit.ro\/wp\/wp-content\/uploads\/2013\/09\/neti-5-centrat-450-pix-184x184.jpg 184w\" sizes=\"(max-width: 450px) 100vw, 450px\" \/><\/a><\/p>\n<\/blockquote>\n<div id=\"kpm_content_wrapper\" class=\"notranslate\"><\/div>\n","protected":false},"excerpt":{"rendered":"<p>\u00a0Neti neti: Este celebra fraz\u0103 a Upani\u015fadelor, a Advahutei Gita, a \u015fcolilor de Jnana yoga \u015fi Vedantine: \u201cnici acesta, nici acela\u2026\u201d Folosit\u0103 ca tehnic\u0103 de medita\u0163ie \u015fi dezidentificare, ea semnific\u0103 de fapt:\u201cnu sunt corpul acesta, nu sunt mintea, nu sunt emo\u0163iile, nu sunt ego-ul acesta\u2026\u201d De ce o nega\u0163ie? Pentru c\u0103 &#8220;\u00een cele din urm\u0103, [&hellip;]<\/p>\n","protected":false},"author":1,"featured_media":2481,"parent":216,"menu_order":0,"comment_status":"closed","ping_status":"open","template":"","meta":[],"_links":{"self":[{"href":"https:\/\/lila-spirit.ro\/wp\/index.php?rest_route=\/wp\/v2\/pages\/916"}],"collection":[{"href":"https:\/\/lila-spirit.ro\/wp\/index.php?rest_route=\/wp\/v2\/pages"}],"about":[{"href":"https:\/\/lila-spirit.ro\/wp\/index.php?rest_route=\/wp\/v2\/types\/page"}],"author":[{"embeddable":true,"href":"https:\/\/lila-spirit.ro\/wp\/index.php?rest_route=\/wp\/v2\/users\/1"}],"replies":[{"embeddable":true,"href":"https:\/\/lila-spirit.ro\/wp\/index.php?rest_route=%2Fwp%2Fv2%2Fcomments&post=916"}],"version-history":[{"count":17,"href":"https:\/\/lila-spirit.ro\/wp\/index.php?rest_route=\/wp\/v2\/pages\/916\/revisions"}],"predecessor-version":[{"id":2986,"href":"https:\/\/lila-spirit.ro\/wp\/index.php?rest_route=\/wp\/v2\/pages\/916\/revisions\/2986"}],"up":[{"embeddable":true,"href":"https:\/\/lila-spirit.ro\/wp\/index.php?rest_route=\/wp\/v2\/pages\/216"}],"wp:featuredmedia":[{"embeddable":true,"href":"https:\/\/lila-spirit.ro\/wp\/index.php?rest_route=\/wp\/v2\/media\/2481"}],"wp:attachment":[{"href":"https:\/\/lila-spirit.ro\/wp\/index.php?rest_route=%2Fwp%2Fv2%2Fmedia&parent=916"}],"curies":[{"name":"wp","href":"https:\/\/api.w.org\/{rel}","templated":true}]}}